{"id":97167,"date":"2025-09-25T09:46:38","date_gmt":"2025-09-25T09:46:38","guid":{"rendered":"https:\/\/e.kosmolat.eu\/?post_type=product&#038;p=97167"},"modified":"2026-03-01T07:28:29","modified_gmt":"2026-03-01T07:28:29","slug":"pasta-del-capitano-1905-balinosa-zobu-pasta-ar-sodu-75-ml","status":"publish","type":"product","link":"https:\/\/e.kosmolat.eu\/lt\/produktas\/pasta-del-capitano-1905-balinosa-zobu-pasta-ar-sodu-75-ml\/","title":{"rendered":"PASTA DEL CAPITANO 1905 Balinanti dant\u0173 pasta su soda, 75 ml"},"content":{"rendered":"<p>Optimalus sprendimas nat\u016braliam dant\u0173 baltumui palaikyti. Sud\u0117tyje yra Sulfetal Zn\u00ae molekul\u0117s su valomuoju cinko ir natrio bikarbonato poveikiu. \u0160velniai veikianti formul\u0117 ma\u017eina maisto ir g\u0117rim\u0173 d\u0117mes, tokias kaip kavos, arbatos ir raudonojo vyno p\u0117dsakai, kad j\u016bs\u0173 dantys visada i\u0161likt\u0173 balti ir blizgantys.<\/p>\n<p>Atsargumo priemon\u0117s: Vaikams iki 6 m. naudokite \u017eirnio dyd\u017eio kiek\u012f, steb\u0117kite, kad nenuryt\u0173. Po naudojimo sandariai u\u017esukite t\u016bbel\u0119. Pasirei\u0161kus alergijai, nutraukite naudojim\u0105. <\/p>\n<p>Geriausias iki, terminas po atidarymo yra nurodytas m\u0117nesiais, kuomet produktas laikomas teisingai ir normaliomis, numatytomis naudojimo s\u0105lygomis.<\/p>\n","protected":false},"excerpt":{"rendered":"<p>Optimalus sprendimas nat\u016braliam dant\u0173 baltumui palaikyti. Sud\u0117tyje yra Sulfetal Zn\u00ae molekul\u0117s su valomuoju cinko ir natrio bikarbonato poveikiu. \u0160velniai veikianti formul\u0117 ma\u017eina maisto ir g\u0117rim\u0173 d\u0117mes, tokias kaip kavos, arbatos ir raudonojo vyno p\u0117dsakai, kad j\u016bs\u0173 dantys visada i\u0161likt\u0173 balti ir blizgantys. Atsargumo priemon\u0117s: Vaikams iki 6 m. naudokite \u017eirnio dyd\u017eio kiek\u012f, steb\u0117kite, kad nenuryt\u0173. [&#8230;]\n","protected":false},"featured_media":97169,"template":"","meta":[],"product_cat":[1308],"product_tag":[],"class_list":{"0":"post-97167","1":"product","2":"type-product","3":"status-publish","4":"has-post-thumbnail","6":"product_brand-sale-lt","7":"product_cat-dantu-pastos-ir-geliai","9":"first","10":"instock","11":"taxable","12":"shipping-taxable","13":"product-type-simple"},"_links":{"self":[{"href":"https:\/\/e.kosmolat.eu\/lt\/wp-json\/wp\/v2\/product\/97167","targetHints":{"allow":["GET"]}}],"collection":[{"href":"https:\/\/e.kosmolat.eu\/lt\/wp-json\/wp\/v2\/product"}],"about":[{"href":"https:\/\/e.kosmolat.eu\/lt\/wp-json\/wp\/v2\/types\/product"}],"wp:featuredmedia":[{"embeddable":true,"href":"https:\/\/e.kosmolat.eu\/lt\/wp-json\/wp\/v2\/media\/97169"}],"wp:attachment":[{"href":"https:\/\/e.kosmolat.eu\/lt\/wp-json\/wp\/v2\/media?parent=97167"}],"wp:term":[{"taxonomy":"product_cat","embeddable":true,"href":"https:\/\/e.kosmolat.eu\/lt\/wp-json\/wp\/v2\/product_cat?post=97167"},{"taxonomy":"product_tag","embeddable":true,"href":"https:\/\/e.kosmolat.eu\/lt\/wp-json\/wp\/v2\/product_tag?post=97167"}],"curies":[{"name":"wp","href":"https:\/\/api.w.org\/{rel}","templated":true}]}}