{"id":91772,"date":"2025-09-20T04:19:29","date_gmt":"2025-09-20T04:19:29","guid":{"rendered":"https:\/\/e.kosmolat.eu\/product\/revital-pro-sejas-mikstin-lidzsvaroj-visiem-adas-tip-200-ml\/"},"modified":"2025-09-20T04:19:38","modified_gmt":"2025-09-20T04:19:38","slug":"revital-pro-sejas-mikstin-lidzsvaroj-visiem-adas-tip-200-ml","status":"publish","type":"product","link":"https:\/\/e.kosmolat.eu\/lt\/produktas\/revital-pro-sejas-mikstin-lidzsvaroj-visiem-adas-tip-200-ml\/","title":{"rendered":"CLAIRE Revital Pro Odos mink\u0161tiklis balansuojantis vis\u0173 tip\u0173 odai, \u012fskaitant jautri\u0105, 200 ml"},"content":{"rendered":"<p>Balansuojantis mink&scaron;tiklis Revital Pro yra intensyvaus dr\u0117kinimo efekto produktas, kuris akimirksniu atkuria lipid\u0173 barjer\u0105 ir ramina od\u0105. Paruo&scaron;ia j\u012f kitam veido prie\u017ei\u016bros etapui, sudarydamas optimalias s\u0105lygas aktyvi\u0173 komponent\u0173 \u012fsiskverbimui.&nbsp;<\/p>\n<ul>\n<li><strong>Retinolis (vitaminas A)<\/strong> skatina l\u0105steli\u0173 atsinaujinim\u0105. Stiprina nuosavo kolageno, elastino, lipid\u0173 ir hialurono r\u016bg&scaron;ties gamyb\u0105, i&scaron;lygina odos mikroreljef\u0105 ir pagerina jos tonus\u0105: oda sutank\u0117ja, tampa elastingesn\u0117, suma\u017e\u0117ja rauk&scaron;li\u0173 gylis, i&scaron;silygina smulkios rauk&scaron;lel\u0117s.<\/li>\n<li><strong>Hialurono r\u016bg&scaron;tis<\/strong> palaiko optimal\u0173 odos vandens balans\u0105, saugo nuo i&scaron;saus\u0117jimo ir dr\u0117gm\u0117s praradimo. Pasi\u017eymi momentiniu lyginamuoju ir jauninamuoju poveikiu.&nbsp;<\/li>\n<li><strong>Niacinamidas (vitaminas B3)<\/strong> reguliuoja riebal\u0173 gamyb\u0105, gerina tonus\u0105, stangrum\u0105 ir elastingum\u0105. Atkuria odos barjerin\u0119 funkcij\u0105, neutralizuoja pleiskanojim\u0105 ir dehidratacij\u0105.&nbsp;<\/li>\n<li><strong>Alavij\u0173 ekstraktas <\/strong>dr\u0117kina od\u0105, prisotina j\u0105 vitaminais ir mikroelementais, daro j\u0105 stangri\u0105 ir elasting\u0105, ramina, dalyvauja l\u0105steli\u0173 atstatyme, jaunina ir didina apsaugines odos savybes. Sud\u0117tyje yra 97,8% nat\u016brali\u0173 ingredient\u0173.&nbsp;<\/li>\n<\/ul>\n<p>Sud\u0117tyje yra vitamino A. Prie&scaron; naudojant atsi\u017evelgti \u012f paros doz\u0119.<\/p>\n<p><strong>Naudojimas:<\/strong> u\u017etepkite produkt\u0105 ant vatos diskelio ir &scaron;velniai nuvalykite veid\u0105 i&scaron;ilgai masa\u017eo linij\u0173. Naudoti ryte ir vakare po odos valymo. Norint pasiekti maksimal\u0173 efekt\u0105, naudokite kartu su kitais Revital Pro produktais.<\/p>\n<p>Laikyti nuo +5 &deg;C iki +25 &deg;C temperat\u016broje.<\/p>\n<p><strong>Geriausias: <\/strong>36 m\u0117n. nuo pagaminimo datos<\/p>\n<p>\n&nbsp;<\/p>\n","protected":false},"excerpt":{"rendered":"<p>Balansuojantis mink&scaron;tiklis Revital Pro yra intensyvaus dr\u0117kinimo efekto produktas, kuris akimirksniu atkuria lipid\u0173 barjer\u0105 ir ramina od\u0105. Paruo&scaron;ia j\u012f kitam veido prie\u017ei\u016bros etapui, sudarydamas optimalias s\u0105lygas aktyvi\u0173 komponent\u0173 \u012fsiskverbimui.&nbsp; Retinolis (vitaminas A) skatina l\u0105steli\u0173 atsinaujinim\u0105. Stiprina nuosavo kolageno, elastino, lipid\u0173 ir hialurono r\u016bg&scaron;ties gamyb\u0105, i&scaron;lygina odos mikroreljef\u0105 ir pagerina jos tonus\u0105: oda sutank\u0117ja, tampa elastingesn\u0117, [&#8230;]\n","protected":false},"featured_media":91774,"template":"","meta":[],"product_cat":[1580],"product_tag":[],"class_list":{"0":"post-91772","1":"product","2":"type-product","3":"status-publish","4":"has-post-thumbnail","6":"product_brand-dilis-kosmetik_by-lt","7":"product_cat-losjonai-ir-tonikai","9":"first","10":"outofstock","11":"taxable","12":"shipping-taxable","13":"product-type-simple"},"_links":{"self":[{"href":"https:\/\/e.kosmolat.eu\/lt\/wp-json\/wp\/v2\/product\/91772","targetHints":{"allow":["GET"]}}],"collection":[{"href":"https:\/\/e.kosmolat.eu\/lt\/wp-json\/wp\/v2\/product"}],"about":[{"href":"https:\/\/e.kosmolat.eu\/lt\/wp-json\/wp\/v2\/types\/product"}],"wp:featuredmedia":[{"embeddable":true,"href":"https:\/\/e.kosmolat.eu\/lt\/wp-json\/wp\/v2\/media\/91774"}],"wp:attachment":[{"href":"https:\/\/e.kosmolat.eu\/lt\/wp-json\/wp\/v2\/media?parent=91772"}],"wp:term":[{"taxonomy":"product_cat","embeddable":true,"href":"https:\/\/e.kosmolat.eu\/lt\/wp-json\/wp\/v2\/product_cat?post=91772"},{"taxonomy":"product_tag","embeddable":true,"href":"https:\/\/e.kosmolat.eu\/lt\/wp-json\/wp\/v2\/product_tag?post=91772"}],"curies":[{"name":"wp","href":"https:\/\/api.w.org\/{rel}","templated":true}]}}