{"id":91036,"date":"2025-09-20T03:34:06","date_gmt":"2025-09-20T03:34:06","guid":{"rendered":"https:\/\/e.kosmolat.eu\/product\/7days-b-colour-ds-acu-enu-palete-9-toni-01-black-mamba-9o1-g\/"},"modified":"2025-09-20T03:34:14","modified_gmt":"2025-09-20T03:34:14","slug":"7days-b-colour-ds-acu-enu-palete-9-toni-01-black-mamba-9o1-g","status":"publish","type":"product","link":"https:\/\/e.kosmolat.eu\/lt\/produktas\/7days-b-colour-ds-acu-enu-palete-9-toni-01-black-mamba-9o1-g\/","title":{"rendered":"7DAYS B.Colour Dark Side aki\u0173 \u0161e\u0161\u0117li\u0173 palet\u0117 9 tonai \/ 01 Black Mamba, 9&#215;1 g"},"content":{"rendered":"<p>Universali palet\u0117 su 9 unikaliais ry&scaron;kiais ir neutraliais aki\u0173 &scaron;e&scaron;\u0117liais. Labai pigmentuotos, matin\u0117s ir blizgan\u010dios tekst\u016bros i&scaron;lieka vis\u0105 dien\u0105. Lengvai tepasi ir nesusivolioja.<\/p>\n<p><strong>Naudojimas: <\/strong>teptuku arba pir&scaron;t\u0173 galiukais u\u017etepkite aki\u0173 &scaron;e&scaron;\u0117lius. Prie&scaron; tepdami aki\u0173 &scaron;e&scaron;\u0117lius, naudokite pagrins\u0105 (primer) .<\/p>\n<p><strong>Atsargumo priemon\u0117s:<\/strong> tik i&scaron;oriniam naudojimui. Vengti patekimo \u012f akis. Patekus \u012f akis, praplauti dideliu kiekiu vandens ir kreiptis \u012f gydytoj\u0105. Nenaudokite, jei yra padid\u0117j\u0119s jautrumas atskiriems komponentams. Saugoti nuo vaik\u0173.<\/p>\n<p>Laikyti nuo +5 &deg;C iki +25 &deg;C temperat\u016broje, saugoti nuo tiesiogini\u0173 saul\u0117s spinduli\u0173.<br \/>\n&nbsp;<\/p>\n","protected":false},"excerpt":{"rendered":"<p>Universali palet\u0117 su 9 unikaliais ry&scaron;kiais ir neutraliais aki\u0173 &scaron;e&scaron;\u0117liais. Labai pigmentuotos, matin\u0117s ir blizgan\u010dios tekst\u016bros i&scaron;lieka vis\u0105 dien\u0105. Lengvai tepasi ir nesusivolioja. Naudojimas: teptuku arba pir&scaron;t\u0173 galiukais u\u017etepkite aki\u0173 &scaron;e&scaron;\u0117lius. Prie&scaron; tepdami aki\u0173 &scaron;e&scaron;\u0117lius, naudokite pagrins\u0105 (primer) . Atsargumo priemon\u0117s: tik i&scaron;oriniam naudojimui. Vengti patekimo \u012f akis. Patekus \u012f akis, praplauti dideliu kiekiu vandens [&#8230;]\n","protected":false},"featured_media":91038,"template":"","meta":[],"product_cat":[2181],"product_tag":[],"class_list":{"0":"post-91036","1":"product","2":"type-product","3":"status-publish","4":"has-post-thumbnail","6":"product_brand-7days_it-lt","7":"product_cat-bez-kategorijas-lt","9":"first","10":"outofstock","11":"taxable","12":"shipping-taxable","13":"product-type-simple"},"_links":{"self":[{"href":"https:\/\/e.kosmolat.eu\/lt\/wp-json\/wp\/v2\/product\/91036","targetHints":{"allow":["GET"]}}],"collection":[{"href":"https:\/\/e.kosmolat.eu\/lt\/wp-json\/wp\/v2\/product"}],"about":[{"href":"https:\/\/e.kosmolat.eu\/lt\/wp-json\/wp\/v2\/types\/product"}],"wp:featuredmedia":[{"embeddable":true,"href":"https:\/\/e.kosmolat.eu\/lt\/wp-json\/wp\/v2\/media\/91038"}],"wp:attachment":[{"href":"https:\/\/e.kosmolat.eu\/lt\/wp-json\/wp\/v2\/media?parent=91036"}],"wp:term":[{"taxonomy":"product_cat","embeddable":true,"href":"https:\/\/e.kosmolat.eu\/lt\/wp-json\/wp\/v2\/product_cat?post=91036"},{"taxonomy":"product_tag","embeddable":true,"href":"https:\/\/e.kosmolat.eu\/lt\/wp-json\/wp\/v2\/product_tag?post=91036"}],"curies":[{"name":"wp","href":"https:\/\/api.w.org\/{rel}","templated":true}]}}