{"id":83644,"date":"2025-09-19T20:08:12","date_gmt":"2025-09-19T20:08:12","guid":{"rendered":"https:\/\/e.kosmolat.eu\/product\/cz-acu-plakstinu-krems-barosana-17-ml\/"},"modified":"2025-09-19T20:08:20","modified_gmt":"2025-09-19T20:08:20","slug":"cz-acu-plakstinu-krems-barosana-17-ml","status":"publish","type":"product","link":"https:\/\/e.kosmolat.eu\/lt\/produktas\/cz-acu-plakstinu-krems-barosana-17-ml\/","title":{"rendered":"\u010cERNIJ \u017dEM\u010cUG Kremas vokams Maitinantis, 17 ml"},"content":{"rendered":"<p>&nbsp;Intensyvus maitinimas. Ekspres prie\u017ei\u016bra nuo mimikos rauk\u0161li\u0173. Tonizuoja od\u0105 ir at\u0161vie\u017eina \u017evilgsn\u012f. Pastebimai suma\u017eina paburkimus ir ir tamsius ratilus. Kolagenas yra b\u016btinas baltymas odai, tai pagrindin\u0117 statybin\u0117 med\u017eiaga. Susigeria akimirksniu. Nepalieka riebios pl\u0117vel\u0117s. Idealiai tinka kaip makia\u017eo pagrindas. Rekomenduojama nuo 25 met\u0173.<\/p>\n<p><strong>Kaip naudoti:<\/strong> ryte ir vakare paskirstykite krem\u0105 lengvais judesiais: nuo vidinio aki\u0173 kampo iki i\u0161orinio vok\u0173 kra\u0161to, netepkite \u0161alia blakstien\u0173, kad i\u0161vengtum\u0117te s\u0105ly\u010dio su akies gleivine. Jei padid\u0117ja odos jautrumas, atlikite individual\u0173 tolerancijos test\u0105: u\u017etepkite nedidel\u012f kremo kiek\u012f ant apatinio voko, tolygiai paskirstykite . Jei per 24 valandas dirginimas neatsiranda, naudokite taip, kaip nurodyta<\/p>\n<p>&nbsp;<\/p>\n<p>&nbsp;<\/p>\n","protected":false},"excerpt":{"rendered":"<p>&nbsp;Intensyvus maitinimas. Ekspres prie\u017ei\u016bra nuo mimikos rauk\u0161li\u0173. Tonizuoja od\u0105 ir at\u0161vie\u017eina \u017evilgsn\u012f. Pastebimai suma\u017eina paburkimus ir ir tamsius ratilus. Kolagenas yra b\u016btinas baltymas odai, tai pagrindin\u0117 statybin\u0117 med\u017eiaga. Susigeria akimirksniu. Nepalieka riebios pl\u0117vel\u0117s. Idealiai tinka kaip makia\u017eo pagrindas. Rekomenduojama nuo 25 met\u0173. Kaip naudoti: ryte ir vakare paskirstykite krem\u0105 lengvais judesiais: nuo vidinio aki\u0173 kampo [&#8230;]\n","protected":false},"featured_media":83646,"template":"","meta":[],"product_cat":[1590],"product_tag":[],"class_list":{"0":"post-83644","1":"product","2":"type-product","3":"status-publish","4":"has-post-thumbnail","6":"product_brand-unilever-rus-lt","7":"product_cat-paakiu-kremai","9":"first","10":"outofstock","11":"taxable","12":"shipping-taxable","13":"product-type-simple"},"_links":{"self":[{"href":"https:\/\/e.kosmolat.eu\/lt\/wp-json\/wp\/v2\/product\/83644","targetHints":{"allow":["GET"]}}],"collection":[{"href":"https:\/\/e.kosmolat.eu\/lt\/wp-json\/wp\/v2\/product"}],"about":[{"href":"https:\/\/e.kosmolat.eu\/lt\/wp-json\/wp\/v2\/types\/product"}],"wp:featuredmedia":[{"embeddable":true,"href":"https:\/\/e.kosmolat.eu\/lt\/wp-json\/wp\/v2\/media\/83646"}],"wp:attachment":[{"href":"https:\/\/e.kosmolat.eu\/lt\/wp-json\/wp\/v2\/media?parent=83644"}],"wp:term":[{"taxonomy":"product_cat","embeddable":true,"href":"https:\/\/e.kosmolat.eu\/lt\/wp-json\/wp\/v2\/product_cat?post=83644"},{"taxonomy":"product_tag","embeddable":true,"href":"https:\/\/e.kosmolat.eu\/lt\/wp-json\/wp\/v2\/product_tag?post=83644"}],"curies":[{"name":"wp","href":"https:\/\/api.w.org\/{rel}","templated":true}]}}