{"id":78154,"date":"2025-09-17T09:20:48","date_gmt":"2025-09-17T09:20:48","guid":{"rendered":"https:\/\/e.kosmolat.eu\/product\/sh-kompleksais-roku-un-nagu-krems-75-ml\/"},"modified":"2026-04-24T05:58:22","modified_gmt":"2026-04-24T05:58:22","slug":"sh-kompleksais-roku-un-nagu-krems-75-ml","status":"publish","type":"product","link":"https:\/\/e.kosmolat.eu\/lt\/produktas\/sh-kompleksais-roku-un-nagu-krems-75-ml\/","title":{"rendered":"SILKY HANDS Kompleksinis rank\u0173 ir nag\u0173 kremas, 75 ml"},"content":{"rendered":"<p>Sud\u0117tyje mineral\u0173 kompleksas, vitaminai A ir E. Speciali kremo formul\u0117 u\u017etikrina b\u016btin\u0105 rank\u0173 odos maitinim\u0105 ir dr\u0117kinim\u0105, padeda sustiprinti nagus ir sumink\u0161tinti odeles. Silk Oil Elixir formul\u0117 su mikroaliejais ir \u0161ilko proteinais, praturtinta mineral\u0173 kompleksu, apsaugo nuo \u012fbr\u0117\u017eim\u0173 ir padeda saugoti maniki\u016br\u0105. <\/p>\n<p>Naudojimas: tepkite ant \u0161varios, sausos odos, \u0161velniai masa\u017euokite, kol visi\u0161kai \u012fsigers. Naudokite pagal poreik\u012f. <\/p>\n<p>\u012esp\u0117jimas: sud\u0117tyje yra vitamino A. Prie\u0161 naudojant atsi\u017evelgti \u012f paros doz\u0119.<\/p>\n","protected":false},"excerpt":{"rendered":"<p>Sud\u0117tyje mineral\u0173 kompleksas, vitaminai A ir E. Speciali kremo formul\u0117 u\u017etikrina b\u016btin\u0105 rank\u0173 odos maitinim\u0105 ir dr\u0117kinim\u0105, padeda sustiprinti nagus ir sumink\u0161tinti odeles. Silk Oil Elixir formul\u0117 su mikroaliejais ir \u0161ilko proteinais, praturtinta mineral\u0173 kompleksu, apsaugo nuo \u012fbr\u0117\u017eim\u0173 ir padeda saugoti maniki\u016br\u0105. Naudojimas: tepkite ant \u0161varios, sausos odos, \u0161velniai masa\u017euokite, kol visi\u0161kai \u012fsigers. Naudokite pagal [&#8230;]\n","protected":false},"featured_media":78156,"template":"","meta":[],"product_cat":[1304],"product_tag":[],"class_list":{"0":"post-78154","1":"product","2":"type-product","3":"status-publish","4":"has-post-thumbnail","6":"product_brand-private-label-lt","7":"product_cat-ranku-prieziuros-kosmetika","9":"first","10":"instock","11":"taxable","12":"shipping-taxable","13":"product-type-simple"},"_links":{"self":[{"href":"https:\/\/e.kosmolat.eu\/lt\/wp-json\/wp\/v2\/product\/78154","targetHints":{"allow":["GET"]}}],"collection":[{"href":"https:\/\/e.kosmolat.eu\/lt\/wp-json\/wp\/v2\/product"}],"about":[{"href":"https:\/\/e.kosmolat.eu\/lt\/wp-json\/wp\/v2\/types\/product"}],"wp:featuredmedia":[{"embeddable":true,"href":"https:\/\/e.kosmolat.eu\/lt\/wp-json\/wp\/v2\/media\/78156"}],"wp:attachment":[{"href":"https:\/\/e.kosmolat.eu\/lt\/wp-json\/wp\/v2\/media?parent=78154"}],"wp:term":[{"taxonomy":"product_cat","embeddable":true,"href":"https:\/\/e.kosmolat.eu\/lt\/wp-json\/wp\/v2\/product_cat?post=78154"},{"taxonomy":"product_tag","embeddable":true,"href":"https:\/\/e.kosmolat.eu\/lt\/wp-json\/wp\/v2\/product_tag?post=78154"}],"curies":[{"name":"wp","href":"https:\/\/api.w.org\/{rel}","templated":true}]}}