{"id":78146,"date":"2025-09-17T09:06:49","date_gmt":"2025-09-17T09:06:49","guid":{"rendered":"https:\/\/e.kosmolat.eu\/product\/sh-mitrinoss-roku-krems-75-ml\/"},"modified":"2026-04-24T05:58:08","modified_gmt":"2026-04-24T05:58:08","slug":"sh-mitrinoss-roku-krems-75-ml","status":"publish","type":"product","link":"https:\/\/e.kosmolat.eu\/lt\/produktas\/sh-mitrinoss-roku-krems-75-ml\/","title":{"rendered":"SILKY HANDS Dr\u0117kinamasis rank\u0173 kremas, 75 ml"},"content":{"rendered":"<p>Su alyvuogi\u0173 aliejumi ir hialuronu. Lengvos tekst\u016bros, nelipnus ir neriebus. Intensyviai maitina od\u0105 dr\u0117gme ir apsaugo nuo i\u0161saus\u0117jimo dienos metu. Silk Oil Elixir formul\u0117 su mikroaliejais ir \u0161ilko proteinais sustiprina kremo veikim\u0105, aktyvina odos geb\u0117jim\u0105 i\u0161laikyti dr\u0117gm\u0119. Reguliarus rank\u0173 kremo naudojimas bent 2 kartus per dien\u0105 kompensuoja ir sul\u0117tina nuostolius. <\/p>\n<p>Naudojimas: tepkite ant \u0161varios, sausos odos, \u0161velniai masa\u017euokite, kol visi\u0161kai \u012fsigers. Naudokite pagal poreik\u012f.<\/p>\n","protected":false},"excerpt":{"rendered":"<p>Su alyvuogi\u0173 aliejumi ir hialuronu. Lengvos tekst\u016bros, nelipnus ir neriebus. Intensyviai maitina od\u0105 dr\u0117gme ir apsaugo nuo i\u0161saus\u0117jimo dienos metu. Silk Oil Elixir formul\u0117 su mikroaliejais ir \u0161ilko proteinais sustiprina kremo veikim\u0105, aktyvina odos geb\u0117jim\u0105 i\u0161laikyti dr\u0117gm\u0119. Reguliarus rank\u0173 kremo naudojimas bent 2 kartus per dien\u0105 kompensuoja ir sul\u0117tina nuostolius. Naudojimas: tepkite ant \u0161varios, sausos [&#8230;]\n","protected":false},"featured_media":78148,"template":"","meta":[],"product_cat":[1304],"product_tag":[],"class_list":{"0":"post-78146","1":"product","2":"type-product","3":"status-publish","4":"has-post-thumbnail","6":"product_brand-private-label-lt","7":"product_cat-ranku-prieziuros-kosmetika","9":"first","10":"instock","11":"taxable","12":"shipping-taxable","13":"product-type-simple"},"_links":{"self":[{"href":"https:\/\/e.kosmolat.eu\/lt\/wp-json\/wp\/v2\/product\/78146","targetHints":{"allow":["GET"]}}],"collection":[{"href":"https:\/\/e.kosmolat.eu\/lt\/wp-json\/wp\/v2\/product"}],"about":[{"href":"https:\/\/e.kosmolat.eu\/lt\/wp-json\/wp\/v2\/types\/product"}],"wp:featuredmedia":[{"embeddable":true,"href":"https:\/\/e.kosmolat.eu\/lt\/wp-json\/wp\/v2\/media\/78148"}],"wp:attachment":[{"href":"https:\/\/e.kosmolat.eu\/lt\/wp-json\/wp\/v2\/media?parent=78146"}],"wp:term":[{"taxonomy":"product_cat","embeddable":true,"href":"https:\/\/e.kosmolat.eu\/lt\/wp-json\/wp\/v2\/product_cat?post=78146"},{"taxonomy":"product_tag","embeddable":true,"href":"https:\/\/e.kosmolat.eu\/lt\/wp-json\/wp\/v2\/product_tag?post=78146"}],"curies":[{"name":"wp","href":"https:\/\/api.w.org\/{rel}","templated":true}]}}