{"id":78130,"date":"2025-09-17T07:06:46","date_gmt":"2025-09-17T07:06:46","guid":{"rendered":"https:\/\/e.kosmolat.eu\/product\/sh-barojoss-roku-krems-75-ml\/"},"modified":"2026-04-24T06:26:22","modified_gmt":"2026-04-24T06:26:22","slug":"sh-barojoss-roku-krems-75-ml","status":"publish","type":"product","link":"https:\/\/e.kosmolat.eu\/lt\/produktas\/sh-barojoss-roku-krems-75-ml\/","title":{"rendered":"SILKY HANDS Maitinamasis rank\u0173 kremas, 75 ml"},"content":{"rendered":"<p>SILKY HANDS Maitinamasis rank\u0173 kremas. Su taukmed\u017ei\u0173 sviestu, provitaminu B5 ir hialuronu. Intensyviai lygina od\u0105, daro j\u0105 \u0161velnia ir mink\u0161ta, suteikia rankoms i\u0161puosel\u0117t\u0105 i\u0161vaizd\u0105. Silk Oil Elixir formul\u0117 su mikroaliejais ir \u0161ilko proteinais, sustiprinta hialuronu, giliai dr\u0117kina, atnaujina ir pa\u0161alina 5 su sausa oda susijusias problemas: tempim\u0105, \u0161iurk\u0161tum\u0105, pleiskanojim\u0105, dr\u0117gm\u0117s praradim\u0105, elastingumo praradim\u0105. <\/p>\n<p>Naudojimas: tepkite krem\u0105 ant \u0161varios, sausos rank\u0173 odos, \u0161velniai masa\u017euokite, kol visi\u0161kai \u012fsigers. Naudokite pagal poreik\u012f.<\/p>\n","protected":false},"excerpt":{"rendered":"<p>SILKY HANDS Maitinamasis rank\u0173 kremas. Su taukmed\u017ei\u0173 sviestu, provitaminu B5 ir hialuronu. Intensyviai lygina od\u0105, daro j\u0105 \u0161velnia ir mink\u0161ta, suteikia rankoms i\u0161puosel\u0117t\u0105 i\u0161vaizd\u0105. Silk Oil Elixir formul\u0117 su mikroaliejais ir \u0161ilko proteinais, sustiprinta hialuronu, giliai dr\u0117kina, atnaujina ir pa\u0161alina 5 su sausa oda susijusias problemas: tempim\u0105, \u0161iurk\u0161tum\u0105, pleiskanojim\u0105, dr\u0117gm\u0117s praradim\u0105, elastingumo praradim\u0105. Naudojimas: tepkite [&#8230;]\n","protected":false},"featured_media":96314,"template":"","meta":[],"product_cat":[1304],"product_tag":[],"class_list":{"0":"post-78130","1":"product","2":"type-product","3":"status-publish","4":"has-post-thumbnail","6":"product_brand-private-label-lt","7":"product_cat-ranku-prieziuros-kosmetika","9":"first","10":"instock","11":"taxable","12":"shipping-taxable","13":"product-type-simple"},"_links":{"self":[{"href":"https:\/\/e.kosmolat.eu\/lt\/wp-json\/wp\/v2\/product\/78130","targetHints":{"allow":["GET"]}}],"collection":[{"href":"https:\/\/e.kosmolat.eu\/lt\/wp-json\/wp\/v2\/product"}],"about":[{"href":"https:\/\/e.kosmolat.eu\/lt\/wp-json\/wp\/v2\/types\/product"}],"wp:featuredmedia":[{"embeddable":true,"href":"https:\/\/e.kosmolat.eu\/lt\/wp-json\/wp\/v2\/media\/96314"}],"wp:attachment":[{"href":"https:\/\/e.kosmolat.eu\/lt\/wp-json\/wp\/v2\/media?parent=78130"}],"wp:term":[{"taxonomy":"product_cat","embeddable":true,"href":"https:\/\/e.kosmolat.eu\/lt\/wp-json\/wp\/v2\/product_cat?post=78130"},{"taxonomy":"product_tag","embeddable":true,"href":"https:\/\/e.kosmolat.eu\/lt\/wp-json\/wp\/v2\/product_tag?post=78130"}],"curies":[{"name":"wp","href":"https:\/\/api.w.org\/{rel}","templated":true}]}}