{"id":78117,"date":"2025-09-17T06:50:49","date_gmt":"2025-09-17T06:50:49","guid":{"rendered":"https:\/\/e.kosmolat.eu\/product\/sh-aizsargajoss-roku-krems-75-ml\/"},"modified":"2026-04-24T05:58:35","modified_gmt":"2026-04-24T05:58:35","slug":"sh-aizsargajoss-roku-krems-75-ml","status":"publish","type":"product","link":"https:\/\/e.kosmolat.eu\/lt\/produktas\/sh-aizsargajoss-roku-krems-75-ml\/","title":{"rendered":"SILKY HANDS Saugantis rank\u0173 kremas, 75 ml"},"content":{"rendered":"<p>Su vitaminu C ir bi\u010di\u0173 va\u0161ku. Saugantis kremas su Silk Oil Elixir formule, praturtintas vitaminu C, sukurtas specialiai rank\u0173 odos apsaugai nuo nepalanki\u0173 aplinkos veiksni\u0173. Apgaubianti tekst\u016bra sukuria aktyv\u0173 saugant\u012f barjer\u0105, o maitinamieji ingredientai mink\u0161tina od\u0105 ir \u017eymiai sustiprina nat\u016bralias jos funkcijas.  <\/p>\n<p>Naudojimas: lengvais masa\u017euojamaisiais judesiais tepkite krem\u0105 ant \u0161varios, sausos odos. Rekomenduojama tepti ant rank\u0173 odos prie\u0161 i\u0161einant \u012f lauk\u0105 ir prie\u0161 naudojant buitines skalbimo priemones. Be SPF.<\/p>\n","protected":false},"excerpt":{"rendered":"<p>Su vitaminu C ir bi\u010di\u0173 va\u0161ku. Saugantis kremas su Silk Oil Elixir formule, praturtintas vitaminu C, sukurtas specialiai rank\u0173 odos apsaugai nuo nepalanki\u0173 aplinkos veiksni\u0173. Apgaubianti tekst\u016bra sukuria aktyv\u0173 saugant\u012f barjer\u0105, o maitinamieji ingredientai mink\u0161tina od\u0105 ir \u017eymiai sustiprina nat\u016bralias jos funkcijas. Naudojimas: lengvais masa\u017euojamaisiais judesiais tepkite krem\u0105 ant \u0161varios, sausos odos. Rekomenduojama tepti ant [&#8230;]\n","protected":false},"featured_media":96318,"template":"","meta":[],"product_cat":[1304],"product_tag":[],"class_list":{"0":"post-78117","1":"product","2":"type-product","3":"status-publish","4":"has-post-thumbnail","6":"product_brand-private-label-lt","7":"product_cat-ranku-prieziuros-kosmetika","9":"first","10":"instock","11":"taxable","12":"shipping-taxable","13":"product-type-simple"},"_links":{"self":[{"href":"https:\/\/e.kosmolat.eu\/lt\/wp-json\/wp\/v2\/product\/78117","targetHints":{"allow":["GET"]}}],"collection":[{"href":"https:\/\/e.kosmolat.eu\/lt\/wp-json\/wp\/v2\/product"}],"about":[{"href":"https:\/\/e.kosmolat.eu\/lt\/wp-json\/wp\/v2\/types\/product"}],"wp:featuredmedia":[{"embeddable":true,"href":"https:\/\/e.kosmolat.eu\/lt\/wp-json\/wp\/v2\/media\/96318"}],"wp:attachment":[{"href":"https:\/\/e.kosmolat.eu\/lt\/wp-json\/wp\/v2\/media?parent=78117"}],"wp:term":[{"taxonomy":"product_cat","embeddable":true,"href":"https:\/\/e.kosmolat.eu\/lt\/wp-json\/wp\/v2\/product_cat?post=78117"},{"taxonomy":"product_tag","embeddable":true,"href":"https:\/\/e.kosmolat.eu\/lt\/wp-json\/wp\/v2\/product_tag?post=78117"}],"curies":[{"name":"wp","href":"https:\/\/api.w.org\/{rel}","templated":true}]}}