{"id":77994,"date":"2025-09-12T13:06:54","date_gmt":"2025-09-12T13:06:54","guid":{"rendered":"https:\/\/e.kosmolat.eu\/?post_type=product&#038;p=77994"},"modified":"2026-04-10T09:20:16","modified_gmt":"2026-04-10T09:20:16","slug":"viorica-kapsulas-fundament-adas-atjaunos-45-gab-x-045-ml","status":"publish","type":"product","link":"https:\/\/e.kosmolat.eu\/lt\/produktas\/viorica-kapsulas-fundament-adas-atjaunos-45-gab-x-045-ml\/","title":{"rendered":"VIORICA kapsul\u0117s esminiam odos atjauninimui, 45 kapsul\u0117s po 0,45 ml"},"content":{"rendered":"<p>Koncentruotas serumas atsukamose kapsul\u0117se su 0,05 % retinalo, keramidais, peptidais ir vitaminu E, skirtu esminiam odos atjauninimui.<\/p>\n<p>Produkto privalumai:<br \/>\n\u2022 Ma\u017eina rauk\u0161li\u0173 atsiradim\u0105;<br \/>\n\u2022 Gerina odos tonus\u0105 ir elastingum\u0105;<br \/>\n\u2022 I\u0161lygina odos atspalv\u012f;<br \/>\n\u2022 Skatina odos atsinaujinim\u0105;<br \/>\n\u2022 Stiprina odos barjer\u0105.<\/p>\n<p>Naudojimas: pasukite arba nupjaukite kapsul\u0117s galiuk\u0105. Vakare u\u017etepkite vien\u0105 kapsul\u0119 ant \u0161varios odos, \u0161velniai masa\u017euodami, vengdami patekimo \u012f akis. Dienos metu naudokite apsaugos nuo saul\u0117s priemones. Nederinkite su kitais retinoidais ir pakoreguokite naudojimo da\u017enum\u0105, jei jau\u010diate nedidel\u012f dilg\u010diojim\u0105; nutraukite naudojim\u0105, jei pasirei\u0161kia stiprus arba u\u017esit\u0119s\u0119s diskomfortas.<\/p>\n<p>\u012esp\u0117jimas: sud\u0117tyje yra vitamino A. Prie\u0161 naudojant atsi\u017evelgti \u012f paros doz\u0119.<\/p>\n<p>Laikyti nuo +5 \u00b0\u0421 iki +25 \u00b0\u0421, saugoti nuo tiesiogini\u0173 saul\u0117s spinduli\u0173.<\/p>\n","protected":false},"excerpt":{"rendered":"<p>Koncentruotas serumas atsukamose kapsul\u0117se su 0,05 % retinalo, keramidais, peptidais ir vitaminu E, skirtu esminiam odos atjauninimui. Produkto privalumai: \u2022 Ma\u017eina rauk\u0161li\u0173 atsiradim\u0105; \u2022 Gerina odos tonus\u0105 ir elastingum\u0105; \u2022 I\u0161lygina odos atspalv\u012f; \u2022 Skatina odos atsinaujinim\u0105; \u2022 Stiprina odos barjer\u0105. Naudojimas: pasukite arba nupjaukite kapsul\u0117s galiuk\u0105. Vakare u\u017etepkite vien\u0105 kapsul\u0119 ant \u0161varios odos, \u0161velniai [&#8230;]\n","protected":false},"featured_media":96354,"template":"","meta":[],"product_cat":[1327],"product_tag":[],"class_list":{"0":"post-77994","1":"product","2":"type-product","3":"status-publish","4":"has-post-thumbnail","6":"product_brand-viorica-cosmeplant_bg-lt","7":"product_cat-serumai","9":"first","10":"instock","11":"taxable","12":"shipping-taxable","13":"product-type-simple"},"_links":{"self":[{"href":"https:\/\/e.kosmolat.eu\/lt\/wp-json\/wp\/v2\/product\/77994","targetHints":{"allow":["GET"]}}],"collection":[{"href":"https:\/\/e.kosmolat.eu\/lt\/wp-json\/wp\/v2\/product"}],"about":[{"href":"https:\/\/e.kosmolat.eu\/lt\/wp-json\/wp\/v2\/types\/product"}],"wp:featuredmedia":[{"embeddable":true,"href":"https:\/\/e.kosmolat.eu\/lt\/wp-json\/wp\/v2\/media\/96354"}],"wp:attachment":[{"href":"https:\/\/e.kosmolat.eu\/lt\/wp-json\/wp\/v2\/media?parent=77994"}],"wp:term":[{"taxonomy":"product_cat","embeddable":true,"href":"https:\/\/e.kosmolat.eu\/lt\/wp-json\/wp\/v2\/product_cat?post=77994"},{"taxonomy":"product_tag","embeddable":true,"href":"https:\/\/e.kosmolat.eu\/lt\/wp-json\/wp\/v2\/product_tag?post=77994"}],"curies":[{"name":"wp","href":"https:\/\/api.w.org\/{rel}","templated":true}]}}