{"id":77969,"date":"2025-08-29T04:01:00","date_gmt":"2025-08-29T04:01:00","guid":{"rendered":"https:\/\/e.kosmolat.eu\/product\/aroma-labora-caviar-st-krems-adai-ap-acim-15-ml\/"},"modified":"2026-05-09T01:48:08","modified_gmt":"2026-05-09T01:48:08","slug":"aroma-labora-caviar-st-krems-adai-ap-acim-15-ml","status":"publish","type":"product","link":"https:\/\/e.kosmolat.eu\/lt\/produktas\/aroma-labora-caviar-st-krems-adai-ap-acim-15-ml\/","title":{"rendered":"AROMA LABORA Caviar Skin Therapy Paaki\u0173 kremas, 15 ml"},"content":{"rendered":"<p>Kremas visapusi\u0161kai r\u016bpinasi jautria paaki\u0173 oda. Lengvos, \u0161ilkin\u0117s tekst\u016bros kremas praturtintas ikr\u0173 ekstraktu \u2013 aminor\u016bg\u0161\u010di\u0173, vitamin\u0173, mineral\u0173 ir baltym\u0173 \u0161altiniu. Vitaminai A ir E pasi\u017eymi stipriomis antioksidacin\u0117mis savyb\u0117mis ir apsaugo od\u0105 nuo prie\u0161laikinio sen\u0117jimo. Kremas greitai \u012fsigeria, dr\u0117kina ir suma\u017eina smulki\u0173 rauk\u0161li\u0173 atsiradim\u0105.<br \/>\nGalima naudoti po makia\u017eu, siekiant pabr\u0117\u017eti nat\u016bral\u0173 odos spindes\u012f.<\/p>\n<p>\u012esp\u0117jimas: sud\u0117tyje yra vitamino A. Prie\u0161 naudojant atsi\u017evelgti \u012f paros norm\u0105.<\/p>\n<p>Naudojimas: Kasdien \u0161velniai masa\u017euojamaisiais judesiais tepkite ant \u0161varios ir sausos odos aplink akis. Geriausiems rezultatams pasiekti naudokite kartu su \u201eAroma Labora Caviar Skin Therapy Day and Night Cream\u201c.<\/p>\n","protected":false},"excerpt":{"rendered":"<p>Kremas visapusi\u0161kai r\u016bpinasi jautria paaki\u0173 oda. Lengvos, \u0161ilkin\u0117s tekst\u016bros kremas praturtintas ikr\u0173 ekstraktu \u2013 aminor\u016bg\u0161\u010di\u0173, vitamin\u0173, mineral\u0173 ir baltym\u0173 \u0161altiniu. Vitaminai A ir E pasi\u017eymi stipriomis antioksidacin\u0117mis savyb\u0117mis ir apsaugo od\u0105 nuo prie\u0161laikinio sen\u0117jimo. Kremas greitai \u012fsigeria, dr\u0117kina ir suma\u017eina smulki\u0173 rauk\u0161li\u0173 atsiradim\u0105. Galima naudoti po makia\u017eu, siekiant pabr\u0117\u017eti nat\u016bral\u0173 odos spindes\u012f. \u012esp\u0117jimas: sud\u0117tyje yra [&#8230;]\n","protected":false},"featured_media":96378,"template":"","meta":[],"product_cat":[1590],"product_tag":[],"class_list":{"0":"post-77969","1":"product","2":"type-product","3":"status-publish","4":"has-post-thumbnail","6":"product_brand-aroma-bg-lt","7":"product_cat-paakiu-kremai","9":"first","10":"outofstock","11":"taxable","12":"shipping-taxable","13":"product-type-simple"},"_links":{"self":[{"href":"https:\/\/e.kosmolat.eu\/lt\/wp-json\/wp\/v2\/product\/77969","targetHints":{"allow":["GET"]}}],"collection":[{"href":"https:\/\/e.kosmolat.eu\/lt\/wp-json\/wp\/v2\/product"}],"about":[{"href":"https:\/\/e.kosmolat.eu\/lt\/wp-json\/wp\/v2\/types\/product"}],"wp:featuredmedia":[{"embeddable":true,"href":"https:\/\/e.kosmolat.eu\/lt\/wp-json\/wp\/v2\/media\/96378"}],"wp:attachment":[{"href":"https:\/\/e.kosmolat.eu\/lt\/wp-json\/wp\/v2\/media?parent=77969"}],"wp:term":[{"taxonomy":"product_cat","embeddable":true,"href":"https:\/\/e.kosmolat.eu\/lt\/wp-json\/wp\/v2\/product_cat?post=77969"},{"taxonomy":"product_tag","embeddable":true,"href":"https:\/\/e.kosmolat.eu\/lt\/wp-json\/wp\/v2\/product_tag?post=77969"}],"curies":[{"name":"wp","href":"https:\/\/api.w.org\/{rel}","templated":true}]}}