{"id":77965,"date":"2025-08-29T04:00:44","date_gmt":"2025-08-29T04:00:44","guid":{"rendered":"https:\/\/e.kosmolat.eu\/product\/aroma-labora-caviar-st-nakts-sejas-krems-50-ml\/"},"modified":"2026-04-17T06:18:41","modified_gmt":"2026-04-17T06:18:41","slug":"aroma-labora-caviar-st-nakts-sejas-krems-50-ml","status":"publish","type":"product","link":"https:\/\/e.kosmolat.eu\/lt\/produktas\/aroma-labora-caviar-st-nakts-sejas-krems-50-ml\/","title":{"rendered":"AROMA LABORA Caviar Skin Therapy Naktinis veido kremas, 50 ml"},"content":{"rendered":"<p>Efektyvi formul\u0117 su ikr\u0173 ekstraktu, padedanti suma\u017einti smulkias rauk\u0161leles ir linijines rauk\u0161les, maitina ir tonizuoja od\u0105. Ikr\u0173 ekstraktas yra aminor\u016bg\u0161\u010di\u0173, vitamin\u0173, mineral\u0173 ir baltym\u0173 \u0161altinis, kuris dr\u0117kina, mink\u0161tina ir lygina od\u0105, didina jos elastingum\u0105 ir suteikia jai \u0161ilkinio \u0161velnumo bei glotnumo. Ryte oda atrodo elastingesn\u0117 ir gaivesn\u0117. Be paraben\u0173.<\/p>\n<p>Naudojimas: Kiekvien\u0105 vakar\u0105 tepkite lengvais masa\u017einiais judesiais ant \u0161varios veido ir kaklo odos. Geriausiems rezultatams pasiekti naudokite kartu su \u201eAroma Labora Caviar Skin Therapy\u201c dieniniu kremu ir paaki\u0173 kremu.<\/p>\n","protected":false},"excerpt":{"rendered":"<p>Efektyvi formul\u0117 su ikr\u0173 ekstraktu, padedanti suma\u017einti smulkias rauk\u0161leles ir linijines rauk\u0161les, maitina ir tonizuoja od\u0105. Ikr\u0173 ekstraktas yra aminor\u016bg\u0161\u010di\u0173, vitamin\u0173, mineral\u0173 ir baltym\u0173 \u0161altinis, kuris dr\u0117kina, mink\u0161tina ir lygina od\u0105, didina jos elastingum\u0105 ir suteikia jai \u0161ilkinio \u0161velnumo bei glotnumo. Ryte oda atrodo elastingesn\u0117 ir gaivesn\u0117. Be paraben\u0173. Naudojimas: Kiekvien\u0105 vakar\u0105 tepkite lengvais masa\u017einiais [&#8230;]\n","protected":false},"featured_media":96374,"template":"","meta":[],"product_cat":[2181],"product_tag":[],"class_list":{"0":"post-77965","1":"product","2":"type-product","3":"status-publish","4":"has-post-thumbnail","6":"product_brand-aroma-bg-lt","7":"product_cat-bez-kategorijas-lt","9":"first","10":"instock","11":"taxable","12":"shipping-taxable","13":"product-type-simple"},"_links":{"self":[{"href":"https:\/\/e.kosmolat.eu\/lt\/wp-json\/wp\/v2\/product\/77965","targetHints":{"allow":["GET"]}}],"collection":[{"href":"https:\/\/e.kosmolat.eu\/lt\/wp-json\/wp\/v2\/product"}],"about":[{"href":"https:\/\/e.kosmolat.eu\/lt\/wp-json\/wp\/v2\/types\/product"}],"wp:featuredmedia":[{"embeddable":true,"href":"https:\/\/e.kosmolat.eu\/lt\/wp-json\/wp\/v2\/media\/96374"}],"wp:attachment":[{"href":"https:\/\/e.kosmolat.eu\/lt\/wp-json\/wp\/v2\/media?parent=77965"}],"wp:term":[{"taxonomy":"product_cat","embeddable":true,"href":"https:\/\/e.kosmolat.eu\/lt\/wp-json\/wp\/v2\/product_cat?post=77965"},{"taxonomy":"product_tag","embeddable":true,"href":"https:\/\/e.kosmolat.eu\/lt\/wp-json\/wp\/v2\/product_tag?post=77965"}],"curies":[{"name":"wp","href":"https:\/\/api.w.org\/{rel}","templated":true}]}}