{"id":77961,"date":"2025-08-29T04:00:27","date_gmt":"2025-08-29T04:00:27","guid":{"rendered":"https:\/\/e.kosmolat.eu\/product\/aroma-labora-caviar-st-dienas-sejas-krems-spf-30-50-ml\/"},"modified":"2026-04-21T08:28:19","modified_gmt":"2026-04-21T08:28:19","slug":"aroma-labora-caviar-st-dienas-sejas-krems-spf-30-50-ml","status":"publish","type":"product","link":"https:\/\/e.kosmolat.eu\/lt\/produktas\/aroma-labora-caviar-st-dienas-sejas-krems-spf-30-50-ml\/","title":{"rendered":"AROMA LABORA Caviar Skin Therapy Dieninis veido kremas SPF 30, 50 ml"},"content":{"rendered":"<p>Novatori\u0161ka formul\u0117 su ikr\u0173 ekstraktu ir SPF 30, specialiai sukurta sen\u0117jim\u0105 stabdan\u010diai prie\u017ei\u016brai ir smulki\u0173 rauk\u0161li\u0173 ma\u017einimui. Ikr\u0173 ekstraktas tai aminor\u016bg\u0161\u010di\u0173, vitamin\u0173, mineral\u0173 ir baltym\u0173 \u0161altinis, kuris intensyviai dr\u0117kina, mink\u0161tina ir lygina od\u0105, didina jos elastingum\u0105 ir suteikia jai \u0161ilkinio \u0161velnumo. SPF 30 suteikia apsaug\u0105 nuo \u017ealing\u0173 UVA ir UVB spinduli\u0173. Lengva, neriebi tekst\u016bra greitai \u012fsigeria ir tinka naudoti po makia\u017eu, suteikia odai nat\u016bral\u0173 \u0161vyt\u0117jim\u0105. Be paraben\u0173.<\/p>\n<p>Naudojimas: Kiekvien\u0105 ryt\u0105 tepkite lengvais masa\u017einiais judesiais ant \u0161varios veido ir kaklo odos. Geriausiems rezultatams pasiekti naudokite kartu su \u201eAroma Labora Caviar Skin Therapy\u201c naktiniu kremu ir paaki\u0173 kremu.<\/p>\n","protected":false},"excerpt":{"rendered":"<p>Novatori\u0161ka formul\u0117 su ikr\u0173 ekstraktu ir SPF 30, specialiai sukurta sen\u0117jim\u0105 stabdan\u010diai prie\u017ei\u016brai ir smulki\u0173 rauk\u0161li\u0173 ma\u017einimui. Ikr\u0173 ekstraktas tai aminor\u016bg\u0161\u010di\u0173, vitamin\u0173, mineral\u0173 ir baltym\u0173 \u0161altinis, kuris intensyviai dr\u0117kina, mink\u0161tina ir lygina od\u0105, didina jos elastingum\u0105 ir suteikia jai \u0161ilkinio \u0161velnumo. SPF 30 suteikia apsaug\u0105 nuo \u017ealing\u0173 UVA ir UVB spinduli\u0173. Lengva, neriebi tekst\u016bra greitai [&#8230;]\n","protected":false},"featured_media":96370,"template":"","meta":[],"product_cat":[1322],"product_tag":[],"class_list":{"0":"post-77961","1":"product","2":"type-product","3":"status-publish","4":"has-post-thumbnail","6":"product_brand-aroma-bg-lt","7":"product_cat-veido-kremai","9":"first","10":"instock","11":"taxable","12":"shipping-taxable","13":"product-type-simple"},"_links":{"self":[{"href":"https:\/\/e.kosmolat.eu\/lt\/wp-json\/wp\/v2\/product\/77961","targetHints":{"allow":["GET"]}}],"collection":[{"href":"https:\/\/e.kosmolat.eu\/lt\/wp-json\/wp\/v2\/product"}],"about":[{"href":"https:\/\/e.kosmolat.eu\/lt\/wp-json\/wp\/v2\/types\/product"}],"wp:featuredmedia":[{"embeddable":true,"href":"https:\/\/e.kosmolat.eu\/lt\/wp-json\/wp\/v2\/media\/96370"}],"wp:attachment":[{"href":"https:\/\/e.kosmolat.eu\/lt\/wp-json\/wp\/v2\/media?parent=77961"}],"wp:term":[{"taxonomy":"product_cat","embeddable":true,"href":"https:\/\/e.kosmolat.eu\/lt\/wp-json\/wp\/v2\/product_cat?post=77961"},{"taxonomy":"product_tag","embeddable":true,"href":"https:\/\/e.kosmolat.eu\/lt\/wp-json\/wp\/v2\/product_tag?post=77961"}],"curies":[{"name":"wp","href":"https:\/\/api.w.org\/{rel}","templated":true}]}}