{"id":77957,"date":"2025-08-28T04:02:48","date_gmt":"2025-08-28T04:02:48","guid":{"rendered":"https:\/\/e.kosmolat.eu\/product\/mill-soft-wave-gludinamais-skidrums-apgerbiem-500-ml\/"},"modified":"2026-04-15T10:49:31","modified_gmt":"2026-04-15T10:49:31","slug":"mill-soft-wave-gludinamais-skidrums-apgerbiem-500-ml","status":"publish","type":"product","link":"https:\/\/e.kosmolat.eu\/lt\/produktas\/mill-soft-wave-gludinamais-skidrums-apgerbiem-500-ml\/","title":{"rendered":"MILL Soft Wave drabu\u017ei\u0173 lyginimo skystis, 500 ml"},"content":{"rendered":"<p>Greitas ir prakti\u0161kas b\u016bdas pa\u0161alinti rauk\u0161les i\u0161 drabu\u017ei\u0173 ir audini\u0173 nenaudojant tradicinio lygintuvo. Efektyviai pa\u0161alina rauk\u0161les, suteikdamas matom\u0105 i\u0161lyginam\u0105j\u012f efekt\u0105.<\/p>\n<p>Naudojimas: Tolygiai u\u017epurk\u0161kite priemon\u0119 ant drabu\u017eio. Priklausomai nuo med\u017eiagos tipo, \u0161iek tiek i\u0161tempkite ir pakabinkite ant pakabos arba i\u0161lyginkite rankomis ant lygaus pavir\u0161iaus.<br \/>\nPalikite i\u0161d\u017ei\u016bti. Palieka malon\u0173 aromat\u0105. Apsaugo nuo statin\u0117s elektros.<\/p>\n<p>Sud\u0117tyje yra baltym\u0173, kurie puosel\u0117ja audini\u0173 pluo\u0161tus.<\/p>\n<p>Atsargumo priemon\u0117s: Laikyti sausoje, v\u0117sioje vietoje, nuo +5 \u00b0C iki +35 \u00b0C temperat\u016broje. Jei produktas pateks ant grind\u0173, pavir\u0161ius taps slidus. Prie\u0161 naudojim\u0105 i\u0161bandykite produkt\u0105 ant nedidelio audinio ploto.<\/p>\n<p>Sud\u0117tis: ma\u017eiau kaip, 5 %  nejonini\u0173 aktyvi\u0173j\u0173 pavir\u0161iaus med\u017eiag\u0173. Kvapai\/ Hexyl Cinnamal, Butylphenyl Methylpropional, Pogostemon Cablin Oil, Citrus Aurantium Peel Oil, Limonene, Benzyl Salicylate,  Alpha-Isomethyl Ionone. Konservantai: Sodium Benzoate, Potassium Sorbate. <\/p>\n<p>EUH208 Sud\u0117tyje yra: 2-(4-tret-butilbenzil)propionaldehidas, benzilsalicilatas, limonenas, hexyl cinnamal. Gali sukelti alergin\u0119 reakcij\u0105.<br \/>\nP102 Laikyti vaikams neprieinamoje vietoje<br \/>\nP305+P351+P338 PATEKUS \u012e AKIS: Kelias minutes atsargiai plauti vandeniu. I\u0161imti kontaktinius l\u0119\u0161ius, jeigu jie yra ir jeigu lengvai galima tai padaryti. Toliau plauti akis.<\/p>\n","protected":false},"excerpt":{"rendered":"<p>Greitas ir prakti\u0161kas b\u016bdas pa\u0161alinti rauk\u0161les i\u0161 drabu\u017ei\u0173 ir audini\u0173 nenaudojant tradicinio lygintuvo. Efektyviai pa\u0161alina rauk\u0161les, suteikdamas matom\u0105 i\u0161lyginam\u0105j\u012f efekt\u0105. Naudojimas: Tolygiai u\u017epurk\u0161kite priemon\u0119 ant drabu\u017eio. Priklausomai nuo med\u017eiagos tipo, \u0161iek tiek i\u0161tempkite ir pakabinkite ant pakabos arba i\u0161lyginkite rankomis ant lygaus pavir\u0161iaus. Palikite i\u0161d\u017ei\u016bti. Palieka malon\u0173 aromat\u0105. Apsaugo nuo statin\u0117s elektros. Sud\u0117tyje yra baltym\u0173, [&#8230;]\n","protected":false},"featured_media":96150,"template":"","meta":[],"product_cat":[1712],"product_tag":[],"class_list":{"0":"post-77957","1":"product","2":"type-product","3":"status-publish","4":"has-post-thumbnail","6":"product_brand-madonis_pl-lt","7":"product_cat-audiniu-minkstikliai","9":"first","10":"instock","11":"taxable","12":"shipping-taxable","13":"product-type-simple"},"_links":{"self":[{"href":"https:\/\/e.kosmolat.eu\/lt\/wp-json\/wp\/v2\/product\/77957","targetHints":{"allow":["GET"]}}],"collection":[{"href":"https:\/\/e.kosmolat.eu\/lt\/wp-json\/wp\/v2\/product"}],"about":[{"href":"https:\/\/e.kosmolat.eu\/lt\/wp-json\/wp\/v2\/types\/product"}],"wp:featuredmedia":[{"embeddable":true,"href":"https:\/\/e.kosmolat.eu\/lt\/wp-json\/wp\/v2\/media\/96150"}],"wp:attachment":[{"href":"https:\/\/e.kosmolat.eu\/lt\/wp-json\/wp\/v2\/media?parent=77957"}],"wp:term":[{"taxonomy":"product_cat","embeddable":true,"href":"https:\/\/e.kosmolat.eu\/lt\/wp-json\/wp\/v2\/product_cat?post=77957"},{"taxonomy":"product_tag","embeddable":true,"href":"https:\/\/e.kosmolat.eu\/lt\/wp-json\/wp\/v2\/product_tag?post=77957"}],"curies":[{"name":"wp","href":"https:\/\/api.w.org\/{rel}","templated":true}]}}