{"id":77945,"date":"2025-08-28T04:02:02","date_gmt":"2025-08-28T04:02:02","guid":{"rendered":"https:\/\/e.kosmolat.eu\/product\/dermaflora-adas-kops-zeleja-ar-alveju-150-ml\/"},"modified":"2026-04-20T11:39:40","modified_gmt":"2026-04-20T11:39:40","slug":"dermaflora-adas-kops-zeleja-ar-alveju-150-ml","status":"publish","type":"product","link":"https:\/\/e.kosmolat.eu\/lt\/produktas\/dermaflora-adas-kops-zeleja-ar-alveju-150-ml\/","title":{"rendered":"DERMAFLORA Aloe Vera odos prie\u017ei\u016bros gelis, 150 ml"},"content":{"rendered":"<p>95 % alavij\u0173. 0 % alergen\u0173, paraben\u0173, alkoholio ir silikon\u0173.<\/p>\n<p>Sud\u0117tyje yra itin gryno alavij\u0173 ekstrakto, kuris suteikia malon\u0173 v\u0117sinim\u0105 ir komfort\u0105 odai. Jis dr\u0117kina, maitina ir padeda suma\u017einti tempimo bei diskomforto poj\u016bt\u012f. Jis palaiko nat\u016bral\u0173 odos atsinaujinimo proces\u0105, tod\u0117l ji tampa lygesn\u0117 ir elastingesn\u0117.<\/p>\n<p>Tinka odos prie\u017ei\u016brai po saul\u0117s poveikio, esant paraudimui, nedideliam sudirgimui, taip pat po vabzd\u017ei\u0173 \u012fkandim\u0173 ir nedideli\u0173 su\u017ealojim\u0173.<\/p>\n","protected":false},"excerpt":{"rendered":"<p>95 % alavij\u0173. 0 % alergen\u0173, paraben\u0173, alkoholio ir silikon\u0173. Sud\u0117tyje yra itin gryno alavij\u0173 ekstrakto, kuris suteikia malon\u0173 v\u0117sinim\u0105 ir komfort\u0105 odai. Jis dr\u0117kina, maitina ir padeda suma\u017einti tempimo bei diskomforto poj\u016bt\u012f. Jis palaiko nat\u016bral\u0173 odos atsinaujinimo proces\u0105, tod\u0117l ji tampa lygesn\u0117 ir elastingesn\u0117. Tinka odos prie\u017ei\u016brai po saul\u0117s poveikio, esant paraudimui, nedideliam sudirgimui, [&#8230;]\n","protected":false},"featured_media":94418,"template":"","meta":[],"product_cat":[1390],"product_tag":[],"class_list":{"0":"post-77945","1":"product","2":"type-product","3":"status-publish","4":"has-post-thumbnail","6":"product_brand-florin_hu-lt","7":"product_cat-kremai-aliejai-kuno-pienelis","9":"first","10":"instock","11":"taxable","12":"shipping-taxable","13":"product-type-simple"},"_links":{"self":[{"href":"https:\/\/e.kosmolat.eu\/lt\/wp-json\/wp\/v2\/product\/77945","targetHints":{"allow":["GET"]}}],"collection":[{"href":"https:\/\/e.kosmolat.eu\/lt\/wp-json\/wp\/v2\/product"}],"about":[{"href":"https:\/\/e.kosmolat.eu\/lt\/wp-json\/wp\/v2\/types\/product"}],"wp:featuredmedia":[{"embeddable":true,"href":"https:\/\/e.kosmolat.eu\/lt\/wp-json\/wp\/v2\/media\/94418"}],"wp:attachment":[{"href":"https:\/\/e.kosmolat.eu\/lt\/wp-json\/wp\/v2\/media?parent=77945"}],"wp:term":[{"taxonomy":"product_cat","embeddable":true,"href":"https:\/\/e.kosmolat.eu\/lt\/wp-json\/wp\/v2\/product_cat?post=77945"},{"taxonomy":"product_tag","embeddable":true,"href":"https:\/\/e.kosmolat.eu\/lt\/wp-json\/wp\/v2\/product_tag?post=77945"}],"curies":[{"name":"wp","href":"https:\/\/api.w.org\/{rel}","templated":true}]}}