{"id":77919,"date":"2025-08-27T11:06:44","date_gmt":"2025-08-27T11:06:44","guid":{"rendered":"https:\/\/e.kosmolat.eu\/product\/balzams-zelta-zvaigzne-aromatiskais-zimulis-1-3-g\/"},"modified":"2026-04-23T05:48:05","modified_gmt":"2026-04-23T05:48:05","slug":"balzams-zelta-zvaigzne-aromatiskais-zimulis-1-3-g","status":"publish","type":"product","link":"https:\/\/e.kosmolat.eu\/lt\/produktas\/balzams-zelta-zvaigzne-aromatiskais-zimulis-1-3-g\/","title":{"rendered":"Balzamas Auksin\u0117 \u017evaig\u017ed\u0117, inhaliacinis pie\u0161tukas. 1.3g"},"content":{"rendered":"<p>Suteikia malon\u0173, gaivinant\u012f poj\u016bt\u012f nosyje.<br \/>\nSausa inhaliacija palengvins J\u016bs\u0173 kv\u0117pavim\u0105! 1\u20132 inhaliacijos \u012f nos\u012f pagal poreik\u012f.<\/p>\n<p>Nerekomenduojama naudoti: esant individualiam komponent\u0173 netoleravimui, vaikams iki 2 met\u0173.<\/p>\n<p>Laikyti sausoje, tamsioje, vaikams nepasiekiamoje vietoje, apsaugotoje nuo saul\u0117s vietoje, 15\u201325 \u00b0C temperat\u016broje.<\/p>\n","protected":false},"excerpt":{"rendered":"<p>Suteikia malon\u0173, gaivinant\u012f poj\u016bt\u012f nosyje. Sausa inhaliacija palengvins J\u016bs\u0173 kv\u0117pavim\u0105! 1\u20132 inhaliacijos \u012f nos\u012f pagal poreik\u012f. Nerekomenduojama naudoti: esant individualiam komponent\u0173 netoleravimui, vaikams iki 2 met\u0173. Laikyti sausoje, tamsioje, vaikams nepasiekiamoje vietoje, apsaugotoje nuo saul\u0117s vietoje, 15\u201325 \u00b0C temperat\u016broje.<\/p>\n","protected":false},"featured_media":96310,"template":"","meta":[],"product_cat":[1599],"product_tag":[],"class_list":{"0":"post-77919","1":"product","2":"type-product","3":"status-publish","4":"has-post-thumbnail","6":"product_brand-danhson_bg-lt","7":"product_cat-aliejai-ir-kitos-specifines-priemones","9":"first","10":"instock","11":"taxable","12":"shipping-taxable","13":"product-type-simple"},"_links":{"self":[{"href":"https:\/\/e.kosmolat.eu\/lt\/wp-json\/wp\/v2\/product\/77919","targetHints":{"allow":["GET"]}}],"collection":[{"href":"https:\/\/e.kosmolat.eu\/lt\/wp-json\/wp\/v2\/product"}],"about":[{"href":"https:\/\/e.kosmolat.eu\/lt\/wp-json\/wp\/v2\/types\/product"}],"wp:featuredmedia":[{"embeddable":true,"href":"https:\/\/e.kosmolat.eu\/lt\/wp-json\/wp\/v2\/media\/96310"}],"wp:attachment":[{"href":"https:\/\/e.kosmolat.eu\/lt\/wp-json\/wp\/v2\/media?parent=77919"}],"wp:term":[{"taxonomy":"product_cat","embeddable":true,"href":"https:\/\/e.kosmolat.eu\/lt\/wp-json\/wp\/v2\/product_cat?post=77919"},{"taxonomy":"product_tag","embeddable":true,"href":"https:\/\/e.kosmolat.eu\/lt\/wp-json\/wp\/v2\/product_tag?post=77919"}],"curies":[{"name":"wp","href":"https:\/\/api.w.org\/{rel}","templated":true}]}}