{"id":77915,"date":"2025-08-27T10:50:45","date_gmt":"2025-08-27T10:50:45","guid":{"rendered":"https:\/\/e.kosmolat.eu\/product\/zelta-zvaigzne-balzams-4-g\/"},"modified":"2026-04-18T11:22:02","modified_gmt":"2026-04-18T11:22:02","slug":"balzams-zelta-zvaigzne-4-g","status":"publish","type":"product","link":"https:\/\/e.kosmolat.eu\/lt\/produktas\/balzams-zelta-zvaigzne-4-g\/","title":{"rendered":"BALZAMAS AUKSIN\u0116 \u017dVAIG\u017dD\u0116, 4 g"},"content":{"rendered":"<p>Naudojamas vietiniam masa\u017eui, kaip au\u0161inantis preparatas vabzd\u017ei\u0173 \u012fg\u0117limams, nuslopina nie\u017eul\u012f ir suma\u017eina patinim\u0105.<\/p>\n<p>Naudojimo b\u016bdas: reikiam\u0105 balzamo kiek\u012f patepti ant odos ir \u0161velniai masa\u017euoti, kol susigers. Esant vabzd\u017ei\u0173 \u012fg\u0117limams, patepti \u012fg\u0117limo vietoje.<\/p>\n<p>Nevartoti esant padid\u0117jusiam jautrumui preparato sud\u0117tin\u0117ms med\u017eiagoms; esant nubrodinimams ar odos susirgimams; jaunesniems kaip 2 met\u0173 vaikams.<\/p>\n<p>Atsiradus alergin\u0117ms reakcijoms balzamo nevartoti, o liku\u010dius nuo odos nuplauti \u0161iltu vandeniu.<\/p>\n<p>Vengti patekimo ant aki\u0173 ir nosies gleivini\u0173. Saugoti sausoje, tamsioje, vaikams nepasiekiamoje vietoje, 15\u201325\u00b0C temperat\u016broje.<\/p>\n","protected":false},"excerpt":{"rendered":"<p>Naudojamas vietiniam masa\u017eui, kaip au\u0161inantis preparatas vabzd\u017ei\u0173 \u012fg\u0117limams, nuslopina nie\u017eul\u012f ir suma\u017eina patinim\u0105. Naudojimo b\u016bdas: reikiam\u0105 balzamo kiek\u012f patepti ant odos ir \u0161velniai masa\u017euoti, kol susigers. Esant vabzd\u017ei\u0173 \u012fg\u0117limams, patepti \u012fg\u0117limo vietoje. Nevartoti esant padid\u0117jusiam jautrumui preparato sud\u0117tin\u0117ms med\u017eiagoms; esant nubrodinimams ar odos susirgimams; jaunesniems kaip 2 met\u0173 vaikams. Atsiradus alergin\u0117ms reakcijoms balzamo nevartoti, o [&#8230;]\n","protected":false},"featured_media":96306,"template":"","meta":[],"product_cat":[1390],"product_tag":[],"class_list":{"0":"post-77915","1":"product","2":"type-product","3":"status-publish","4":"has-post-thumbnail","6":"product_brand-danhson_bg-lt","7":"product_cat-kremai-aliejai-kuno-pienelis","9":"first","10":"instock","11":"taxable","12":"shipping-taxable","13":"product-type-simple"},"_links":{"self":[{"href":"https:\/\/e.kosmolat.eu\/lt\/wp-json\/wp\/v2\/product\/77915","targetHints":{"allow":["GET"]}}],"collection":[{"href":"https:\/\/e.kosmolat.eu\/lt\/wp-json\/wp\/v2\/product"}],"about":[{"href":"https:\/\/e.kosmolat.eu\/lt\/wp-json\/wp\/v2\/types\/product"}],"wp:featuredmedia":[{"embeddable":true,"href":"https:\/\/e.kosmolat.eu\/lt\/wp-json\/wp\/v2\/media\/96306"}],"wp:attachment":[{"href":"https:\/\/e.kosmolat.eu\/lt\/wp-json\/wp\/v2\/media?parent=77915"}],"wp:term":[{"taxonomy":"product_cat","embeddable":true,"href":"https:\/\/e.kosmolat.eu\/lt\/wp-json\/wp\/v2\/product_cat?post=77915"},{"taxonomy":"product_tag","embeddable":true,"href":"https:\/\/e.kosmolat.eu\/lt\/wp-json\/wp\/v2\/product_tag?post=77915"}],"curies":[{"name":"wp","href":"https:\/\/api.w.org\/{rel}","templated":true}]}}