{"id":77897,"date":"2025-08-27T04:01:36","date_gmt":"2025-08-27T04:01:36","guid":{"rendered":"https:\/\/e.kosmolat.eu\/product\/topface-acu-lainera-ota-f16\/"},"modified":"2026-04-01T09:15:37","modified_gmt":"2026-04-01T09:15:37","slug":"topface-acu-lainera-ota-f16","status":"publish","type":"product","link":"https:\/\/e.kosmolat.eu\/lt\/produktas\/topface-acu-lainera-ota-f16\/","title":{"rendered":"TOPFACE aki\u0173 kont\u016bravimo \u0161epet\u0117lis F16"},"content":{"rendered":"<p>\u0160is plonas \u0161epet\u0117lis specialiai sukurtas aki\u0173 kont\u016bro pie\u0161tukui. U\u017etikrina profesional\u0173 bet kokio produkto u\u017etepim\u0105 ant voko ir padeda suformuoti plon\u0105 \u0161epet\u0117lio uodeg\u0117l\u0119. Sudr\u0117kinkite \u0161epet\u0117l\u012f \u0161iltu vandeniu. Nuvalykite \u0161erelius pasirinktu valikliu. Kruop\u0161\u010diai nuplaukite \u0161epet\u0117l\u012f. Nusausinkite dr\u0117gm\u0117s pertekli\u0173 \u0161variu popieriniu rank\u0161luos\u010diu.<\/p>\n","protected":false},"excerpt":{"rendered":"<p>\u0160is plonas \u0161epet\u0117lis specialiai sukurtas aki\u0173 kont\u016bro pie\u0161tukui. U\u017etikrina profesional\u0173 bet kokio produkto u\u017etepim\u0105 ant voko ir padeda suformuoti plon\u0105 \u0161epet\u0117lio uodeg\u0117l\u0119. Sudr\u0117kinkite \u0161epet\u0117l\u012f \u0161iltu vandeniu. Nuvalykite \u0161erelius pasirinktu valikliu. Kruop\u0161\u010diai nuplaukite \u0161epet\u0117l\u012f. Nusausinkite dr\u0117gm\u0117s pertekli\u0173 \u0161variu popieriniu rank\u0161luos\u010diu.<\/p>\n","protected":false},"featured_media":95638,"template":"","meta":[],"product_cat":[1548],"product_tag":[],"class_list":{"0":"post-77897","1":"product","2":"type-product","3":"status-publish","4":"has-post-thumbnail","6":"product_brand-top-face-tr-lt","7":"product_cat-teptukai","9":"first","10":"outofstock","11":"taxable","12":"shipping-taxable","13":"product-type-simple"},"_links":{"self":[{"href":"https:\/\/e.kosmolat.eu\/lt\/wp-json\/wp\/v2\/product\/77897","targetHints":{"allow":["GET"]}}],"collection":[{"href":"https:\/\/e.kosmolat.eu\/lt\/wp-json\/wp\/v2\/product"}],"about":[{"href":"https:\/\/e.kosmolat.eu\/lt\/wp-json\/wp\/v2\/types\/product"}],"wp:featuredmedia":[{"embeddable":true,"href":"https:\/\/e.kosmolat.eu\/lt\/wp-json\/wp\/v2\/media\/95638"}],"wp:attachment":[{"href":"https:\/\/e.kosmolat.eu\/lt\/wp-json\/wp\/v2\/media?parent=77897"}],"wp:term":[{"taxonomy":"product_cat","embeddable":true,"href":"https:\/\/e.kosmolat.eu\/lt\/wp-json\/wp\/v2\/product_cat?post=77897"},{"taxonomy":"product_tag","embeddable":true,"href":"https:\/\/e.kosmolat.eu\/lt\/wp-json\/wp\/v2\/product_tag?post=77897"}],"curies":[{"name":"wp","href":"https:\/\/api.w.org\/{rel}","templated":true}]}}