{"id":77889,"date":"2025-08-27T04:01:16","date_gmt":"2025-08-27T04:01:16","guid":{"rendered":"https:\/\/e.kosmolat.eu\/product\/topface-slipa-uzacu-ota-f15\/"},"modified":"2026-04-01T09:15:26","modified_gmt":"2026-04-01T09:15:26","slug":"topface-slipa-uzacu-ota-f15","status":"publish","type":"product","link":"https:\/\/e.kosmolat.eu\/lt\/produktas\/topface-slipa-uzacu-ota-f15\/","title":{"rendered":"TOPFACE kampinis antaki\u0173 \u0161epet\u0117lis F15"},"content":{"rendered":"<p>D\u0117l savo dyd\u017eio ir kampuotos formos tai labai naudingas \u0161epet\u0117lis, skirtas tobulam \u0161e\u0161\u0117li\u0173 ir antaki\u0173 gelio u\u017etepimui. Plonas kampuotas kra\u0161tas leid\u017eia tiksliai nupie\u0161ti plaukelius. Su\u0161lapinkite \u0161epet\u0117l\u012f \u0161iltu vandeniu. \u0160erelius nuvalykite pasirinktu valikliu. Kruop\u0161\u010diai nuplaukite \u0161epet\u0117l\u012f. \u0160variu popieriniu rank\u0161luos\u010diu nuspauskite dr\u0117gm\u0117s pertekli\u0173.<\/p>\n","protected":false},"excerpt":{"rendered":"<p>D\u0117l savo dyd\u017eio ir kampuotos formos tai labai naudingas \u0161epet\u0117lis, skirtas tobulam \u0161e\u0161\u0117li\u0173 ir antaki\u0173 gelio u\u017etepimui. Plonas kampuotas kra\u0161tas leid\u017eia tiksliai nupie\u0161ti plaukelius. Su\u0161lapinkite \u0161epet\u0117l\u012f \u0161iltu vandeniu. \u0160erelius nuvalykite pasirinktu valikliu. Kruop\u0161\u010diai nuplaukite \u0161epet\u0117l\u012f. \u0160variu popieriniu rank\u0161luos\u010diu nuspauskite dr\u0117gm\u0117s pertekli\u0173.<\/p>\n","protected":false},"featured_media":95634,"template":"","meta":[],"product_cat":[1548],"product_tag":[],"class_list":{"0":"post-77889","1":"product","2":"type-product","3":"status-publish","4":"has-post-thumbnail","6":"product_brand-top-face-tr-lt","7":"product_cat-teptukai","9":"first","10":"instock","11":"taxable","12":"shipping-taxable","13":"product-type-simple"},"_links":{"self":[{"href":"https:\/\/e.kosmolat.eu\/lt\/wp-json\/wp\/v2\/product\/77889","targetHints":{"allow":["GET"]}}],"collection":[{"href":"https:\/\/e.kosmolat.eu\/lt\/wp-json\/wp\/v2\/product"}],"about":[{"href":"https:\/\/e.kosmolat.eu\/lt\/wp-json\/wp\/v2\/types\/product"}],"wp:featuredmedia":[{"embeddable":true,"href":"https:\/\/e.kosmolat.eu\/lt\/wp-json\/wp\/v2\/media\/95634"}],"wp:attachment":[{"href":"https:\/\/e.kosmolat.eu\/lt\/wp-json\/wp\/v2\/media?parent=77889"}],"wp:term":[{"taxonomy":"product_cat","embeddable":true,"href":"https:\/\/e.kosmolat.eu\/lt\/wp-json\/wp\/v2\/product_cat?post=77889"},{"taxonomy":"product_tag","embeddable":true,"href":"https:\/\/e.kosmolat.eu\/lt\/wp-json\/wp\/v2\/product_tag?post=77889"}],"curies":[{"name":"wp","href":"https:\/\/api.w.org\/{rel}","templated":true}]}}