{"id":77861,"date":"2025-08-26T13:51:02","date_gmt":"2025-08-26T13:51:02","guid":{"rendered":"https:\/\/e.kosmolat.eu\/product\/shik-skidras-ziepes-skuju-450-g\/"},"modified":"2026-04-22T10:45:44","modified_gmt":"2026-04-22T10:45:44","slug":"shik-skidras-ziepes-skuju-450-g","status":"publish","type":"product","link":"https:\/\/e.kosmolat.eu\/lt\/produktas\/shik-skidras-ziepes-skuju-450-g\/","title":{"rendered":"SHIK Tualetinis muilas Spygliuo\u010diai, 450 g"},"content":{"rendered":"<p>Naudojimo instrukcijos: u\u017etepkite reikiam\u0105 kiek\u012f ant dr\u0117gnos odos, \u012ftrinkite ir nuplaukite vandeniu.<\/p>\n<p>Atsargumo priemon\u0117s: patekus \u012f akis, gausiai praplaukite vandeniu.<\/p>\n<p>Laikymo s\u0105lygos: laikyti +5 \u00b0C\u2013+25 \u00b0C temperat\u016broje, sandariai u\u017edarytoje pakuot\u0117je, bent 1 m atstumu nuo \u0161ildymo prietais\u0173, vengiant tiesiogini\u0173 saul\u0117s spinduli\u0173.<\/p>\n<p>Geriausias: 36 m\u0117nesiai nuo pagaminimo datos.<\/p>\n","protected":false},"excerpt":{"rendered":"<p>Naudojimo instrukcijos: u\u017etepkite reikiam\u0105 kiek\u012f ant dr\u0117gnos odos, \u012ftrinkite ir nuplaukite vandeniu. Atsargumo priemon\u0117s: patekus \u012f akis, gausiai praplaukite vandeniu. Laikymo s\u0105lygos: laikyti +5 \u00b0C\u2013+25 \u00b0C temperat\u016broje, sandariai u\u017edarytoje pakuot\u0117je, bent 1 m atstumu nuo \u0161ildymo prietais\u0173, vengiant tiesiogini\u0173 saul\u0117s spinduli\u0173. Geriausias: 36 m\u0117nesiai nuo pagaminimo datos.<\/p>\n","protected":false},"featured_media":96334,"template":"","meta":[],"product_cat":[1748],"product_tag":[],"class_list":{"0":"post-77861","1":"product","2":"type-product","3":"status-publish","4":"has-post-thumbnail","6":"product_brand-slobozanskij-milovar_ua-lt","7":"product_cat-skystas-muilas","9":"first","10":"instock","11":"taxable","12":"shipping-taxable","13":"product-type-simple"},"_links":{"self":[{"href":"https:\/\/e.kosmolat.eu\/lt\/wp-json\/wp\/v2\/product\/77861","targetHints":{"allow":["GET"]}}],"collection":[{"href":"https:\/\/e.kosmolat.eu\/lt\/wp-json\/wp\/v2\/product"}],"about":[{"href":"https:\/\/e.kosmolat.eu\/lt\/wp-json\/wp\/v2\/types\/product"}],"wp:featuredmedia":[{"embeddable":true,"href":"https:\/\/e.kosmolat.eu\/lt\/wp-json\/wp\/v2\/media\/96334"}],"wp:attachment":[{"href":"https:\/\/e.kosmolat.eu\/lt\/wp-json\/wp\/v2\/media?parent=77861"}],"wp:term":[{"taxonomy":"product_cat","embeddable":true,"href":"https:\/\/e.kosmolat.eu\/lt\/wp-json\/wp\/v2\/product_cat?post=77861"},{"taxonomy":"product_tag","embeddable":true,"href":"https:\/\/e.kosmolat.eu\/lt\/wp-json\/wp\/v2\/product_tag?post=77861"}],"curies":[{"name":"wp","href":"https:\/\/api.w.org\/{rel}","templated":true}]}}