{"id":77857,"date":"2025-08-26T13:21:14","date_gmt":"2025-08-26T13:21:14","guid":{"rendered":"https:\/\/e.kosmolat.eu\/?post_type=product&#038;p=77857"},"modified":"2026-03-17T13:36:26","modified_gmt":"2026-03-17T13:36:26","slug":"famirel-busteris-ar-vitaminu-kompleksu-30-ml","status":"publish","type":"product","link":"https:\/\/e.kosmolat.eu\/lt\/produktas\/famirel-busteris-ar-vitaminu-kompleksu-30-ml\/","title":{"rendered":"FAMIREL serumas su vitamin\u0173 kompleksu, 30 ml"},"content":{"rendered":"<p>Atnaujinkite ir atgaivinkite savo od\u0105. \u201eVitamin Booster\u201c \u2013 tai galingas esmini\u0173 vitamin\u0173 kompleksas, skirtas atkurti ir sustiprinti nat\u016bral\u0173 odos spindes\u012f. Formul\u0117 su penkiais pagrindiniais vitaminais padeda spr\u0119sti \u012fvairias odos problemas, kartu maitindama ir apsaugodama od\u0105.<\/p>\n<p>Pagrindiniai ingredientai:<\/p>\n<p>\u2022 Vitaminas E \u2013 galingas antioksidantas, apsaugo od\u0105 nuo aplinkos streso ir laisv\u0173j\u0173 radikal\u0173, dr\u0117kina ir mink\u0161tina, gerina tekst\u016br\u0105 ir elastingum\u0105.<\/p>\n<p>\u2022 Vitaminas B5 \u2013 giliai dr\u0117kina, gerina dr\u0117kinim\u0105 ir stiprina odos apsaugin\u012f barjer\u0105, tod\u0117l ji tampa mink\u0161ta ir elastinga.<\/p>\n<p>\u2022 Vitaminas B3 \u2013 padeda suma\u017einti tamsias d\u0117mes, i\u0161lyginti atspalv\u012f, suma\u017einti paraudim\u0105, pagerinti odos tekst\u016br\u0105 ir stangrum\u0105, stiprina nat\u016bral\u0173 jos barjer\u0105.<br \/>\n\u2022 Vitaminas A \u2013 stimuliuoja l\u0105steli\u0173 atsinaujinim\u0105 ir kolageno sintez\u0119, ma\u017eina smulkias rauk\u0161leles ir nelygumus, suteikia gaivesn\u0119 ir jaunatvi\u0161kesn\u0119 i\u0161vaizd\u0105.<br \/>\n\u2022 Vitaminas C \u2013 galingas antioksidantas, skaistina od\u0105, ma\u017eina tamsi\u0173 d\u0117mi\u0173 atsiradim\u0105, i\u0161lygina odos atspalv\u012f ir palaiko kolageno gamyb\u0105, tod\u0117l oda tampa elastinga ir spindinti.<\/p>\n<p>Naudojimas: Tepkite ant \u0161varios, sausos odos. U\u017ela\u0161inkite 2\u20133 la\u0161us serumo ant pir\u0161t\u0173 galiuk\u0173 ir \u0161velniai \u012fmasa\u017euokite, sutelkdami d\u0117mes\u012f \u012f vietas, kurias reikia skaistinti ir atkurti. Prie\u0161 tepdami krem\u0105 ar apsaugin\u012f krem\u0105 nuo saul\u0117s, leiskite jam visi\u0161kai \u012fsigerti. Geriausiems rezultatams pasiekti naudokite ryt\u0105 ir vakare.<\/p>\n<p>\u012esp\u0117jimas: sud\u0117tyje yra vitamino A. Prie\u0161 naudojant atsi\u017evelgti \u012f paros doz\u0119.<\/p>\n<p>Atsargumo priemon\u0117s:<br \/>\n\u2022 Naudokite tik pagal paskirt\u012f.<br \/>\n\u2022 Neprarykite.<br \/>\n\u2022 Venkite patekimo \u012f akis.<br \/>\n\u2022 Laikyti vaikams nepasiekiamoje vietoje.<br \/>\n\u2022 Nenaudokite, jei yra individualus jautrumas komponentams.<br \/>\n\u2022 Jei atsiranda dirginimas, nedelsiant nutraukite naudojim\u0105.<br \/>\n\u2022 Sud\u0117tyje n\u0117ra paraben\u0173.<\/p>\n<p>Laikymo s\u0105lygos: laikyti nuo +5 iki +39 \u00b0C temperat\u016broje, o santykin\u0117 oro dr\u0117gm\u0117 55-70%.<\/p>\n","protected":false},"excerpt":{"rendered":"<p>Atnaujinkite ir atgaivinkite savo od\u0105. \u201eVitamin Booster\u201c \u2013 tai galingas esmini\u0173 vitamin\u0173 kompleksas, skirtas atkurti ir sustiprinti nat\u016bral\u0173 odos spindes\u012f. Formul\u0117 su penkiais pagrindiniais vitaminais padeda spr\u0119sti \u012fvairias odos problemas, kartu maitindama ir apsaugodama od\u0105. Pagrindiniai ingredientai: \u2022 Vitaminas E \u2013 galingas antioksidantas, apsaugo od\u0105 nuo aplinkos streso ir laisv\u0173j\u0173 radikal\u0173, dr\u0117kina ir mink\u0161tina, gerina [&#8230;]\n","protected":false},"featured_media":95894,"template":"","meta":[],"product_cat":[1327],"product_tag":[],"class_list":{"0":"post-77857","1":"product","2":"type-product","3":"status-publish","4":"has-post-thumbnail","6":"product_brand-famirel-il-lt","7":"product_cat-serumai","9":"first","10":"instock","11":"taxable","12":"shipping-taxable","13":"product-type-simple"},"_links":{"self":[{"href":"https:\/\/e.kosmolat.eu\/lt\/wp-json\/wp\/v2\/product\/77857","targetHints":{"allow":["GET"]}}],"collection":[{"href":"https:\/\/e.kosmolat.eu\/lt\/wp-json\/wp\/v2\/product"}],"about":[{"href":"https:\/\/e.kosmolat.eu\/lt\/wp-json\/wp\/v2\/types\/product"}],"wp:featuredmedia":[{"embeddable":true,"href":"https:\/\/e.kosmolat.eu\/lt\/wp-json\/wp\/v2\/media\/95894"}],"wp:attachment":[{"href":"https:\/\/e.kosmolat.eu\/lt\/wp-json\/wp\/v2\/media?parent=77857"}],"wp:term":[{"taxonomy":"product_cat","embeddable":true,"href":"https:\/\/e.kosmolat.eu\/lt\/wp-json\/wp\/v2\/product_cat?post=77857"},{"taxonomy":"product_tag","embeddable":true,"href":"https:\/\/e.kosmolat.eu\/lt\/wp-json\/wp\/v2\/product_tag?post=77857"}],"curies":[{"name":"wp","href":"https:\/\/api.w.org\/{rel}","templated":true}]}}