{"id":77853,"date":"2025-08-26T12:51:01","date_gmt":"2025-08-26T12:51:01","guid":{"rendered":"https:\/\/e.kosmolat.eu\/?post_type=product&#038;p=77853"},"modified":"2026-03-11T08:20:55","modified_gmt":"2026-03-11T08:20:55","slug":"famirel-liftinga-busteris-30-ml","status":"publish","type":"product","link":"https:\/\/e.kosmolat.eu\/lt\/produktas\/famirel-liftinga-busteris-30-ml\/","title":{"rendered":"FAMIREL stangrinantis serumas, 30 ml"},"content":{"rendered":"<p>\u0160is novatori\u0161kas stangrinamasis preparatas sukurtas padidinti odos stangrum\u0105 ir elastingum\u0105, gr\u0105\u017einant jai jaunatvi\u0161kum\u0105 nauj\u0105 i\u0161vaizd\u0105. Galingas veikli\u0173j\u0173 med\u017eiag\u0173 kompleksas palaiko nat\u016bralias odos funkcijas ir suteikia matom\u0173 rezultat\u0173.<br \/>\nVeikliosios med\u017eiagos:<br \/>\n\u2022 Peptid\u0173 kompleksas \u2013 ma\u017eina rauk\u0161li\u0173 atsiradim\u0105, didina odos elastingum\u0105 ir gerina jos i\u0161vaizd\u0105.<br \/>\n\u2022 Hialurono r\u016bg\u0161tis \u2013 intensyviai dr\u0117kina, i\u0161laiko dr\u0117gm\u0119 odoje, skatina jos lygum\u0105 ir gaivum\u0105.<br \/>\n\u2022 Pantenolis ir \u0161altalanki\u0173 ekstraktas \u2013 ramina ir maitina od\u0105, stiprina jos apsaugin\u012f barjer\u0105, didina dr\u0117gm\u0117s lyg\u012f, dr\u0117kinim\u0105 ir pagerina tekst\u016br\u0105.<\/p>\n<p>Naudojimas:<br \/>\nU\u017etepkite 2\u20133 la\u0161us serumo ant \u0161varios, sausos veido odos. \u0160velniai \u012fmasa\u017euokite, atkreipdami d\u0117mes\u012f \u012f vietas, kurios linkusios prarasti elastingum\u0105: skruostus, \u017eandikaul\u012f, kakl\u0105. Leiskite \u012fsigerti, tada naudokite dr\u0117kinam\u0105j\u012f krem\u0105 arba apsaugos nuo saul\u0117s priemon\u0119. Maksimaliam efektui pasiekti naudokite serum\u0105 ryte ir vakare.<\/p>\n<p>Atsargumo priemon\u0117s:<br \/>\n\u2022 Naudokite tik pagal paskirt\u012f.<br \/>\n\u2022 Neprarykite.<br \/>\n\u2022 Venkite patekimo \u012f akis.<br \/>\n\u2022 Laikyti vaikams nepasiekiamoje vietoje.<br \/>\n\u2022 Nenaudokite, jei yra individualus jautrumas komponentams.<br \/>\n\u2022 Jei atsiranda dirginimas, nedelsiant nutraukite naudojim\u0105.<br \/>\n\u2022 Sud\u0117tyje n\u0117ra paraben\u0173.<\/p>\n<p>Laikymo s\u0105lygos: laikyti nuo +5 iki +39 \u00b0C temperat\u016broje, o santykin\u0117 oro dr\u0117gm\u0117 55-70%.<\/p>\n","protected":false},"excerpt":{"rendered":"<p>\u0160is novatori\u0161kas stangrinamasis preparatas sukurtas padidinti odos stangrum\u0105 ir elastingum\u0105, gr\u0105\u017einant jai jaunatvi\u0161kum\u0105 nauj\u0105 i\u0161vaizd\u0105. Galingas veikli\u0173j\u0173 med\u017eiag\u0173 kompleksas palaiko nat\u016bralias odos funkcijas ir suteikia matom\u0173 rezultat\u0173. Veikliosios med\u017eiagos: \u2022 Peptid\u0173 kompleksas \u2013 ma\u017eina rauk\u0161li\u0173 atsiradim\u0105, didina odos elastingum\u0105 ir gerina jos i\u0161vaizd\u0105. \u2022 Hialurono r\u016bg\u0161tis \u2013 intensyviai dr\u0117kina, i\u0161laiko dr\u0117gm\u0119 odoje, skatina jos lygum\u0105 [&#8230;]\n","protected":false},"featured_media":95886,"template":"","meta":[],"product_cat":[2181],"product_tag":[],"class_list":{"0":"post-77853","1":"product","2":"type-product","3":"status-publish","4":"has-post-thumbnail","6":"product_brand-famirel-il-lt","7":"product_cat-bez-kategorijas-lt","9":"first","10":"instock","11":"taxable","12":"shipping-taxable","13":"product-type-simple"},"_links":{"self":[{"href":"https:\/\/e.kosmolat.eu\/lt\/wp-json\/wp\/v2\/product\/77853","targetHints":{"allow":["GET"]}}],"collection":[{"href":"https:\/\/e.kosmolat.eu\/lt\/wp-json\/wp\/v2\/product"}],"about":[{"href":"https:\/\/e.kosmolat.eu\/lt\/wp-json\/wp\/v2\/types\/product"}],"wp:featuredmedia":[{"embeddable":true,"href":"https:\/\/e.kosmolat.eu\/lt\/wp-json\/wp\/v2\/media\/95886"}],"wp:attachment":[{"href":"https:\/\/e.kosmolat.eu\/lt\/wp-json\/wp\/v2\/media?parent=77853"}],"wp:term":[{"taxonomy":"product_cat","embeddable":true,"href":"https:\/\/e.kosmolat.eu\/lt\/wp-json\/wp\/v2\/product_cat?post=77853"},{"taxonomy":"product_tag","embeddable":true,"href":"https:\/\/e.kosmolat.eu\/lt\/wp-json\/wp\/v2\/product_tag?post=77853"}],"curies":[{"name":"wp","href":"https:\/\/api.w.org\/{rel}","templated":true}]}}