{"id":77848,"date":"2025-08-26T11:50:59","date_gmt":"2025-08-26T11:50:59","guid":{"rendered":"https:\/\/e.kosmolat.eu\/?post_type=product&#038;p=77848"},"modified":"2026-03-11T08:21:08","modified_gmt":"2026-03-11T08:21:08","slug":"famirel-busteris-ar-niacinam-problem-adai-ar-noslieci-uz-izsit-30-ml","status":"publish","type":"product","link":"https:\/\/e.kosmolat.eu\/lt\/produktas\/famirel-busteris-ar-niacinam-problem-adai-ar-noslieci-uz-izsit-30-ml\/","title":{"rendered":"FAMIREL serumas su niacinamidu probleminei odai, linkusiai \u012f spuogus, 30 ml"},"content":{"rendered":"<p>Specialiai sukurtas riebiai, \u012f spuogus linkusiai odai, \u0161is serumas stipriklis pasitelkia gamtos gali\u0105 odai nuraminti ir atkurti.<\/p>\n<p>Aktyvieji ingredientai:<br \/>\n\u2022 Hamamelis \u2013 sutraukia poras ir kontroliuoja riebal\u0173 pertekli\u0173, suma\u017eindamas spuog\u0173 rizik\u0105.<br \/>\n\u2022 Kalaminas \u2013 ramina od\u0105.<br \/>\n\u2022 Arbatmed\u017ei\u0173 aliejus \u2013 \u017einomas d\u0117l savo unikali\u0173 savybi\u0173, padeda kovoti su spuogais ir suteikia odai skaistesn\u0119 i\u0161vaizd\u0105.<\/p>\n<p>Naudojimas:<br \/>\n\u012etraukite \u0161\u012f serum\u0105- stiprikl\u012f \u012f savo kasdien\u0119 odos prie\u017ei\u016bros rutin\u0105, kad sustiprintum\u0117te nat\u016brali\u0105 odos apsaug\u0105 ir i\u0161laikytum\u0117te gaiv\u0173, \u0161var\u0173 veido od\u0105.<\/p>\n<p>Naudojimas:<br \/>\nPrie\u0161 naudojim\u0105 suplakite. Tepkite ant \u0161varios, problemini\u0173 viet\u0173 odos. Rekomenduojama naudoti vakare prie\u0161 mieg\u0105. T\u0119skite nudojim\u0105 kol b\u016bkl\u0117 pager\u0117s.<\/p>\n<p>Atsargumo priemon\u0117s:<br \/>\n\u2022 Naudokite tik pagal paskirt\u012f.<br \/>\n\u2022 Neprarykite.<br \/>\n\u2022 Venkite patekimo \u012f akis.<br \/>\n\u2022 Laikyti vaikams nepasiekiamoje vietoje.<br \/>\n\u2022 Nenaudokite, jei yra individualus jautrumas komponentams.<br \/>\n\u2022 Jei atsiranda dirginimas, nedelsiant nutraukite naudojim\u0105.<br \/>\n\u2022 Sud\u0117tyje n\u0117ra paraben\u0173.<\/p>\n","protected":false},"excerpt":{"rendered":"<p>Specialiai sukurtas riebiai, \u012f spuogus linkusiai odai, \u0161is serumas stipriklis pasitelkia gamtos gali\u0105 odai nuraminti ir atkurti. Aktyvieji ingredientai: \u2022 Hamamelis \u2013 sutraukia poras ir kontroliuoja riebal\u0173 pertekli\u0173, suma\u017eindamas spuog\u0173 rizik\u0105. \u2022 Kalaminas \u2013 ramina od\u0105. \u2022 Arbatmed\u017ei\u0173 aliejus \u2013 \u017einomas d\u0117l savo unikali\u0173 savybi\u0173, padeda kovoti su spuogais ir suteikia odai skaistesn\u0119 i\u0161vaizd\u0105. Naudojimas: [&#8230;]\n","protected":false},"featured_media":95890,"template":"","meta":[],"product_cat":[2181],"product_tag":[],"class_list":{"0":"post-77848","1":"product","2":"type-product","3":"status-publish","4":"has-post-thumbnail","6":"product_brand-famirel-il-lt","7":"product_cat-bez-kategorijas-lt","9":"first","10":"instock","11":"taxable","12":"shipping-taxable","13":"product-type-simple"},"_links":{"self":[{"href":"https:\/\/e.kosmolat.eu\/lt\/wp-json\/wp\/v2\/product\/77848","targetHints":{"allow":["GET"]}}],"collection":[{"href":"https:\/\/e.kosmolat.eu\/lt\/wp-json\/wp\/v2\/product"}],"about":[{"href":"https:\/\/e.kosmolat.eu\/lt\/wp-json\/wp\/v2\/types\/product"}],"wp:featuredmedia":[{"embeddable":true,"href":"https:\/\/e.kosmolat.eu\/lt\/wp-json\/wp\/v2\/media\/95890"}],"wp:attachment":[{"href":"https:\/\/e.kosmolat.eu\/lt\/wp-json\/wp\/v2\/media?parent=77848"}],"wp:term":[{"taxonomy":"product_cat","embeddable":true,"href":"https:\/\/e.kosmolat.eu\/lt\/wp-json\/wp\/v2\/product_cat?post=77848"},{"taxonomy":"product_tag","embeddable":true,"href":"https:\/\/e.kosmolat.eu\/lt\/wp-json\/wp\/v2\/product_tag?post=77848"}],"curies":[{"name":"wp","href":"https:\/\/api.w.org\/{rel}","templated":true}]}}