{"id":77844,"date":"2025-08-26T10:06:58","date_gmt":"2025-08-26T10:06:58","guid":{"rendered":"https:\/\/e.kosmolat.eu\/product\/famirel-aloe-vera-maigas-un-nomierin-putas-intimajai-higien-250-ml\/"},"modified":"2026-02-24T10:56:11","modified_gmt":"2026-02-24T10:56:11","slug":"famirel-aloe-vera-maigas-un-nomierin-putas-intimajai-higien-250-ml","status":"publish","type":"product","link":"https:\/\/e.kosmolat.eu\/lt\/produktas\/famirel-aloe-vera-maigas-un-nomierin-putas-intimajai-higien-250-ml\/","title":{"rendered":"FAMIREL Aloe Vera \u0161velnios ir raminan\u010dios putos intymiai higienai, 250 ml"},"content":{"rendered":"<p>\u0160velni ir delikati formul\u0117 gaivina ir ramina intymi\u0105 zon\u0105 bei padeda palaikyti nat\u016bral\u0173 mak\u0161ties pH lyg\u012f.<\/p>\n<p>D\u0117l malonaus aromato ir raminan\u010dio alavijo ekstrakto priemon\u0117 suteikia ilgalaik\u012f gaivumo poj\u016bt\u012f vis\u0105 dien\u0105.<\/p>\n<p>Naudojimas: 1\u20132 paspaudimais \u0161velniai \u012fmasa\u017euokite \u012f intymi\u0105 zon\u0105  ir kruop\u0161\u010diai nuplaukite \u0161variu vandeniu.<\/p>\n<p>Atsargumo priemon\u0117s: Naudokite tik pagal nurodymus. Nenurykite. Venkite patekimo \u012f akis. Laikyti vaikams nepasiekiamoje vietoje. Nenaudokite, jei esate jautrus bet kuriai i\u0161 sudedam\u0173j\u0173 dali\u0173. Nedelsdami nutraukite naudojim\u0105, jei atsiranda dirginimas.<\/p>\n","protected":false},"excerpt":{"rendered":"<p>\u0160velni ir delikati formul\u0117 gaivina ir ramina intymi\u0105 zon\u0105 bei padeda palaikyti nat\u016bral\u0173 mak\u0161ties pH lyg\u012f. D\u0117l malonaus aromato ir raminan\u010dio alavijo ekstrakto priemon\u0117 suteikia ilgalaik\u012f gaivumo poj\u016bt\u012f vis\u0105 dien\u0105. Naudojimas: 1\u20132 paspaudimais \u0161velniai \u012fmasa\u017euokite \u012f intymi\u0105 zon\u0105 ir kruop\u0161\u010diai nuplaukite \u0161variu vandeniu. Atsargumo priemon\u0117s: Naudokite tik pagal nurodymus. Nenurykite. Venkite patekimo \u012f akis. Laikyti [&#8230;]\n","protected":false},"featured_media":94226,"template":"","meta":[],"product_cat":[2181],"product_tag":[],"class_list":{"0":"post-77844","1":"product","2":"type-product","3":"status-publish","4":"has-post-thumbnail","6":"product_brand-famirel-il-lt","7":"product_cat-bez-kategorijas-lt","9":"first","10":"instock","11":"taxable","12":"shipping-taxable","13":"product-type-simple"},"_links":{"self":[{"href":"https:\/\/e.kosmolat.eu\/lt\/wp-json\/wp\/v2\/product\/77844","targetHints":{"allow":["GET"]}}],"collection":[{"href":"https:\/\/e.kosmolat.eu\/lt\/wp-json\/wp\/v2\/product"}],"about":[{"href":"https:\/\/e.kosmolat.eu\/lt\/wp-json\/wp\/v2\/types\/product"}],"wp:featuredmedia":[{"embeddable":true,"href":"https:\/\/e.kosmolat.eu\/lt\/wp-json\/wp\/v2\/media\/94226"}],"wp:attachment":[{"href":"https:\/\/e.kosmolat.eu\/lt\/wp-json\/wp\/v2\/media?parent=77844"}],"wp:term":[{"taxonomy":"product_cat","embeddable":true,"href":"https:\/\/e.kosmolat.eu\/lt\/wp-json\/wp\/v2\/product_cat?post=77844"},{"taxonomy":"product_tag","embeddable":true,"href":"https:\/\/e.kosmolat.eu\/lt\/wp-json\/wp\/v2\/product_tag?post=77844"}],"curies":[{"name":"wp","href":"https:\/\/api.w.org\/{rel}","templated":true}]}}