{"id":77836,"date":"2025-08-26T09:46:15","date_gmt":"2025-08-26T09:46:15","guid":{"rendered":"https:\/\/e.kosmolat.eu\/product\/shower-gel-with-olive-oil-and-honey-and-dead-sea-minerals-750-ml\/"},"modified":"2026-04-14T08:26:43","modified_gmt":"2026-04-14T08:26:43","slug":"famirel-dusas-zel-oliv-medu-un-naves-juras-miner-750-ml","status":"publish","type":"product","link":"https:\/\/e.kosmolat.eu\/lt\/produktas\/famirel-dusas-zel-oliv-medu-un-naves-juras-miner-750-ml\/","title":{"rendered":"FAMIREL du\u0161o gelis su alyvuogi\u0173 aliejumi, medumi ir Negyvosios j\u016bros mineralais, 750 ml"},"content":{"rendered":"<p>Itin dr\u0117kinamasis du\u0161o gelis, praturtintas Negyvosios j\u016bros mineralais ir augal\u0173 ekstraktais. \u0160velni, aksomin\u0117 formul\u0117 padeda dr\u0117kinti od\u0105 ir suteikia jai \u0161velnumo bei glotnumo visai dienai.<br \/>\nNaudojimas: Tepkite ant dr\u0117gnos odos ar kempin\u0117s, masa\u017euokite k\u016bn\u0105, tada nuplaukite vandeniu.<\/p>\n<p>Atsargumo priemon\u0117s:<br \/>\n\u2022 Naudokite tik pagal paskirt\u012f.<br \/>\n\u2022 Neprarykite.<br \/>\n\u2022 Venkite patekimo \u012f akis.<br \/>\n\u2022 Laikyti vaikams nepasiekiamoje vietoje.<br \/>\n\u2022 Nenaudokite, jei yra individualus jautrumas komponentams.<br \/>\n\u2022 Jei atsiranda dirginimas, nedelsiant nutraukite naudojim\u0105.<br \/>\n\u2022 Tik i\u0161oriniam naudojimui<br \/>\n\u2022 Sud\u0117tyje n\u0117ra paraben\u0173.<\/p>\n","protected":false},"excerpt":{"rendered":"<p>Itin dr\u0117kinamasis du\u0161o gelis, praturtintas Negyvosios j\u016bros mineralais ir augal\u0173 ekstraktais. \u0160velni, aksomin\u0117 formul\u0117 padeda dr\u0117kinti od\u0105 ir suteikia jai \u0161velnumo bei glotnumo visai dienai. Naudojimas: Tepkite ant dr\u0117gnos odos ar kempin\u0117s, masa\u017euokite k\u016bn\u0105, tada nuplaukite vandeniu. Atsargumo priemon\u0117s: \u2022 Naudokite tik pagal paskirt\u012f. \u2022 Neprarykite. \u2022 Venkite patekimo \u012f akis. \u2022 Laikyti vaikams nepasiekiamoje [&#8230;]\n","protected":false},"featured_media":95898,"template":"","meta":[],"product_cat":[1282],"product_tag":[],"class_list":{"0":"post-77836","1":"product","2":"type-product","3":"status-publish","4":"has-post-thumbnail","6":"product_brand-famirel-il-lt","7":"product_cat-duso-geliai-ir-duso-aliejai","9":"first","10":"instock","11":"taxable","12":"shipping-taxable","13":"product-type-simple"},"_links":{"self":[{"href":"https:\/\/e.kosmolat.eu\/lt\/wp-json\/wp\/v2\/product\/77836","targetHints":{"allow":["GET"]}}],"collection":[{"href":"https:\/\/e.kosmolat.eu\/lt\/wp-json\/wp\/v2\/product"}],"about":[{"href":"https:\/\/e.kosmolat.eu\/lt\/wp-json\/wp\/v2\/types\/product"}],"wp:featuredmedia":[{"embeddable":true,"href":"https:\/\/e.kosmolat.eu\/lt\/wp-json\/wp\/v2\/media\/95898"}],"wp:attachment":[{"href":"https:\/\/e.kosmolat.eu\/lt\/wp-json\/wp\/v2\/media?parent=77836"}],"wp:term":[{"taxonomy":"product_cat","embeddable":true,"href":"https:\/\/e.kosmolat.eu\/lt\/wp-json\/wp\/v2\/product_cat?post=77836"},{"taxonomy":"product_tag","embeddable":true,"href":"https:\/\/e.kosmolat.eu\/lt\/wp-json\/wp\/v2\/product_tag?post=77836"}],"curies":[{"name":"wp","href":"https:\/\/api.w.org\/{rel}","templated":true}]}}