{"id":77832,"date":"2025-08-26T08:15:40","date_gmt":"2025-08-26T08:15:40","guid":{"rendered":"https:\/\/e.kosmolat.eu\/product\/famirel-dusas-zeleja-ar-marulas-un-ilangilanga-ellam-500-ml\/"},"modified":"2026-04-16T10:43:23","modified_gmt":"2026-04-16T10:43:23","slug":"famirel-dusas-zeleja-ar-marulas-un-ilangilanga-ellam-500-ml","status":"publish","type":"product","link":"https:\/\/e.kosmolat.eu\/lt\/produktas\/famirel-dusas-zeleja-ar-marulas-un-ilangilanga-ellam-500-ml\/","title":{"rendered":"FAMIREL du\u0161o gelis su marul\u0173 ir ylang-ylang aliejais, 500 ml"},"content":{"rendered":"<p>Prabangi prie\u017ei\u016bra su itin dr\u0117kinamuoju du\u0161o geliu su Negyvosios j\u016bros mineralais. Formul\u0117 su marul\u0173 aliejumi, Negyvosios j\u016bros mineralais ir augal\u0173 ekstraktais \u0161velniai r\u016bpinasi oda, intensyviai dr\u0117kina ir suteikia \u0161velnumo bei glotnumo poj\u016bt\u012f visai dienai.<\/p>\n<p>Naudojimas: tepkite ant dr\u0117gnos odos ar kempin\u0117s, masa\u017euokite k\u016bn\u0105, tada nuplaukite vandeniu.<\/p>\n<p>Atsargumo priemon\u0117s:<br \/>\n\u2022 Naudokite tik pagal paskirt\u012f.<br \/>\n\u2022 Neprarykite.<br \/>\n\u2022 Venkite patekimo \u012f akis.<br \/>\n\u2022 Laikyti vaikams nepasiekiamoje vietoje.<br \/>\n\u2022 Nenaudokite, jei yra individualus jautrumas komponentams.<br \/>\n\u2022 Jei atsiranda dirginimas, nedelsiant nutraukite naudojim\u0105.<br \/>\n\u2022 Tik i\u0161oriniam naudojimui<br \/>\n\u2022 Sud\u0117tyje n\u0117ra paraben\u0173.<\/p>\n","protected":false},"excerpt":{"rendered":"<p>Prabangi prie\u017ei\u016bra su itin dr\u0117kinamuoju du\u0161o geliu su Negyvosios j\u016bros mineralais. Formul\u0117 su marul\u0173 aliejumi, Negyvosios j\u016bros mineralais ir augal\u0173 ekstraktais \u0161velniai r\u016bpinasi oda, intensyviai dr\u0117kina ir suteikia \u0161velnumo bei glotnumo poj\u016bt\u012f visai dienai. Naudojimas: tepkite ant dr\u0117gnos odos ar kempin\u0117s, masa\u017euokite k\u016bn\u0105, tada nuplaukite vandeniu. Atsargumo priemon\u0117s: \u2022 Naudokite tik pagal paskirt\u012f. \u2022 Neprarykite. [&#8230;]\n","protected":false},"featured_media":94222,"template":"","meta":[],"product_cat":[1282],"product_tag":[],"class_list":{"0":"post-77832","1":"product","2":"type-product","3":"status-publish","4":"has-post-thumbnail","6":"product_brand-famirel-il-lt","7":"product_cat-duso-geliai-ir-duso-aliejai","9":"first","10":"instock","11":"taxable","12":"shipping-taxable","13":"product-type-simple"},"_links":{"self":[{"href":"https:\/\/e.kosmolat.eu\/lt\/wp-json\/wp\/v2\/product\/77832","targetHints":{"allow":["GET"]}}],"collection":[{"href":"https:\/\/e.kosmolat.eu\/lt\/wp-json\/wp\/v2\/product"}],"about":[{"href":"https:\/\/e.kosmolat.eu\/lt\/wp-json\/wp\/v2\/types\/product"}],"wp:featuredmedia":[{"embeddable":true,"href":"https:\/\/e.kosmolat.eu\/lt\/wp-json\/wp\/v2\/media\/94222"}],"wp:attachment":[{"href":"https:\/\/e.kosmolat.eu\/lt\/wp-json\/wp\/v2\/media?parent=77832"}],"wp:term":[{"taxonomy":"product_cat","embeddable":true,"href":"https:\/\/e.kosmolat.eu\/lt\/wp-json\/wp\/v2\/product_cat?post=77832"},{"taxonomy":"product_tag","embeddable":true,"href":"https:\/\/e.kosmolat.eu\/lt\/wp-json\/wp\/v2\/product_tag?post=77832"}],"curies":[{"name":"wp","href":"https:\/\/api.w.org\/{rel}","templated":true}]}}