{"id":77828,"date":"2025-08-26T07:36:34","date_gmt":"2025-08-26T07:36:34","guid":{"rendered":"https:\/\/e.kosmolat.eu\/product\/famirel-sampuns-ar-smiltserks-sausiem-un-krasotiem-matiem-750-ml\/"},"modified":"2026-04-16T13:08:07","modified_gmt":"2026-04-16T13:08:07","slug":"famirel-sampuns-ar-smiltserks-sausiem-un-krasotiem-matiem-750-ml","status":"publish","type":"product","link":"https:\/\/e.kosmolat.eu\/lt\/produktas\/famirel-sampuns-ar-smiltserks-sausiem-un-krasotiem-matiem-750-ml\/","title":{"rendered":"FAMIREL \u0161amp\u016bnas su \u0161altalankiais sausiems ir da\u017eytiems plaukams, 750 ml"},"content":{"rendered":"<p>\u0160amp\u016bnas sausiems ir da\u017eytiems plaukams, kurio pagrind\u0105 sudaro Negyvosios j\u016bros mineralai, \u017einomi d\u0117l savo valom\u0173j\u0173 ir maitinam\u0173j\u0173 savybi\u0173 galvos odai ir plaukams. Praturtintas augal\u0173 ekstraktais ir aktyviais aliejais, jis dr\u0117kina plaukus nuo \u0161akn\u0173 iki galiuk\u0173, atkuria ir apsaugo nuo chemini\u0173 med\u017eiag\u0173 sukeltos \u017ealos, sausumo ir l\u016b\u017ein\u0117jimo..<br \/>\nGr\u0105\u017eina spindes\u012f.<br \/>\nNaudojimas: paskirstykite \u0161amp\u016bn\u0105 ant plauk\u0173, intensyviai masa\u017euodami galvos od\u0105. Nuplaukite \u0161iltu vandeniu. <\/p>\n<p>Atsargumo priemon\u0117s:<br \/>\n\u2022 Naudokite tik pagal paskirt\u012f.<br \/>\n\u2022 Neprarykite.<br \/>\n\u2022 Venkite patekimo \u012f akis.<br \/>\n\u2022 Laikyti vaikams nepasiekiamoje vietoje.<br \/>\n\u2022 Nenaudokite, jei yra individualus jautrumas komponentams.<br \/>\n\u2022 Jei atsiranda dirginimas, nedelsiant nutraukite naudojim\u0105.<br \/>\n\u2022 Sud\u0117tyje n\u0117ra paraben\u0173.<\/p>\n","protected":false},"excerpt":{"rendered":"<p>\u0160amp\u016bnas sausiems ir da\u017eytiems plaukams, kurio pagrind\u0105 sudaro Negyvosios j\u016bros mineralai, \u017einomi d\u0117l savo valom\u0173j\u0173 ir maitinam\u0173j\u0173 savybi\u0173 galvos odai ir plaukams. Praturtintas augal\u0173 ekstraktais ir aktyviais aliejais, jis dr\u0117kina plaukus nuo \u0161akn\u0173 iki galiuk\u0173, atkuria ir apsaugo nuo chemini\u0173 med\u017eiag\u0173 sukeltos \u017ealos, sausumo ir l\u016b\u017ein\u0117jimo.. Gr\u0105\u017eina spindes\u012f. Naudojimas: paskirstykite \u0161amp\u016bn\u0105 ant plauk\u0173, intensyviai masa\u017euodami [&#8230;]\n","protected":false},"featured_media":94210,"template":"","meta":[],"product_cat":[2181],"product_tag":[],"class_list":{"0":"post-77828","1":"product","2":"type-product","3":"status-publish","4":"has-post-thumbnail","6":"product_brand-famirel-il-lt","7":"product_cat-bez-kategorijas-lt","9":"first","10":"instock","11":"taxable","12":"shipping-taxable","13":"product-type-simple"},"_links":{"self":[{"href":"https:\/\/e.kosmolat.eu\/lt\/wp-json\/wp\/v2\/product\/77828","targetHints":{"allow":["GET"]}}],"collection":[{"href":"https:\/\/e.kosmolat.eu\/lt\/wp-json\/wp\/v2\/product"}],"about":[{"href":"https:\/\/e.kosmolat.eu\/lt\/wp-json\/wp\/v2\/types\/product"}],"wp:featuredmedia":[{"embeddable":true,"href":"https:\/\/e.kosmolat.eu\/lt\/wp-json\/wp\/v2\/media\/94210"}],"wp:attachment":[{"href":"https:\/\/e.kosmolat.eu\/lt\/wp-json\/wp\/v2\/media?parent=77828"}],"wp:term":[{"taxonomy":"product_cat","embeddable":true,"href":"https:\/\/e.kosmolat.eu\/lt\/wp-json\/wp\/v2\/product_cat?post=77828"},{"taxonomy":"product_tag","embeddable":true,"href":"https:\/\/e.kosmolat.eu\/lt\/wp-json\/wp\/v2\/product_tag?post=77828"}],"curies":[{"name":"wp","href":"https:\/\/api.w.org\/{rel}","templated":true}]}}