{"id":77824,"date":"2025-08-26T07:17:20","date_gmt":"2025-08-26T07:17:20","guid":{"rendered":"https:\/\/e.kosmolat.eu\/product\/shampoo-for-dry-and-weakened-hair-with-dead-sea-minerals-provitamin-b5-centella-leaf-extract-kera\/"},"modified":"2026-04-17T07:44:06","modified_gmt":"2026-04-17T07:44:06","slug":"famirel-sampuns-ar-olivellu-sausiem-un-novajin-matiem-750-ml","status":"publish","type":"product","link":"https:\/\/e.kosmolat.eu\/lt\/produktas\/famirel-sampuns-ar-olivellu-sausiem-un-novajin-matiem-750-ml\/","title":{"rendered":"FAMIREL \u0161amp\u016bnas su alyvuogi\u0173 aliejumi sausiems ir nusilpusiems plaukams, 750 ml"},"content":{"rendered":"<p>\u0160amp\u016bnas sausiems ir nusilpusiems plaukams su Negyvosios j\u016bros mineralais, kurie giliai valo ir maitina galvos od\u0105 bei plaukus. Formul\u0117 su augal\u0173 ekstraktais ir aktyviais aliejais dr\u0117kina nuo \u0161akn\u0173 iki galiuk\u0173, atkuria ir apsaugo nuo sausumo, l\u016b\u017ein\u0117jimo ir neigiamo aplinkos poveikio, gr\u0105\u017eina plauk\u0173 stiprum\u0105, blizges\u012f ir gyvybingum\u0105.<\/p>\n<p>Naudojimas: paskirstykite \u0161amp\u016bn\u0105 ant plauk\u0173, intensyviai masa\u017euodami galvos od\u0105. Nuplaukite \u0161iltu vandeniu. <\/p>\n<p>Atsargumo priemon\u0117s:<br \/>\n\u2022 Naudokite tik pagal paskirt\u012f.<br \/>\n\u2022 Neprarykite.<br \/>\n\u2022 Venkite patekimo \u012f akis.<br \/>\n\u2022 Laikyti vaikams nepasiekiamoje vietoje.<br \/>\n\u2022 Nenaudokite, jei yra individualus jautrumas komponentams.<br \/>\n\u2022 Jei atsiranda dirginimas, nedelsiant nutraukite naudojim\u0105.<br \/>\n\u2022 Sud\u0117tyje n\u0117ra paraben\u0173.<\/p>\n","protected":false},"excerpt":{"rendered":"<p>\u0160amp\u016bnas sausiems ir nusilpusiems plaukams su Negyvosios j\u016bros mineralais, kurie giliai valo ir maitina galvos od\u0105 bei plaukus. Formul\u0117 su augal\u0173 ekstraktais ir aktyviais aliejais dr\u0117kina nuo \u0161akn\u0173 iki galiuk\u0173, atkuria ir apsaugo nuo sausumo, l\u016b\u017ein\u0117jimo ir neigiamo aplinkos poveikio, gr\u0105\u017eina plauk\u0173 stiprum\u0105, blizges\u012f ir gyvybingum\u0105. Naudojimas: paskirstykite \u0161amp\u016bn\u0105 ant plauk\u0173, intensyviai masa\u017euodami galvos od\u0105. [&#8230;]\n","protected":false},"featured_media":94214,"template":"","meta":[],"product_cat":[2181],"product_tag":[],"class_list":{"0":"post-77824","1":"product","2":"type-product","3":"status-publish","4":"has-post-thumbnail","6":"product_brand-famirel-il-lt","7":"product_cat-bez-kategorijas-lt","9":"first","10":"instock","11":"taxable","12":"shipping-taxable","13":"product-type-simple"},"_links":{"self":[{"href":"https:\/\/e.kosmolat.eu\/lt\/wp-json\/wp\/v2\/product\/77824","targetHints":{"allow":["GET"]}}],"collection":[{"href":"https:\/\/e.kosmolat.eu\/lt\/wp-json\/wp\/v2\/product"}],"about":[{"href":"https:\/\/e.kosmolat.eu\/lt\/wp-json\/wp\/v2\/types\/product"}],"wp:featuredmedia":[{"embeddable":true,"href":"https:\/\/e.kosmolat.eu\/lt\/wp-json\/wp\/v2\/media\/94214"}],"wp:attachment":[{"href":"https:\/\/e.kosmolat.eu\/lt\/wp-json\/wp\/v2\/media?parent=77824"}],"wp:term":[{"taxonomy":"product_cat","embeddable":true,"href":"https:\/\/e.kosmolat.eu\/lt\/wp-json\/wp\/v2\/product_cat?post=77824"},{"taxonomy":"product_tag","embeddable":true,"href":"https:\/\/e.kosmolat.eu\/lt\/wp-json\/wp\/v2\/product_tag?post=77824"}],"curies":[{"name":"wp","href":"https:\/\/api.w.org\/{rel}","templated":true}]}}