{"id":77808,"date":"2025-08-26T04:01:09","date_gmt":"2025-08-26T04:01:09","guid":{"rendered":"https:\/\/e.kosmolat.eu\/product\/sampuns-balzams-kumelite-1-l\/"},"modified":"2026-04-22T10:09:23","modified_gmt":"2026-04-22T10:09:23","slug":"sampuns-balzams-kumelite-1-l","status":"publish","type":"product","link":"https:\/\/e.kosmolat.eu\/lt\/produktas\/sampuns-balzams-kumelite-1-l\/","title":{"rendered":"\u0160amp\u016bnas-balzamas &#8220;Roma\u0161ka&#8221;, 1000 g"},"content":{"rendered":"<p>Ramun\u0117li\u0173 ekstrakto sud\u0117tyje yra eteriniai aliejai, organin\u0117s r\u016bg\u0161tis, vitaminai C ir PP, turi prie\u0161u\u017edegimini\u0173 ir mink\u0161tinan\u010di\u0173 savybi\u0173, suteikia plaukams blizges\u012f ir stiprum\u0105. \u0160veln\u016bs komponentai gerai i\u0161valo plaukus, palaiko nat\u016bral\u0173 galvos odos vandens balans\u0105.<\/p>\n<p>NAUDOJIMO B\u016aDAS: nedidel\u012f \u0161amp\u016bno-balzamo kiek\u012f  u\u017etepkite ant dr\u0117gn\u0173 plauk\u0173, tada nuplaukite vandeniu.<\/p>\n<p>LAIKYMO S\u0104LYGOS: +5\u00b0\u0421 iki +25\u00b0\u0421.<\/p>\n","protected":false},"excerpt":{"rendered":"<p>Ramun\u0117li\u0173 ekstrakto sud\u0117tyje yra eteriniai aliejai, organin\u0117s r\u016bg\u0161tis, vitaminai C ir PP, turi prie\u0161u\u017edegimini\u0173 ir mink\u0161tinan\u010di\u0173 savybi\u0173, suteikia plaukams blizges\u012f ir stiprum\u0105. \u0160veln\u016bs komponentai gerai i\u0161valo plaukus, palaiko nat\u016bral\u0173 galvos odos vandens balans\u0105. NAUDOJIMO B\u016aDAS: nedidel\u012f \u0161amp\u016bno-balzamo kiek\u012f u\u017etepkite ant dr\u0117gn\u0173 plauk\u0173, tada nuplaukite vandeniu. LAIKYMO S\u0104LYGOS: +5\u00b0\u0421 iki +25\u00b0\u0421.<\/p>\n","protected":false},"featured_media":79230,"template":"","meta":[],"product_cat":[2181],"product_tag":[],"class_list":{"0":"post-77808","1":"product","2":"type-product","3":"status-publish","4":"has-post-thumbnail","6":"product_brand-fitodoktor_ua-lt","7":"product_cat-bez-kategorijas-lt","9":"first","10":"outofstock","11":"taxable","12":"shipping-taxable","13":"product-type-simple"},"_links":{"self":[{"href":"https:\/\/e.kosmolat.eu\/lt\/wp-json\/wp\/v2\/product\/77808","targetHints":{"allow":["GET"]}}],"collection":[{"href":"https:\/\/e.kosmolat.eu\/lt\/wp-json\/wp\/v2\/product"}],"about":[{"href":"https:\/\/e.kosmolat.eu\/lt\/wp-json\/wp\/v2\/types\/product"}],"wp:featuredmedia":[{"embeddable":true,"href":"https:\/\/e.kosmolat.eu\/lt\/wp-json\/wp\/v2\/media\/79230"}],"wp:attachment":[{"href":"https:\/\/e.kosmolat.eu\/lt\/wp-json\/wp\/v2\/media?parent=77808"}],"wp:term":[{"taxonomy":"product_cat","embeddable":true,"href":"https:\/\/e.kosmolat.eu\/lt\/wp-json\/wp\/v2\/product_cat?post=77808"},{"taxonomy":"product_tag","embeddable":true,"href":"https:\/\/e.kosmolat.eu\/lt\/wp-json\/wp\/v2\/product_tag?post=77808"}],"curies":[{"name":"wp","href":"https:\/\/api.w.org\/{rel}","templated":true}]}}