{"id":77804,"date":"2025-08-26T04:00:54","date_gmt":"2025-08-26T04:00:54","guid":{"rendered":"https:\/\/e.kosmolat.eu\/product\/i_shik-septitas-debesis-tualetes-ziepes-ar-apelsina-eterisko-ellu-70-g\/"},"modified":"2025-10-28T14:42:24","modified_gmt":"2025-10-28T14:42:24","slug":"i_shik-septitas-debesis-tualetes-ziepes-ar-apelsina-eterisko-ellu-70-g","status":"publish","type":"product","link":"https:\/\/e.kosmolat.eu\/lt\/produktas\/i_shik-septitas-debesis-tualetes-ziepes-ar-apelsina-eterisko-ellu-70-g\/","title":{"rendered":"SHIK Kosmetinis muilas Septintasis dangus su etriniu apelsin\u0173 aliejumi, 70 g"},"content":{"rendered":"<p>Laikyti sausose, u\u017edengtose, gerai v\u0117dinamose patalpose. Atsargumo priemon\u0117s: Patekus \u012f akis, kruop\u0161\u010diai nuplaukite tekan\u010diu vandeniu.<\/p>\n<p>Geriausias: 3 metai nuo pagaminimo datos.<\/p>\n","protected":false},"excerpt":{"rendered":"<p>Laikyti sausose, u\u017edengtose, gerai v\u0117dinamose patalpose. Atsargumo priemon\u0117s: Patekus \u012f akis, kruop\u0161\u010diai nuplaukite tekan\u010diu vandeniu. Geriausias: 3 metai nuo pagaminimo datos.<\/p>\n","protected":false},"featured_media":78534,"template":"","meta":[],"product_cat":[1609],"product_tag":[],"class_list":{"0":"post-77804","1":"product","2":"type-product","3":"status-publish","4":"has-post-thumbnail","6":"product_brand-slobozanskij-milovar_ua-lt","7":"product_cat-muilas","9":"first","10":"outofstock","11":"taxable","12":"shipping-taxable","13":"product-type-simple"},"_links":{"self":[{"href":"https:\/\/e.kosmolat.eu\/lt\/wp-json\/wp\/v2\/product\/77804","targetHints":{"allow":["GET"]}}],"collection":[{"href":"https:\/\/e.kosmolat.eu\/lt\/wp-json\/wp\/v2\/product"}],"about":[{"href":"https:\/\/e.kosmolat.eu\/lt\/wp-json\/wp\/v2\/types\/product"}],"wp:featuredmedia":[{"embeddable":true,"href":"https:\/\/e.kosmolat.eu\/lt\/wp-json\/wp\/v2\/media\/78534"}],"wp:attachment":[{"href":"https:\/\/e.kosmolat.eu\/lt\/wp-json\/wp\/v2\/media?parent=77804"}],"wp:term":[{"taxonomy":"product_cat","embeddable":true,"href":"https:\/\/e.kosmolat.eu\/lt\/wp-json\/wp\/v2\/product_cat?post=77804"},{"taxonomy":"product_tag","embeddable":true,"href":"https:\/\/e.kosmolat.eu\/lt\/wp-json\/wp\/v2\/product_tag?post=77804"}],"curies":[{"name":"wp","href":"https:\/\/api.w.org\/{rel}","templated":true}]}}