{"id":77795,"date":"2025-08-25T10:06:42","date_gmt":"2025-08-25T10:06:42","guid":{"rendered":"https:\/\/e.kosmolat.eu\/product\/organic-mimi-fruit-wave-fortifying-and-growth-shampoo-bar-50-g\/"},"modified":"2026-04-15T12:01:25","modified_gmt":"2026-04-15T12:01:25","slug":"c-organic-mimi-fruit-wave-cietais-samp-novajin-mat-stiprinas-un-speks-50-g","status":"publish","type":"product","link":"https:\/\/e.kosmolat.eu\/lt\/produktas\/c-organic-mimi-fruit-wave-cietais-samp-novajin-mat-stiprinas-un-speks-50-g\/","title":{"rendered":"C ORGANIC MIMI Fruit Wave Kietasis \u0161amp\u016bnas nusilpusiems plaukams. Stiprinimas ir galia, 50 g"},"content":{"rendered":"<p>Kietasis \u0161amp\u016bnas turi koncentruot\u0105 formul\u0119, kuri giliai ir \u0161velniai valo plaukus ir galvos od\u0105, maitina, stiprina ir skatina plauk\u0173 augim\u0105.<\/p>\n<p>Rezultatas: stipr\u016bs, gra\u017e\u016bs ir sveiki plaukai.<\/p>\n<p>Veikliosios med\u017eiagos:<br \/>\n\u2022 Simondsij\u0173 aliejus ir argan\u0173 aliejus giliai maitina, stiprina ir skatina plauk\u0173 augim\u0105.<br \/>\n\u2022 Fig\u0173 ekstraktas dr\u0117kina ir mink\u0161tina.<\/p>\n<p>Naudojimas: su\u0161lapinkite plaukus \u0161iltu vandeniu padenkite \u0161amp\u016bnu, gerai sutokite \u0161amp\u016bn\u0105, kol susidarys tir\u0161tos putos. \u012emasa\u017euokite \u012f plaukus ir galvos od\u0105, tada nuplaukite \u0161iltu vandeniu. Jei reikia, pakartokite. Po naudojimo \u0161amp\u016bn\u0105 laikykite sausoje vietoje, apsaugotoje nuo saul\u0117s spinduli\u0173.<\/p>\n","protected":false},"excerpt":{"rendered":"<p>Kietasis \u0161amp\u016bnas turi koncentruot\u0105 formul\u0119, kuri giliai ir \u0161velniai valo plaukus ir galvos od\u0105, maitina, stiprina ir skatina plauk\u0173 augim\u0105. Rezultatas: stipr\u016bs, gra\u017e\u016bs ir sveiki plaukai. Veikliosios med\u017eiagos: \u2022 Simondsij\u0173 aliejus ir argan\u0173 aliejus giliai maitina, stiprina ir skatina plauk\u0173 augim\u0105. \u2022 Fig\u0173 ekstraktas dr\u0117kina ir mink\u0161tina. Naudojimas: su\u0161lapinkite plaukus \u0161iltu vandeniu padenkite \u0161amp\u016bnu, gerai [&#8230;]\n","protected":false},"featured_media":95682,"template":"","meta":[],"product_cat":[1251],"product_tag":[],"class_list":{"0":"post-77795","1":"product","2":"type-product","3":"status-publish","4":"has-post-thumbnail","6":"product_brand-ecolab_cs-lt","7":"product_cat-sampunai","9":"first","10":"instock","11":"taxable","12":"shipping-taxable","13":"product-type-simple"},"_links":{"self":[{"href":"https:\/\/e.kosmolat.eu\/lt\/wp-json\/wp\/v2\/product\/77795","targetHints":{"allow":["GET"]}}],"collection":[{"href":"https:\/\/e.kosmolat.eu\/lt\/wp-json\/wp\/v2\/product"}],"about":[{"href":"https:\/\/e.kosmolat.eu\/lt\/wp-json\/wp\/v2\/types\/product"}],"wp:featuredmedia":[{"embeddable":true,"href":"https:\/\/e.kosmolat.eu\/lt\/wp-json\/wp\/v2\/media\/95682"}],"wp:attachment":[{"href":"https:\/\/e.kosmolat.eu\/lt\/wp-json\/wp\/v2\/media?parent=77795"}],"wp:term":[{"taxonomy":"product_cat","embeddable":true,"href":"https:\/\/e.kosmolat.eu\/lt\/wp-json\/wp\/v2\/product_cat?post=77795"},{"taxonomy":"product_tag","embeddable":true,"href":"https:\/\/e.kosmolat.eu\/lt\/wp-json\/wp\/v2\/product_tag?post=77795"}],"curies":[{"name":"wp","href":"https:\/\/api.w.org\/{rel}","templated":true}]}}