{"id":77791,"date":"2025-08-25T09:51:05","date_gmt":"2025-08-25T09:51:05","guid":{"rendered":"https:\/\/e.kosmolat.eu\/product\/organic-mimi-sweet-dreams-volume-and-strength-shampoo-bar-50-g\/"},"modified":"2026-04-16T11:35:33","modified_gmt":"2026-04-16T11:35:33","slug":"c-organic-mimi-sweet-dreams-cietais-samp-plan-matiem-apjoms-un-speks-50-g","status":"publish","type":"product","link":"https:\/\/e.kosmolat.eu\/lt\/produktas\/c-organic-mimi-sweet-dreams-cietais-samp-plan-matiem-apjoms-un-speks-50-g\/","title":{"rendered":"C ORGANIC MIMI Sweet Dreams Kietasis \u0161amp\u016bnas ploniems plaukams Apimtis ir stiprumas, 50 g"},"content":{"rendered":"<p>Kietasis \u0161amp\u016bnas pasi\u017eymi koncentruota formule, kuri giliai ir \u0161velniai valo plaukus ir galvos od\u0105, suteikia ploniems plaukams tankumo ir pastebimos apimties j\u0173 neapsunkindama.<\/p>\n<p>Rezultatas: apimties pilni, stori ir stipr\u016bs plaukai.<\/p>\n<p>Aktyviosios med\u017eiagos:<br \/>\n\u2022 Organinis avokad\u0173 aliejus ir babassu aliejus giliai maitina plauk\u0173 \u0161aknis, tod\u0117l jie tampa mink\u0161tesni ir \u0161ilkiniai, suteikia apimties ir blizgesio.<br \/>\n\u2022 \u0160ilkmed\u017ei\u0173 ekstraktas pasi\u017eymi antioksidacin\u0117mis savyb\u0117mis, didina plauk\u0173 elastingum\u0105 ir tvirtum\u0105.<\/p>\n<p>Naudojimas: su\u0161lapinkite plaukus \u0161iltu vandeniu padenkite \u0161amp\u016bnu, gerai sutokite \u0161amp\u016bn\u0105, kol susidarys tir\u0161tos putos. \u012emasa\u017euokite \u012f plaukus ir galvos od\u0105, tada nuplaukite \u0161iltu vandeniu. Jei reikia, pakartokite. Po naudojimo \u0161amp\u016bn\u0105 laikykite sausoje vietoje, apsaugotoje nuo saul\u0117s spinduli\u0173.<\/p>\n","protected":false},"excerpt":{"rendered":"<p>Kietasis \u0161amp\u016bnas pasi\u017eymi koncentruota formule, kuri giliai ir \u0161velniai valo plaukus ir galvos od\u0105, suteikia ploniems plaukams tankumo ir pastebimos apimties j\u0173 neapsunkindama. Rezultatas: apimties pilni, stori ir stipr\u016bs plaukai. Aktyviosios med\u017eiagos: \u2022 Organinis avokad\u0173 aliejus ir babassu aliejus giliai maitina plauk\u0173 \u0161aknis, tod\u0117l jie tampa mink\u0161tesni ir \u0161ilkiniai, suteikia apimties ir blizgesio. \u2022 \u0160ilkmed\u017ei\u0173 [&#8230;]\n","protected":false},"featured_media":95694,"template":"","meta":[],"product_cat":[2181],"product_tag":[],"class_list":{"0":"post-77791","1":"product","2":"type-product","3":"status-publish","4":"has-post-thumbnail","6":"product_brand-ecolab_cs-lt","7":"product_cat-bez-kategorijas-lt","9":"first","10":"instock","11":"taxable","12":"shipping-taxable","13":"product-type-simple"},"_links":{"self":[{"href":"https:\/\/e.kosmolat.eu\/lt\/wp-json\/wp\/v2\/product\/77791","targetHints":{"allow":["GET"]}}],"collection":[{"href":"https:\/\/e.kosmolat.eu\/lt\/wp-json\/wp\/v2\/product"}],"about":[{"href":"https:\/\/e.kosmolat.eu\/lt\/wp-json\/wp\/v2\/types\/product"}],"wp:featuredmedia":[{"embeddable":true,"href":"https:\/\/e.kosmolat.eu\/lt\/wp-json\/wp\/v2\/media\/95694"}],"wp:attachment":[{"href":"https:\/\/e.kosmolat.eu\/lt\/wp-json\/wp\/v2\/media?parent=77791"}],"wp:term":[{"taxonomy":"product_cat","embeddable":true,"href":"https:\/\/e.kosmolat.eu\/lt\/wp-json\/wp\/v2\/product_cat?post=77791"},{"taxonomy":"product_tag","embeddable":true,"href":"https:\/\/e.kosmolat.eu\/lt\/wp-json\/wp\/v2\/product_tag?post=77791"}],"curies":[{"name":"wp","href":"https:\/\/api.w.org\/{rel}","templated":true}]}}