{"id":77787,"date":"2025-08-25T09:50:50","date_gmt":"2025-08-25T09:50:50","guid":{"rendered":"https:\/\/e.kosmolat.eu\/product\/organic-mimi-coco-star-repair-shampoo-bar-50-g\/"},"modified":"2026-04-14T06:26:15","modified_gmt":"2026-04-14T06:26:15","slug":"c-organic-mimi-coco-star-atjaun-cietais-sampuns-bojat-matiem-50-g","status":"publish","type":"product","link":"https:\/\/e.kosmolat.eu\/lt\/produktas\/c-organic-mimi-coco-star-atjaun-cietais-sampuns-bojat-matiem-50-g\/","title":{"rendered":"C ORGANIC MIMI Coco Star atkuriamasis kietasis \u0161amp\u016bnas pa\u017eeistiems plaukams, 50 g"},"content":{"rendered":"<p>Kietasis \u0161amp\u016bnas turi koncentruot\u0105 formul\u0119, kuri giliai ir \u0161velniai valo plaukus ir galvos od\u0105, atkuria ir stiprina plauk\u0173 strukt\u016br\u0105, tod\u0117l jie tampa glotn\u016bs ir \u0161veln\u016bs.<\/p>\n<p>Rezultatas: glotn\u016bs, sveiki ir gra\u017e\u016bs plaukai.<\/p>\n<p>Veikliosios med\u017eiagos:<br \/>\n\u2022 Organinis kokos\u0173 aliejus ir marul\u0173 aliejus atkuria ir stiprina plaukus nuo \u0161akn\u0173 iki galiuk\u0173, daro juos glotniais ir elastingais.<br \/>\n\u2022 Moring\u0173 ekstraktas dr\u0117kina plaukus, suteikia jiems blizgesio ir spindesio.<\/p>\n<p>Naudojimas: su\u0161lapinkite plaukus \u0161iltu vandeniu padenkite \u0161amp\u016bnu, gerai sutokite \u0161amp\u016bn\u0105, kol susidarys tir\u0161tos putos. \u012emasa\u017euokite \u012f plaukus ir galvos od\u0105, tada nuplaukite \u0161iltu vandeniu. Jei reikia, pakartokite. Po naudojimo \u0161amp\u016bn\u0105 laikykite sausoje vietoje, apsaugotoje nuo saul\u0117s spinduli\u0173.<\/p>\n","protected":false},"excerpt":{"rendered":"<p>Kietasis \u0161amp\u016bnas turi koncentruot\u0105 formul\u0119, kuri giliai ir \u0161velniai valo plaukus ir galvos od\u0105, atkuria ir stiprina plauk\u0173 strukt\u016br\u0105, tod\u0117l jie tampa glotn\u016bs ir \u0161veln\u016bs. Rezultatas: glotn\u016bs, sveiki ir gra\u017e\u016bs plaukai. Veikliosios med\u017eiagos: \u2022 Organinis kokos\u0173 aliejus ir marul\u0173 aliejus atkuria ir stiprina plaukus nuo \u0161akn\u0173 iki galiuk\u0173, daro juos glotniais ir elastingais. \u2022 Moring\u0173 [&#8230;]\n","protected":false},"featured_media":95678,"template":"","meta":[],"product_cat":[1251],"product_tag":[],"class_list":{"0":"post-77787","1":"product","2":"type-product","3":"status-publish","4":"has-post-thumbnail","6":"product_brand-ecolab_cs-lt","7":"product_cat-sampunai","9":"first","10":"instock","11":"taxable","12":"shipping-taxable","13":"product-type-simple"},"_links":{"self":[{"href":"https:\/\/e.kosmolat.eu\/lt\/wp-json\/wp\/v2\/product\/77787","targetHints":{"allow":["GET"]}}],"collection":[{"href":"https:\/\/e.kosmolat.eu\/lt\/wp-json\/wp\/v2\/product"}],"about":[{"href":"https:\/\/e.kosmolat.eu\/lt\/wp-json\/wp\/v2\/types\/product"}],"wp:featuredmedia":[{"embeddable":true,"href":"https:\/\/e.kosmolat.eu\/lt\/wp-json\/wp\/v2\/media\/95678"}],"wp:attachment":[{"href":"https:\/\/e.kosmolat.eu\/lt\/wp-json\/wp\/v2\/media?parent=77787"}],"wp:term":[{"taxonomy":"product_cat","embeddable":true,"href":"https:\/\/e.kosmolat.eu\/lt\/wp-json\/wp\/v2\/product_cat?post=77787"},{"taxonomy":"product_tag","embeddable":true,"href":"https:\/\/e.kosmolat.eu\/lt\/wp-json\/wp\/v2\/product_tag?post=77787"}],"curies":[{"name":"wp","href":"https:\/\/api.w.org\/{rel}","templated":true}]}}