{"id":77783,"date":"2025-08-25T09:50:35","date_gmt":"2025-08-25T09:50:35","guid":{"rendered":"https:\/\/e.kosmolat.eu\/product\/organic-mimi-sensitive-care-intimas-higien-zeleja-300-ml\/"},"modified":"2026-04-11T19:37:04","modified_gmt":"2026-04-11T19:37:04","slug":"c-organic-mimi-sensitive-care-intimas-higien-zeleja-300-ml","status":"publish","type":"product","link":"https:\/\/e.kosmolat.eu\/lt\/produktas\/c-organic-mimi-sensitive-care-intimas-higien-zeleja-300-ml\/","title":{"rendered":"C ORGANIC MIMI Sensitive Care intymios higienos gelis, 300 ml"},"content":{"rendered":"<p>Intymios higienos gelis tinkamai pri\u017ei\u016bri ir apsaugo jautri\u0105 intymios srities od\u0105.<\/p>\n<p>\u2022 Pantenolis ramina od\u0105, suteikia apsaug\u0105 ir kondicionuoja.<br \/>\n\u2022 Bisabololis skatina odos atsinaujinim\u0105.<br \/>\n\u2022 Alavijo sultys dr\u0117kina ir mink\u0161tina od\u0105, suteikdamos gaivumo poj\u016bt\u012f.<br \/>\n\u2022 Probiotikas (inulinas) palaiko ir apsaugo Nat\u016brali intymios zonos mikroflora, pa\u0161alinanti diskomfort\u0105.<\/p>\n<p>Produktas turi hipoalergin\u0119 formul\u0119.<\/p>\n<p>Naudojimo instrukcijos: u\u017etepkite gel\u012f ant dr\u0117gnos intymios zonos odos, \u012ftrinkite ir nuplaukite \u0161iltu vandeniu. Tik i\u0161oriniam naudojimui.<\/p>\n","protected":false},"excerpt":{"rendered":"<p>Intymios higienos gelis tinkamai pri\u017ei\u016bri ir apsaugo jautri\u0105 intymios srities od\u0105. \u2022 Pantenolis ramina od\u0105, suteikia apsaug\u0105 ir kondicionuoja. \u2022 Bisabololis skatina odos atsinaujinim\u0105. \u2022 Alavijo sultys dr\u0117kina ir mink\u0161tina od\u0105, suteikdamos gaivumo poj\u016bt\u012f. \u2022 Probiotikas (inulinas) palaiko ir apsaugo Nat\u016brali intymios zonos mikroflora, pa\u0161alinanti diskomfort\u0105. Produktas turi hipoalergin\u0119 formul\u0119. Naudojimo instrukcijos: u\u017etepkite gel\u012f ant [&#8230;]\n","protected":false},"featured_media":95710,"template":"","meta":[],"product_cat":[1374],"product_tag":[],"class_list":{"0":"post-77783","1":"product","2":"type-product","3":"status-publish","4":"has-post-thumbnail","6":"product_brand-ecolab_cs-lt","7":"product_cat-intymi-higiena","9":"first","10":"outofstock","11":"taxable","12":"shipping-taxable","13":"product-type-simple"},"_links":{"self":[{"href":"https:\/\/e.kosmolat.eu\/lt\/wp-json\/wp\/v2\/product\/77783","targetHints":{"allow":["GET"]}}],"collection":[{"href":"https:\/\/e.kosmolat.eu\/lt\/wp-json\/wp\/v2\/product"}],"about":[{"href":"https:\/\/e.kosmolat.eu\/lt\/wp-json\/wp\/v2\/types\/product"}],"wp:featuredmedia":[{"embeddable":true,"href":"https:\/\/e.kosmolat.eu\/lt\/wp-json\/wp\/v2\/media\/95710"}],"wp:attachment":[{"href":"https:\/\/e.kosmolat.eu\/lt\/wp-json\/wp\/v2\/media?parent=77783"}],"wp:term":[{"taxonomy":"product_cat","embeddable":true,"href":"https:\/\/e.kosmolat.eu\/lt\/wp-json\/wp\/v2\/product_cat?post=77783"},{"taxonomy":"product_tag","embeddable":true,"href":"https:\/\/e.kosmolat.eu\/lt\/wp-json\/wp\/v2\/product_tag?post=77783"}],"curies":[{"name":"wp","href":"https:\/\/api.w.org\/{rel}","templated":true}]}}