{"id":77779,"date":"2025-08-25T07:50:38","date_gmt":"2025-08-25T07:50:38","guid":{"rendered":"https:\/\/e.kosmolat.eu\/product\/organic-mimi-shimmer-dry-body-scrub-passion-fruit-avocado-150-g\/"},"modified":"2026-04-11T19:33:25","modified_gmt":"2026-04-11T19:33:25","slug":"organic-mimi-sausais-kerm-skrubis-ar-mirdzumu-pasiflora-un-avokado-150-g","status":"publish","type":"product","link":"https:\/\/e.kosmolat.eu\/lt\/produktas\/organic-mimi-sausais-kerm-skrubis-ar-mirdzumu-pasiflora-un-avokado-150-g\/","title":{"rendered":"ORGANIC MIMI Sausas k\u016bno \u0161veitiklis su blizgu\u010diais. Pasiflor\u0173 ir avokad\u0173 mi\u0161inys, 150 g"},"content":{"rendered":"<p>\u017dvilgan\u010diame \u0161veitiklyje esantis cukrus ir j\u016bros druska \u0161velniai valo ir \u0161vei\u010dia od\u0105, daro j\u0105 \u0161velni\u0105 ir \u0161ilkin\u0119. Avokad\u0173 aliejus ir pasiflor\u0173 ekstraktas puosel\u0117s J\u016bs\u0173 od\u0105, j\u0105 dr\u0117kins ir mink\u0161tins, o \u017evilgan\u010dios dalel\u0117s suteiks odai spindesio ir akimirksniu pakels nuotaik\u0105.<\/p>\n<p>Naudojimas: tepkite ant dr\u0117gnos odos, \u012fmasa\u017euokite, \u0161velniai nuplaukite \u0161iltu vandeniu. Tik i\u0161oriniam naudojimui. Nenaudokite ant pa\u017eeistos ar sudirgusios odos.<\/p>\n","protected":false},"excerpt":{"rendered":"<p>\u017dvilgan\u010diame \u0161veitiklyje esantis cukrus ir j\u016bros druska \u0161velniai valo ir \u0161vei\u010dia od\u0105, daro j\u0105 \u0161velni\u0105 ir \u0161ilkin\u0119. Avokad\u0173 aliejus ir pasiflor\u0173 ekstraktas puosel\u0117s J\u016bs\u0173 od\u0105, j\u0105 dr\u0117kins ir mink\u0161tins, o \u017evilgan\u010dios dalel\u0117s suteiks odai spindesio ir akimirksniu pakels nuotaik\u0105. Naudojimas: tepkite ant dr\u0117gnos odos, \u012fmasa\u017euokite, \u0161velniai nuplaukite \u0161iltu vandeniu. Tik i\u0161oriniam naudojimui. Nenaudokite ant pa\u017eeistos [&#8230;]\n","protected":false},"featured_media":95666,"template":"","meta":[],"product_cat":[1359],"product_tag":[],"class_list":{"0":"post-77779","1":"product","2":"type-product","3":"status-publish","4":"has-post-thumbnail","6":"product_brand-ecolab_cs-lt","7":"product_cat-kuno-sveitikliai-ir-pilingai","9":"first","10":"instock","11":"taxable","12":"shipping-taxable","13":"product-type-simple"},"_links":{"self":[{"href":"https:\/\/e.kosmolat.eu\/lt\/wp-json\/wp\/v2\/product\/77779","targetHints":{"allow":["GET"]}}],"collection":[{"href":"https:\/\/e.kosmolat.eu\/lt\/wp-json\/wp\/v2\/product"}],"about":[{"href":"https:\/\/e.kosmolat.eu\/lt\/wp-json\/wp\/v2\/types\/product"}],"wp:featuredmedia":[{"embeddable":true,"href":"https:\/\/e.kosmolat.eu\/lt\/wp-json\/wp\/v2\/media\/95666"}],"wp:attachment":[{"href":"https:\/\/e.kosmolat.eu\/lt\/wp-json\/wp\/v2\/media?parent=77779"}],"wp:term":[{"taxonomy":"product_cat","embeddable":true,"href":"https:\/\/e.kosmolat.eu\/lt\/wp-json\/wp\/v2\/product_cat?post=77779"},{"taxonomy":"product_tag","embeddable":true,"href":"https:\/\/e.kosmolat.eu\/lt\/wp-json\/wp\/v2\/product_tag?post=77779"}],"curies":[{"name":"wp","href":"https:\/\/api.w.org\/{rel}","templated":true}]}}