{"id":77775,"date":"2025-08-25T07:36:36","date_gmt":"2025-08-25T07:36:36","guid":{"rendered":"https:\/\/e.kosmolat.eu\/product\/organic-mimi-coconut-dry-body-scrub-pink-salt-mango-150-g\/"},"modified":"2026-04-11T19:32:58","modified_gmt":"2026-04-11T19:32:58","slug":"organic-mimi-kokosr-sausais-kerm-skrubis-roza-sals-un-mango-150-g","status":"publish","type":"product","link":"https:\/\/e.kosmolat.eu\/lt\/produktas\/organic-mimi-kokosr-sausais-kerm-skrubis-roza-sals-un-mango-150-g\/","title":{"rendered":"ORGANIC MIMI sausas kokos\u0173 k\u016bno \u0161veitiklis su ro\u017eine druska ir mangais, 150 g"},"content":{"rendered":"<p>\u0160veitiklis, kurio pagrind\u0105 sudaro kokos\u0173 milteliai ir Himalaj\u0173 ro\u017ein\u0117 druska, valo ir \u0161velniai nu\u0161vei\u010dia od\u0105, apsaugo nuo \u0161iurk\u0161tumo atsiradimo, suteikia jai lygumo ir elastingumo.<\/p>\n<p>\u2022 Ro\u017ein\u0117 druska maitina od\u0105 mineralais ir mikroelementais, skatina jos atsinaujinim\u0105 ir turi tonizuojant\u012f poveik\u012f.<br \/>\n\u2022 Mang\u0173 sviestas ir kokos\u0173 aliejus dr\u0117kina daro od\u0105 lygia ir \u0161velnia.<\/p>\n<p>Naudojimas: tepkite ant dr\u0117gnos odos, \u012fmasa\u017euokite, \u0161velniai nuplaukite \u0161iltu vandeniu. Tik i\u0161oriniam naudojimui. Nenaudokite ant pa\u017eeistos ar sudirgusios odos.<\/p>\n","protected":false},"excerpt":{"rendered":"<p>\u0160veitiklis, kurio pagrind\u0105 sudaro kokos\u0173 milteliai ir Himalaj\u0173 ro\u017ein\u0117 druska, valo ir \u0161velniai nu\u0161vei\u010dia od\u0105, apsaugo nuo \u0161iurk\u0161tumo atsiradimo, suteikia jai lygumo ir elastingumo. \u2022 Ro\u017ein\u0117 druska maitina od\u0105 mineralais ir mikroelementais, skatina jos atsinaujinim\u0105 ir turi tonizuojant\u012f poveik\u012f. \u2022 Mang\u0173 sviestas ir kokos\u0173 aliejus dr\u0117kina daro od\u0105 lygia ir \u0161velnia. Naudojimas: tepkite ant dr\u0117gnos [&#8230;]\n","protected":false},"featured_media":95658,"template":"","meta":[],"product_cat":[1359],"product_tag":[],"class_list":{"0":"post-77775","1":"product","2":"type-product","3":"status-publish","4":"has-post-thumbnail","6":"product_brand-ecolab_cs-lt","7":"product_cat-kuno-sveitikliai-ir-pilingai","9":"first","10":"instock","11":"taxable","12":"shipping-taxable","13":"product-type-simple"},"_links":{"self":[{"href":"https:\/\/e.kosmolat.eu\/lt\/wp-json\/wp\/v2\/product\/77775","targetHints":{"allow":["GET"]}}],"collection":[{"href":"https:\/\/e.kosmolat.eu\/lt\/wp-json\/wp\/v2\/product"}],"about":[{"href":"https:\/\/e.kosmolat.eu\/lt\/wp-json\/wp\/v2\/types\/product"}],"wp:featuredmedia":[{"embeddable":true,"href":"https:\/\/e.kosmolat.eu\/lt\/wp-json\/wp\/v2\/media\/95658"}],"wp:attachment":[{"href":"https:\/\/e.kosmolat.eu\/lt\/wp-json\/wp\/v2\/media?parent=77775"}],"wp:term":[{"taxonomy":"product_cat","embeddable":true,"href":"https:\/\/e.kosmolat.eu\/lt\/wp-json\/wp\/v2\/product_cat?post=77775"},{"taxonomy":"product_tag","embeddable":true,"href":"https:\/\/e.kosmolat.eu\/lt\/wp-json\/wp\/v2\/product_tag?post=77775"}],"curies":[{"name":"wp","href":"https:\/\/api.w.org\/{rel}","templated":true}]}}