{"id":77771,"date":"2025-08-25T07:04:52","date_gmt":"2025-08-25T07:04:52","guid":{"rendered":"https:\/\/e.kosmolat.eu\/product\/organic-mimi-dry-body-scrub-chocolate-coffee-150-g\/"},"modified":"2026-04-11T19:33:11","modified_gmt":"2026-04-11T19:33:11","slug":"organic-mimi-sausais-kerm-skrubis-sokolade-un-kafija-150-g","status":"publish","type":"product","link":"https:\/\/e.kosmolat.eu\/lt\/produktas\/organic-mimi-sausais-kerm-skrubis-sokolade-un-kafija-150-g\/","title":{"rendered":"ORGANIC MIMI sausas k\u016bno \u0161veitiklis su \u0161okoladu ir kava, 150 g"},"content":{"rendered":"<p>\u0160veitiklis, kurio pagrind\u0105 sudaro nat\u016brali malta kava ir j\u016bros druska, efektyviai \u0161vei\u010dia ir valo od\u0105.<\/p>\n<p>\u2022 J\u016bros druska giliai valo ir prisotina od\u0105 reikalingais mineralais, stimuliuoja kraujotak\u0105 ir gerina odos elastingum\u0105.<br \/>\n\u2022 Nat\u016brali kava tonizuoja od\u0105 ir turi anticeliulitin\u012f poveik\u012f.<br \/>\n\u2022 Kakavos sviestas ir makadamij\u0173 aliejus maitina ir dr\u0117kina od\u0105.<\/p>\n<p>Naudojimas: tepkite ant dr\u0117gnos odos, \u012fmasa\u017euokite, \u0161velniai nuplaukite \u0161iltu vandeniu. Tik i\u0161oriniam naudojimui. Nenaudokite ant pa\u017eeistos ar sudirgusios odos.<\/p>\n","protected":false},"excerpt":{"rendered":"<p>\u0160veitiklis, kurio pagrind\u0105 sudaro nat\u016brali malta kava ir j\u016bros druska, efektyviai \u0161vei\u010dia ir valo od\u0105. \u2022 J\u016bros druska giliai valo ir prisotina od\u0105 reikalingais mineralais, stimuliuoja kraujotak\u0105 ir gerina odos elastingum\u0105. \u2022 Nat\u016brali kava tonizuoja od\u0105 ir turi anticeliulitin\u012f poveik\u012f. \u2022 Kakavos sviestas ir makadamij\u0173 aliejus maitina ir dr\u0117kina od\u0105. Naudojimas: tepkite ant dr\u0117gnos odos, [&#8230;]\n","protected":false},"featured_media":95662,"template":"","meta":[],"product_cat":[1359],"product_tag":[],"class_list":{"0":"post-77771","1":"product","2":"type-product","3":"status-publish","4":"has-post-thumbnail","6":"product_brand-ecolab_cs-lt","7":"product_cat-kuno-sveitikliai-ir-pilingai","9":"first","10":"outofstock","11":"taxable","12":"shipping-taxable","13":"product-type-simple"},"_links":{"self":[{"href":"https:\/\/e.kosmolat.eu\/lt\/wp-json\/wp\/v2\/product\/77771","targetHints":{"allow":["GET"]}}],"collection":[{"href":"https:\/\/e.kosmolat.eu\/lt\/wp-json\/wp\/v2\/product"}],"about":[{"href":"https:\/\/e.kosmolat.eu\/lt\/wp-json\/wp\/v2\/types\/product"}],"wp:featuredmedia":[{"embeddable":true,"href":"https:\/\/e.kosmolat.eu\/lt\/wp-json\/wp\/v2\/media\/95662"}],"wp:attachment":[{"href":"https:\/\/e.kosmolat.eu\/lt\/wp-json\/wp\/v2\/media?parent=77771"}],"wp:term":[{"taxonomy":"product_cat","embeddable":true,"href":"https:\/\/e.kosmolat.eu\/lt\/wp-json\/wp\/v2\/product_cat?post=77771"},{"taxonomy":"product_tag","embeddable":true,"href":"https:\/\/e.kosmolat.eu\/lt\/wp-json\/wp\/v2\/product_tag?post=77771"}],"curies":[{"name":"wp","href":"https:\/\/api.w.org\/{rel}","templated":true}]}}