{"id":77767,"date":"2025-08-25T06:34:31","date_gmt":"2025-08-25T06:34:31","guid":{"rendered":"https:\/\/e.kosmolat.eu\/product\/organic-mimi-silk-glide-skusanas-krems-300-ml\/"},"modified":"2026-04-11T19:36:52","modified_gmt":"2026-04-11T19:36:52","slug":"c-organic-mimi-silk-glide-skusanas-krems-300-ml","status":"publish","type":"product","link":"https:\/\/e.kosmolat.eu\/lt\/produktas\/c-organic-mimi-silk-glide-skusanas-krems-300-ml\/","title":{"rendered":"C ORGANIC MIMI Silk Glide skutimosi kremas, 300 ml"},"content":{"rendered":"<p>Skutimosi kremas sukurtas \u0161velniam ir mink\u0161tam skustuvo slydimui koj\u0173 ir jautri\u0173 viet\u0173 oda. Jis u\u017etikrina lengv\u0105 skutim\u0105si, akimirksniu dr\u0117kina, apsaugo od\u0105 nuo pa\u017eeidim\u0173. Tinka visiems odos tipams.<\/p>\n<p>Rezultatas: lygi ir pri\u017ei\u016br\u0117ta oda be dirginimo.<\/p>\n<p>\u2022 Alantoinas mink\u0161tina ir dr\u0117kina od\u0105, atkuria ir stiprina jos apsaugin\u012f barjer\u0105, Palaiko hidrolipid\u0173 pusiausvyr\u0105 ir stimuliuoja l\u0105steli\u0173 regeneracijos proces\u0105.<br \/>\n\u2022 Medviln\u0117s ekstraktas intensyviai ramina od\u0105.<br \/>\n\u2022 Organinis taukmed\u017ei\u0173 sviestas giliai maitina od\u0105, gerindamas jos mink\u0161tum\u0105 ir elastingum\u0105.<\/p>\n<p>Naudojimas: tepkite krem\u0105 ant dr\u0117gnos odos. Nusiskuskite ir nuplaukite \u0161iltu vandeniu. Tik i\u0161oriniam naudojimui.<\/p>\n","protected":false},"excerpt":{"rendered":"<p>Skutimosi kremas sukurtas \u0161velniam ir mink\u0161tam skustuvo slydimui koj\u0173 ir jautri\u0173 viet\u0173 oda. Jis u\u017etikrina lengv\u0105 skutim\u0105si, akimirksniu dr\u0117kina, apsaugo od\u0105 nuo pa\u017eeidim\u0173. Tinka visiems odos tipams. Rezultatas: lygi ir pri\u017ei\u016br\u0117ta oda be dirginimo. \u2022 Alantoinas mink\u0161tina ir dr\u0117kina od\u0105, atkuria ir stiprina jos apsaugin\u012f barjer\u0105, Palaiko hidrolipid\u0173 pusiausvyr\u0105 ir stimuliuoja l\u0105steli\u0173 regeneracijos proces\u0105. \u2022 [&#8230;]\n","protected":false},"featured_media":95706,"template":"","meta":[],"product_cat":[1624],"product_tag":[],"class_list":{"0":"post-77767","1":"product","2":"type-product","3":"status-publish","4":"has-post-thumbnail","6":"product_brand-ecolab_cs-lt","7":"product_cat-depiliacijos-priemones","9":"first","10":"instock","11":"taxable","12":"shipping-taxable","13":"product-type-simple"},"_links":{"self":[{"href":"https:\/\/e.kosmolat.eu\/lt\/wp-json\/wp\/v2\/product\/77767","targetHints":{"allow":["GET"]}}],"collection":[{"href":"https:\/\/e.kosmolat.eu\/lt\/wp-json\/wp\/v2\/product"}],"about":[{"href":"https:\/\/e.kosmolat.eu\/lt\/wp-json\/wp\/v2\/types\/product"}],"wp:featuredmedia":[{"embeddable":true,"href":"https:\/\/e.kosmolat.eu\/lt\/wp-json\/wp\/v2\/media\/95706"}],"wp:attachment":[{"href":"https:\/\/e.kosmolat.eu\/lt\/wp-json\/wp\/v2\/media?parent=77767"}],"wp:term":[{"taxonomy":"product_cat","embeddable":true,"href":"https:\/\/e.kosmolat.eu\/lt\/wp-json\/wp\/v2\/product_cat?post=77767"},{"taxonomy":"product_tag","embeddable":true,"href":"https:\/\/e.kosmolat.eu\/lt\/wp-json\/wp\/v2\/product_tag?post=77767"}],"curies":[{"name":"wp","href":"https:\/\/api.w.org\/{rel}","templated":true}]}}