{"id":77763,"date":"2025-08-25T06:18:27","date_gmt":"2025-08-25T06:18:27","guid":{"rendered":"https:\/\/e.kosmolat.eu\/product\/organic-mimi-aftershave-lotion-smooth-touch-300-ml\/"},"modified":"2026-04-11T19:33:38","modified_gmt":"2026-04-11T19:33:38","slug":"c-organic-mimi-smooth-touch-losjons-pec-skusanas-300-ml","status":"publish","type":"product","link":"https:\/\/e.kosmolat.eu\/lt\/produktas\/c-organic-mimi-smooth-touch-losjons-pec-skusanas-300-ml\/","title":{"rendered":"C ORGANIC MIMI Smooth Touch losjonas po skutimosi, 300 ml"},"content":{"rendered":"<p>Losjonas po skutimosi yra lengvos gelin\u0117s tekst\u016bros, akimirksniu dr\u0117kina, ramina, atkuria ir apsaugo od\u0105 po skutimosi. Tinka visiems odos tipams.<\/p>\n<p>Rezultatas: lygi ir \u0161velni oda be sudirginimo.<\/p>\n<p>\u2022 Bisabololis dr\u0117kina ir ramina od\u0105.<br \/>\n\u2022 Medviln\u0117s ekstraktas ir alavij\u0173 sultys intensyviai ramina ir tonizuoja od\u0105. skatina l\u0105steli\u0173 atsinaujinim\u0105.<br \/>\n\u2022 Taukmed\u017eio sviestas giliai maitina od\u0105, didindamas jos mink\u0161tum\u0105 ir elastingum\u0105.<\/p>\n<p>Naudojimas: Po skutimosi losjon\u0105 tepkite ant \u0161varios, sausos odos lengvais masa\u017euojamaisiais judesiais. Tik i\u0161oriniam naudojimui.<\/p>\n","protected":false},"excerpt":{"rendered":"<p>Losjonas po skutimosi yra lengvos gelin\u0117s tekst\u016bros, akimirksniu dr\u0117kina, ramina, atkuria ir apsaugo od\u0105 po skutimosi. Tinka visiems odos tipams. Rezultatas: lygi ir \u0161velni oda be sudirginimo. \u2022 Bisabololis dr\u0117kina ir ramina od\u0105. \u2022 Medviln\u0117s ekstraktas ir alavij\u0173 sultys intensyviai ramina ir tonizuoja od\u0105. skatina l\u0105steli\u0173 atsinaujinim\u0105. \u2022 Taukmed\u017eio sviestas giliai maitina od\u0105, didindamas jos [&#8230;]\n","protected":false},"featured_media":95670,"template":"","meta":[],"product_cat":[1390],"product_tag":[],"class_list":{"0":"post-77763","1":"product","2":"type-product","3":"status-publish","4":"has-post-thumbnail","6":"product_brand-ecolab_cs-lt","7":"product_cat-kremai-aliejai-kuno-pienelis","9":"first","10":"instock","11":"taxable","12":"shipping-taxable","13":"product-type-simple"},"_links":{"self":[{"href":"https:\/\/e.kosmolat.eu\/lt\/wp-json\/wp\/v2\/product\/77763","targetHints":{"allow":["GET"]}}],"collection":[{"href":"https:\/\/e.kosmolat.eu\/lt\/wp-json\/wp\/v2\/product"}],"about":[{"href":"https:\/\/e.kosmolat.eu\/lt\/wp-json\/wp\/v2\/types\/product"}],"wp:featuredmedia":[{"embeddable":true,"href":"https:\/\/e.kosmolat.eu\/lt\/wp-json\/wp\/v2\/media\/95670"}],"wp:attachment":[{"href":"https:\/\/e.kosmolat.eu\/lt\/wp-json\/wp\/v2\/media?parent=77763"}],"wp:term":[{"taxonomy":"product_cat","embeddable":true,"href":"https:\/\/e.kosmolat.eu\/lt\/wp-json\/wp\/v2\/product_cat?post=77763"},{"taxonomy":"product_tag","embeddable":true,"href":"https:\/\/e.kosmolat.eu\/lt\/wp-json\/wp\/v2\/product_tag?post=77763"}],"curies":[{"name":"wp","href":"https:\/\/api.w.org\/{rel}","templated":true}]}}