{"id":77757,"date":"2025-08-22T13:06:19","date_gmt":"2025-08-22T13:06:19","guid":{"rendered":"https:\/\/e.kosmolat.eu\/product\/organic-mimi-mango-mania-barojoss-kermena-losjons-300-ml\/"},"modified":"2026-04-14T16:03:03","modified_gmt":"2026-04-14T16:03:03","slug":"c-organic-mimi-mango-mania-barojoss-kermena-losjons-300-ml","status":"publish","type":"product","link":"https:\/\/e.kosmolat.eu\/lt\/produktas\/c-organic-mimi-mango-mania-barojoss-kermena-losjons-300-ml\/","title":{"rendered":"C ORGANIC MIMI Mango Mania maitinamasis k\u016bno losjonas, 300 ml"},"content":{"rendered":"<p>\u0160is k\u016bno losjonas, pasi\u017eymintis subtilia tekst\u016bra ir gaivinan\u010diu prinokusi\u0173 mango aromatu, dr\u0117kina ir maitina od\u0105, tod\u0117l ji tampa lygi ir elastinga.<\/p>\n<p>Rezultatas: intensyvi prie\u017ei\u016bra ir energijos antpl\u016bdis!<\/p>\n<p>\u2022 Makadamij\u0173 aliejus ir mang\u0173 sviestas maitina, dr\u0117kina ir mink\u0161tina od\u0105, apsaugo nuo i\u0161saus\u0117jimo, taip pat stimuliuoja kolageno sintez\u0119 ir suteikia odai elastingumo.<br \/>\n\u2022 Taukmed\u017ei\u0173 sviestas mink\u0161tina, atkuria od\u0105 ir pagerina jos elastingum\u0105.<br \/>\n\u2022 Alantoinas ramina ir mink\u0161tina od\u0105.<\/p>\n<p>Naudojimas: losjon\u0105 tepkite ant \u0161varios, sausos odos lengvais masa\u017euojamaisiais judesiais.<\/p>\n","protected":false},"excerpt":{"rendered":"<p>\u0160is k\u016bno losjonas, pasi\u017eymintis subtilia tekst\u016bra ir gaivinan\u010diu prinokusi\u0173 mango aromatu, dr\u0117kina ir maitina od\u0105, tod\u0117l ji tampa lygi ir elastinga. Rezultatas: intensyvi prie\u017ei\u016bra ir energijos antpl\u016bdis! \u2022 Makadamij\u0173 aliejus ir mang\u0173 sviestas maitina, dr\u0117kina ir mink\u0161tina od\u0105, apsaugo nuo i\u0161saus\u0117jimo, taip pat stimuliuoja kolageno sintez\u0119 ir suteikia odai elastingumo. \u2022 Taukmed\u017ei\u0173 sviestas mink\u0161tina, atkuria [&#8230;]\n","protected":false},"featured_media":95674,"template":"","meta":[],"product_cat":[1390],"product_tag":[],"class_list":{"0":"post-77757","1":"product","2":"type-product","3":"status-publish","4":"has-post-thumbnail","6":"product_brand-ecolab_cs-lt","7":"product_cat-kremai-aliejai-kuno-pienelis","9":"first","10":"instock","11":"taxable","12":"shipping-taxable","13":"product-type-simple"},"_links":{"self":[{"href":"https:\/\/e.kosmolat.eu\/lt\/wp-json\/wp\/v2\/product\/77757","targetHints":{"allow":["GET"]}}],"collection":[{"href":"https:\/\/e.kosmolat.eu\/lt\/wp-json\/wp\/v2\/product"}],"about":[{"href":"https:\/\/e.kosmolat.eu\/lt\/wp-json\/wp\/v2\/types\/product"}],"wp:featuredmedia":[{"embeddable":true,"href":"https:\/\/e.kosmolat.eu\/lt\/wp-json\/wp\/v2\/media\/95674"}],"wp:attachment":[{"href":"https:\/\/e.kosmolat.eu\/lt\/wp-json\/wp\/v2\/media?parent=77757"}],"wp:term":[{"taxonomy":"product_cat","embeddable":true,"href":"https:\/\/e.kosmolat.eu\/lt\/wp-json\/wp\/v2\/product_cat?post=77757"},{"taxonomy":"product_tag","embeddable":true,"href":"https:\/\/e.kosmolat.eu\/lt\/wp-json\/wp\/v2\/product_tag?post=77757"}],"curies":[{"name":"wp","href":"https:\/\/api.w.org\/{rel}","templated":true}]}}