{"id":77749,"date":"2025-08-22T12:06:19","date_gmt":"2025-08-22T12:06:19","guid":{"rendered":"https:\/\/e.kosmolat.eu\/product\/organic-mimi-shower-gel-matcha-lover-400-ml\/"},"modified":"2026-04-16T06:08:36","modified_gmt":"2026-04-16T06:08:36","slug":"c-organic-mimi-matcha-lover-dusas-zeleja-400-ml","status":"publish","type":"product","link":"https:\/\/e.kosmolat.eu\/lt\/produktas\/c-organic-mimi-matcha-lover-dusas-zeleja-400-ml\/","title":{"rendered":"C ORGANIC MIMI Matcha Lover du\u0161o gelis, 400 ml"},"content":{"rendered":"<p>\u0160velnios valomosios formul\u0117s ir subtilaus raminan\u010dio aromato d\u0117ka \u0161is du\u0161o gelis \u0161velniai valo od\u0105, netrikdydamas nat\u016bralaus pH balanso, dr\u0117kina ir prisotina j\u0105 maistin\u0117mis med\u017eiagomis. Pajuskite tikr\u0105 harmonij\u0105!<\/p>\n<p>Rezultatas: lygi, mink\u0161ta ir elastinga oda.<br \/>\n\u2022 \u017daliosios arbatos \u201ematcha\u201c ekstraktas stiprina odos barjerines funkcijas, tonizuoja ir stimuliuoja jos l\u0105steli\u0173 atsinaujinim\u0105.<br \/>\n\u2022 Organinis verben\u0173 ekstraktas dr\u0117kina ir maitina od\u0105, atkurdamas jos mink\u0161tum\u0105 ir elastingum\u0105.<br \/>\n\u2022 Probiotikas (inulinas) palaiko dr\u0117kinim\u0105 ir sveik\u0105 odos mikrobiom\u0105.<\/p>\n<p>Naudojimas: Du\u0161o gel\u012f u\u017etepkite ant dr\u0117gnos odos rankomis arba kempine, masa\u017euojamaisiais judesiais suputokite ir nuplaukite \u0161iltu vandeniu. Tik i\u0161oriniam naudojimui.<\/p>\n","protected":false},"excerpt":{"rendered":"<p>\u0160velnios valomosios formul\u0117s ir subtilaus raminan\u010dio aromato d\u0117ka \u0161is du\u0161o gelis \u0161velniai valo od\u0105, netrikdydamas nat\u016bralaus pH balanso, dr\u0117kina ir prisotina j\u0105 maistin\u0117mis med\u017eiagomis. Pajuskite tikr\u0105 harmonij\u0105! Rezultatas: lygi, mink\u0161ta ir elastinga oda. \u2022 \u017daliosios arbatos \u201ematcha\u201c ekstraktas stiprina odos barjerines funkcijas, tonizuoja ir stimuliuoja jos l\u0105steli\u0173 atsinaujinim\u0105. \u2022 Organinis verben\u0173 ekstraktas dr\u0117kina ir maitina [&#8230;]\n","protected":false},"featured_media":95722,"template":"","meta":[],"product_cat":[2181],"product_tag":[],"class_list":{"0":"post-77749","1":"product","2":"type-product","3":"status-publish","4":"has-post-thumbnail","6":"product_brand-ecolab_cs-lt","7":"product_cat-bez-kategorijas-lt","9":"first","10":"instock","11":"taxable","12":"shipping-taxable","13":"product-type-simple"},"_links":{"self":[{"href":"https:\/\/e.kosmolat.eu\/lt\/wp-json\/wp\/v2\/product\/77749","targetHints":{"allow":["GET"]}}],"collection":[{"href":"https:\/\/e.kosmolat.eu\/lt\/wp-json\/wp\/v2\/product"}],"about":[{"href":"https:\/\/e.kosmolat.eu\/lt\/wp-json\/wp\/v2\/types\/product"}],"wp:featuredmedia":[{"embeddable":true,"href":"https:\/\/e.kosmolat.eu\/lt\/wp-json\/wp\/v2\/media\/95722"}],"wp:attachment":[{"href":"https:\/\/e.kosmolat.eu\/lt\/wp-json\/wp\/v2\/media?parent=77749"}],"wp:term":[{"taxonomy":"product_cat","embeddable":true,"href":"https:\/\/e.kosmolat.eu\/lt\/wp-json\/wp\/v2\/product_cat?post=77749"},{"taxonomy":"product_tag","embeddable":true,"href":"https:\/\/e.kosmolat.eu\/lt\/wp-json\/wp\/v2\/product_tag?post=77749"}],"curies":[{"name":"wp","href":"https:\/\/api.w.org\/{rel}","templated":true}]}}