{"id":77745,"date":"2025-08-22T09:20:18","date_gmt":"2025-08-22T09:20:18","guid":{"rendered":"https:\/\/e.kosmolat.eu\/product\/organic-mimi-shower-gel-coco-splash-400-ml\/"},"modified":"2026-04-13T15:01:04","modified_gmt":"2026-04-13T15:01:04","slug":"c-organic-mimi-coco-splash-dusas-zeleja-400-ml","status":"publish","type":"product","link":"https:\/\/e.kosmolat.eu\/lt\/produktas\/c-organic-mimi-coco-splash-dusas-zeleja-400-ml\/","title":{"rendered":"C ORGANIC MIMI Coco Splash du\u0161o gelis, 400 ml"},"content":{"rendered":"<p>\u0160velnios valomosios formul\u0117s ir sulting\u0173 tropini\u0173 kokos\u0173 kvapo du\u0161o gelis \u0161velniai valo od\u0105, i\u0161laikydamas nat\u016brali\u0105 jos pH pusiausvyr\u0105, dr\u0117kina ir maitina. Pasinerkite \u012f tikr\u0173 tropik\u0173 atmosfer\u0105!<\/p>\n<p>Rezultatas: lygi, mink\u0161ta ir elastinga oda.<\/p>\n<p>\u2022 Kokos\u0173 aliejus maitina ir mink\u0161tina od\u0105, prisotina j\u0105 vitaminais, tonizuoja ir gaivina.<br \/>\nPapaj\u0173 ekstraktas pasi\u017eymi antioksidacin\u0117mis savyb\u0117mis, suteikia spindesio, daro od\u0105 lygi\u0105 ir elasting\u0105.<br \/>\n\u2022 Probiotikas (inulinas) palaiko dr\u0117kinim\u0105 ir sveik\u0105 odos mikrobiom\u0105.<\/p>\n<p>Naudojimas: Du\u0161o gel\u012f u\u017etepkite ant dr\u0117gnos odos rankomis arba kempine, masa\u017euojamaisiais judesiais suputokite ir nuplaukite \u0161iltu vandeniu. Tik i\u0161oriniam naudojimui.<\/p>\n","protected":false},"excerpt":{"rendered":"<p>\u0160velnios valomosios formul\u0117s ir sulting\u0173 tropini\u0173 kokos\u0173 kvapo du\u0161o gelis \u0161velniai valo od\u0105, i\u0161laikydamas nat\u016brali\u0105 jos pH pusiausvyr\u0105, dr\u0117kina ir maitina. Pasinerkite \u012f tikr\u0173 tropik\u0173 atmosfer\u0105! Rezultatas: lygi, mink\u0161ta ir elastinga oda. \u2022 Kokos\u0173 aliejus maitina ir mink\u0161tina od\u0105, prisotina j\u0105 vitaminais, tonizuoja ir gaivina. Papaj\u0173 ekstraktas pasi\u017eymi antioksidacin\u0117mis savyb\u0117mis, suteikia spindesio, daro od\u0105 lygi\u0105 [&#8230;]\n","protected":false},"featured_media":95714,"template":"","meta":[],"product_cat":[1282],"product_tag":[],"class_list":{"0":"post-77745","1":"product","2":"type-product","3":"status-publish","4":"has-post-thumbnail","6":"product_brand-ecolab_cs-lt","7":"product_cat-duso-geliai-ir-duso-aliejai","9":"first","10":"instock","11":"taxable","12":"shipping-taxable","13":"product-type-simple"},"_links":{"self":[{"href":"https:\/\/e.kosmolat.eu\/lt\/wp-json\/wp\/v2\/product\/77745","targetHints":{"allow":["GET"]}}],"collection":[{"href":"https:\/\/e.kosmolat.eu\/lt\/wp-json\/wp\/v2\/product"}],"about":[{"href":"https:\/\/e.kosmolat.eu\/lt\/wp-json\/wp\/v2\/types\/product"}],"wp:featuredmedia":[{"embeddable":true,"href":"https:\/\/e.kosmolat.eu\/lt\/wp-json\/wp\/v2\/media\/95714"}],"wp:attachment":[{"href":"https:\/\/e.kosmolat.eu\/lt\/wp-json\/wp\/v2\/media?parent=77745"}],"wp:term":[{"taxonomy":"product_cat","embeddable":true,"href":"https:\/\/e.kosmolat.eu\/lt\/wp-json\/wp\/v2\/product_cat?post=77745"},{"taxonomy":"product_tag","embeddable":true,"href":"https:\/\/e.kosmolat.eu\/lt\/wp-json\/wp\/v2\/product_tag?post=77745"}],"curies":[{"name":"wp","href":"https:\/\/api.w.org\/{rel}","templated":true}]}}