{"id":77741,"date":"2025-08-21T14:36:35","date_gmt":"2025-08-21T14:36:35","guid":{"rendered":"https:\/\/e.kosmolat.eu\/product\/organic-mimi-blond-storm-anti-yellow-samp-balinatiem-un-izgaism-matiem-400-ml\/"},"modified":"2026-04-16T11:35:17","modified_gmt":"2026-04-16T11:35:17","slug":"c-organic-mimi-blond-storm-anti-yellow-samp-balinatiem-un-izgaism-matiem-400-ml","status":"publish","type":"product","link":"https:\/\/e.kosmolat.eu\/lt\/produktas\/c-organic-mimi-blond-storm-anti-yellow-samp-balinatiem-un-izgaism-matiem-400-ml\/","title":{"rendered":"ORGANIC MIMI Blond Storm \u0161amp\u016bnas nuo gelton\u0173 plauk\u0173, skirtas balintiems ir sruogel\u0117mis da\u017eytiems pl"},"content":{"rendered":"<p>\u0160velnios formul\u0117s \u0161amp\u016bnas \u0161velniai valo plaukus ir galvos od\u0105. Jis neutralizuoja nepageidaujamus geltonus atspalvius \u0161viesiuose plaukuose, dr\u0117kina, maitina ir atkuria blizges\u012f.<\/p>\n<p>Rezultatas: stipr\u016bs, \u017evilgantys ir elastingi plaukai.<\/p>\n<p>\u2022 Kolagenas ir kukui rie\u0161ut\u0173 aliejus stiprina plauk\u0173 strukt\u016br\u0105 per vis\u0105 ilg\u012f, dr\u0117kina ir maitina sausus ir l\u016b\u017ein\u0117jan\u010dius plaukus.<br \/>\n\u2022 Alyvuogi\u0173 ekstraktas pasi\u017eymi antioksidacin\u0117mis savyb\u0117mis, atkuria stiprum\u0105 ir spindes\u012f, apsaugo nuo galiuk\u0173 skilin\u0117jimo ir suteikia ilgalaik\u0119 prie\u017ei\u016br\u0105.<\/p>\n<p>\u2022 Specialus violetinis pigmentas neutralizuoja nepageidaujamus geltonus atspalvius ir padeda ilgai i\u0161laikyti sidabrin\u012f atspalv\u012f.<\/p>\n<p>Naudojimas: u\u017etepkite \u0161amp\u016bno ant dr\u0117gn\u0173 plauk\u0173, \u012ftrinkite ir nuplaukite \u0161iltu vandeniu. Jei reikia, pakartokite. Tik i\u0161oriniam naudojimui.<\/p>\n","protected":false},"excerpt":{"rendered":"<p>\u0160velnios formul\u0117s \u0161amp\u016bnas \u0161velniai valo plaukus ir galvos od\u0105. Jis neutralizuoja nepageidaujamus geltonus atspalvius \u0161viesiuose plaukuose, dr\u0117kina, maitina ir atkuria blizges\u012f. Rezultatas: stipr\u016bs, \u017evilgantys ir elastingi plaukai. \u2022 Kolagenas ir kukui rie\u0161ut\u0173 aliejus stiprina plauk\u0173 strukt\u016br\u0105 per vis\u0105 ilg\u012f, dr\u0117kina ir maitina sausus ir l\u016b\u017ein\u0117jan\u010dius plaukus. \u2022 Alyvuogi\u0173 ekstraktas pasi\u017eymi antioksidacin\u0117mis savyb\u0117mis, atkuria stiprum\u0105 ir [&#8230;]\n","protected":false},"featured_media":78413,"template":"","meta":[],"product_cat":[2181],"product_tag":[],"class_list":{"0":"post-77741","1":"product","2":"type-product","3":"status-publish","4":"has-post-thumbnail","6":"product_brand-ecolab_cs-lt","7":"product_cat-bez-kategorijas-lt","9":"first","10":"instock","11":"taxable","12":"shipping-taxable","13":"product-type-simple"},"_links":{"self":[{"href":"https:\/\/e.kosmolat.eu\/lt\/wp-json\/wp\/v2\/product\/77741","targetHints":{"allow":["GET"]}}],"collection":[{"href":"https:\/\/e.kosmolat.eu\/lt\/wp-json\/wp\/v2\/product"}],"about":[{"href":"https:\/\/e.kosmolat.eu\/lt\/wp-json\/wp\/v2\/types\/product"}],"wp:featuredmedia":[{"embeddable":true,"href":"https:\/\/e.kosmolat.eu\/lt\/wp-json\/wp\/v2\/media\/78413"}],"wp:attachment":[{"href":"https:\/\/e.kosmolat.eu\/lt\/wp-json\/wp\/v2\/media?parent=77741"}],"wp:term":[{"taxonomy":"product_cat","embeddable":true,"href":"https:\/\/e.kosmolat.eu\/lt\/wp-json\/wp\/v2\/product_cat?post=77741"},{"taxonomy":"product_tag","embeddable":true,"href":"https:\/\/e.kosmolat.eu\/lt\/wp-json\/wp\/v2\/product_tag?post=77741"}],"curies":[{"name":"wp","href":"https:\/\/api.w.org\/{rel}","templated":true}]}}