{"id":77737,"date":"2025-08-21T13:50:31","date_gmt":"2025-08-21T13:50:31","guid":{"rendered":"https:\/\/e.kosmolat.eu\/product\/organic-mimi-shampoo-anti-frizz-loco-loco-400-ml\/"},"modified":"2026-04-22T09:07:51","modified_gmt":"2026-04-22T09:07:51","slug":"c-organic-mimi-loco-coco-sampuns-pret-matu-pukosanos-400-ml","status":"publish","type":"product","link":"https:\/\/e.kosmolat.eu\/lt\/produktas\/c-organic-mimi-loco-coco-sampuns-pret-matu-pukosanos-400-ml\/","title":{"rendered":"C ORGANIC MIMI Loco-Coco \u0161amp\u016bnas prie\u0161 \u0161iau\u0161im\u0105si, 400 ml"},"content":{"rendered":"<p>\u0160amp\u016bnas garbanotiems ir pasi\u0161iau\u0161usiems plaukams pasi\u017eymi \u0161velnia formule, kuri \u0161velniai valo plaukus ir galvos od\u0105. Jis pa\u0161alina pasi\u0161iau\u0161im\u0105, efektyviai dr\u0117kina ir maitina garbanot\u0173 plauk\u0173 strukt\u016br\u0105, suteikdamas jiems elastingumo, glotnumo ir paklusnumo.<\/p>\n<p>\u2022 Aminor\u016bg\u0161tys dr\u0117kina ir atkuria plauk\u0173 strukt\u016br\u0105, apsaugo nuo galiuk\u0173 skilin\u0117jimo ir padidina j\u0173 elastingum\u0105.<br \/>\nSimondsij\u0173 aliejus stiprina, maitina ir mink\u0161tina plaukus, \u0161alina l\u016b\u017ein\u0117jim\u0105 ir suteikia sveik\u0105 spindes\u012f.<br \/>\n\u2022 Mandarin\u0173 ekstraktas normalizuoja riebal\u0173 gamyb\u0105, daro plaukus lengviau paklusnius ir ma\u017eina \u0161iau\u0161im\u0105si.<\/p>\n<p>Naudojimas: u\u017etepkite \u0161amp\u016bno ant dr\u0117gn\u0173 plauk\u0173, \u012ftrinkite ir nuplaukite \u0161iltu vandeniu. Jei reikia, pakartokite. Tik i\u0161oriniam naudojimui.<\/p>\n","protected":false},"excerpt":{"rendered":"<p>\u0160amp\u016bnas garbanotiems ir pasi\u0161iau\u0161usiems plaukams pasi\u017eymi \u0161velnia formule, kuri \u0161velniai valo plaukus ir galvos od\u0105. Jis pa\u0161alina pasi\u0161iau\u0161im\u0105, efektyviai dr\u0117kina ir maitina garbanot\u0173 plauk\u0173 strukt\u016br\u0105, suteikdamas jiems elastingumo, glotnumo ir paklusnumo. \u2022 Aminor\u016bg\u0161tys dr\u0117kina ir atkuria plauk\u0173 strukt\u016br\u0105, apsaugo nuo galiuk\u0173 skilin\u0117jimo ir padidina j\u0173 elastingum\u0105. Simondsij\u0173 aliejus stiprina, maitina ir mink\u0161tina plaukus, \u0161alina l\u016b\u017ein\u0117jim\u0105 [&#8230;]\n","protected":false},"featured_media":78075,"template":"","meta":[],"product_cat":[2181],"product_tag":[],"class_list":{"0":"post-77737","1":"product","2":"type-product","3":"status-publish","4":"has-post-thumbnail","6":"product_brand-ecolab_cs-lt","7":"product_cat-bez-kategorijas-lt","9":"first","10":"instock","11":"taxable","12":"shipping-taxable","13":"product-type-simple"},"_links":{"self":[{"href":"https:\/\/e.kosmolat.eu\/lt\/wp-json\/wp\/v2\/product\/77737","targetHints":{"allow":["GET"]}}],"collection":[{"href":"https:\/\/e.kosmolat.eu\/lt\/wp-json\/wp\/v2\/product"}],"about":[{"href":"https:\/\/e.kosmolat.eu\/lt\/wp-json\/wp\/v2\/types\/product"}],"wp:featuredmedia":[{"embeddable":true,"href":"https:\/\/e.kosmolat.eu\/lt\/wp-json\/wp\/v2\/media\/78075"}],"wp:attachment":[{"href":"https:\/\/e.kosmolat.eu\/lt\/wp-json\/wp\/v2\/media?parent=77737"}],"wp:term":[{"taxonomy":"product_cat","embeddable":true,"href":"https:\/\/e.kosmolat.eu\/lt\/wp-json\/wp\/v2\/product_cat?post=77737"},{"taxonomy":"product_tag","embeddable":true,"href":"https:\/\/e.kosmolat.eu\/lt\/wp-json\/wp\/v2\/product_tag?post=77737"}],"curies":[{"name":"wp","href":"https:\/\/api.w.org\/{rel}","templated":true}]}}