{"id":77731,"date":"2025-08-21T12:20:47","date_gmt":"2025-08-21T12:20:47","guid":{"rendered":"https:\/\/e.kosmolat.eu\/product\/organic-mimi-super-booster-apjomu-pieskiross-kondic-planiem-mat-400-ml\/"},"modified":"2025-09-22T06:01:16","modified_gmt":"2025-09-22T06:01:16","slug":"organic-mimi-super-booster-apjomu-pieskiross-kondic-planiem-mat-400-ml","status":"publish","type":"product","link":"https:\/\/e.kosmolat.eu\/lt\/produktas\/organic-mimi-super-booster-apjomu-pieskiross-kondic-planiem-mat-400-ml\/","title":{"rendered":"ORGANIC MIMI Super Booster kondicionierius plon\u0173 plauk\u0173 apimties suteikimui, 400 ml"},"content":{"rendered":"<p>Kondicionierius palengvina i\u0161\u0161ukavim\u0105, apsaugo nuo susiv\u0117limo ir pa\u0161alina statin\u0119 elektr\u0105. Suteikia plaukams apimties, mink\u0161tumo ir elastingumo, juos maitina ir stiprina.<\/p>\n<p>Rezultatas: stori, stipr\u016bs ir \u017evilgantys plaukai.<\/p>\n<p>\u2022 Augaliniai baltymai suteikia plaukams storio ir apimties, atkuria strukt\u016br\u0105, padaro juos tankesnius ir elastingesnius.<br \/>\n\u2022 Argan\u0173 aliejus stiprina ir maitina plaukus, apsaugo nuo galvos odos sausumo.<br \/>\n\u2022 Er\u0161k\u0117tuogi\u0173 ekstraktas suteikia plaukams sveik\u0105 blizges\u012f ir \u0161ilkin\u012f \u0161velnum\u0105, tod\u0117l jie tampa glotnesni ir lengviau i\u0161\u0161ukuojami.<\/p>\n<p>Naudojimas: u\u017etepkite kondicionieri\u0173 ant \u0161vari\u0173, dr\u0117gn\u0173 plauk\u0173, palikite 1\u20132 minut\u0117ms, tada nuplaukite \u0161iltu vandeniu. Tik i\u0161oriniam naudojimui.<\/p>\n","protected":false},"excerpt":{"rendered":"<p>Kondicionierius palengvina i\u0161\u0161ukavim\u0105, apsaugo nuo susiv\u0117limo ir pa\u0161alina statin\u0119 elektr\u0105. Suteikia plaukams apimties, mink\u0161tumo ir elastingumo, juos maitina ir stiprina. Rezultatas: stori, stipr\u016bs ir \u017evilgantys plaukai. \u2022 Augaliniai baltymai suteikia plaukams storio ir apimties, atkuria strukt\u016br\u0105, padaro juos tankesnius ir elastingesnius. \u2022 Argan\u0173 aliejus stiprina ir maitina plaukus, apsaugo nuo galvos odos sausumo. \u2022 Er\u0161k\u0117tuogi\u0173 [&#8230;]\n","protected":false},"featured_media":95702,"template":"","meta":[],"product_cat":[1640],"product_tag":[],"class_list":{"0":"post-77731","1":"product","2":"type-product","3":"status-publish","4":"has-post-thumbnail","6":"product_brand-ecolab_cs-lt","7":"product_cat-balzamai","9":"first","10":"outofstock","11":"taxable","12":"shipping-taxable","13":"product-type-simple"},"_links":{"self":[{"href":"https:\/\/e.kosmolat.eu\/lt\/wp-json\/wp\/v2\/product\/77731","targetHints":{"allow":["GET"]}}],"collection":[{"href":"https:\/\/e.kosmolat.eu\/lt\/wp-json\/wp\/v2\/product"}],"about":[{"href":"https:\/\/e.kosmolat.eu\/lt\/wp-json\/wp\/v2\/types\/product"}],"wp:featuredmedia":[{"embeddable":true,"href":"https:\/\/e.kosmolat.eu\/lt\/wp-json\/wp\/v2\/media\/95702"}],"wp:attachment":[{"href":"https:\/\/e.kosmolat.eu\/lt\/wp-json\/wp\/v2\/media?parent=77731"}],"wp:term":[{"taxonomy":"product_cat","embeddable":true,"href":"https:\/\/e.kosmolat.eu\/lt\/wp-json\/wp\/v2\/product_cat?post=77731"},{"taxonomy":"product_tag","embeddable":true,"href":"https:\/\/e.kosmolat.eu\/lt\/wp-json\/wp\/v2\/product_tag?post=77731"}],"curies":[{"name":"wp","href":"https:\/\/api.w.org\/{rel}","templated":true}]}}