{"id":77726,"date":"2025-08-21T12:07:49","date_gmt":"2025-08-21T12:07:49","guid":{"rendered":"https:\/\/e.kosmolat.eu\/product\/organic-mimi-gold-set-atjaunojoss-kondic-bojatiem-matiem-300-ml\/"},"modified":"2025-09-20T08:18:42","modified_gmt":"2025-09-20T08:18:42","slug":"organic-mimi-gold-set-atjaunojoss-kondic-bojatiem-matiem-300-ml","status":"publish","type":"product","link":"https:\/\/e.kosmolat.eu\/lt\/produktas\/organic-mimi-gold-set-atjaunojoss-kondic-bojatiem-matiem-300-ml\/","title":{"rendered":"ORGANIC MIMI Gold Set Atkuriamasis pa\u017eeist\u0173 plauk\u0173 kondicionierius, 300 ml"},"content":{"rendered":"<p>Kondicionierius palengvina i\u0161\u0161ukavim\u0105, apsaugo nuo susiv\u0117limo ir ma\u017eina statin\u012f kr\u016bv\u012f.<\/p>\n<p>\u2022 Keratinas atkuria ir stiprina pa\u017eeist\u0173 ir nusilpusi\u0173 plauk\u0173 strukt\u016br\u0105, gr\u0105\u017eindamas jiems elastingum\u0105 ir blizges\u012f.<br \/>\n\u2022 Kokos\u0173 aliejus ir medviln\u0117s ekstraktas apsaugo nuo plauk\u0173 slinkimo ir skatina plauk\u0173 augim\u0105, tod\u0117l jie tampa glotn\u016bs, \u0161ilkiniai, Giliai dr\u0117kina, maitina ir mink\u0161tina.<\/p>\n<p>Naudojimas: U\u017etepkite kondicionieriaus ant \u0161vari\u0173, dr\u0117gn\u0173 plauk\u0173, palikite 1\u20132 minut\u0117ms, tada nuplaukite \u0161iltu vandeniu. Tik i\u0161oriniam naudojimui.<\/p>\n","protected":false},"excerpt":{"rendered":"<p>Kondicionierius palengvina i\u0161\u0161ukavim\u0105, apsaugo nuo susiv\u0117limo ir ma\u017eina statin\u012f kr\u016bv\u012f. \u2022 Keratinas atkuria ir stiprina pa\u017eeist\u0173 ir nusilpusi\u0173 plauk\u0173 strukt\u016br\u0105, gr\u0105\u017eindamas jiems elastingum\u0105 ir blizges\u012f. \u2022 Kokos\u0173 aliejus ir medviln\u0117s ekstraktas apsaugo nuo plauk\u0173 slinkimo ir skatina plauk\u0173 augim\u0105, tod\u0117l jie tampa glotn\u016bs, \u0161ilkiniai, Giliai dr\u0117kina, maitina ir mink\u0161tina. Naudojimas: U\u017etepkite kondicionieriaus ant \u0161vari\u0173, dr\u0117gn\u0173 [&#8230;]\n","protected":false},"featured_media":78510,"template":"","meta":[],"product_cat":[1640],"product_tag":[],"class_list":{"0":"post-77726","1":"product","2":"type-product","3":"status-publish","4":"has-post-thumbnail","6":"product_brand-ecolab_cs-lt","7":"product_cat-balzamai","9":"first","10":"outofstock","11":"taxable","12":"shipping-taxable","13":"product-type-simple"},"_links":{"self":[{"href":"https:\/\/e.kosmolat.eu\/lt\/wp-json\/wp\/v2\/product\/77726","targetHints":{"allow":["GET"]}}],"collection":[{"href":"https:\/\/e.kosmolat.eu\/lt\/wp-json\/wp\/v2\/product"}],"about":[{"href":"https:\/\/e.kosmolat.eu\/lt\/wp-json\/wp\/v2\/types\/product"}],"wp:featuredmedia":[{"embeddable":true,"href":"https:\/\/e.kosmolat.eu\/lt\/wp-json\/wp\/v2\/media\/78510"}],"wp:attachment":[{"href":"https:\/\/e.kosmolat.eu\/lt\/wp-json\/wp\/v2\/media?parent=77726"}],"wp:term":[{"taxonomy":"product_cat","embeddable":true,"href":"https:\/\/e.kosmolat.eu\/lt\/wp-json\/wp\/v2\/product_cat?post=77726"},{"taxonomy":"product_tag","embeddable":true,"href":"https:\/\/e.kosmolat.eu\/lt\/wp-json\/wp\/v2\/product_tag?post=77726"}],"curies":[{"name":"wp","href":"https:\/\/api.w.org\/{rel}","templated":true}]}}