{"id":77722,"date":"2025-08-21T10:06:30","date_gmt":"2025-08-21T10:06:30","guid":{"rendered":"https:\/\/e.kosmolat.eu\/product\/organic-mimi-shampoo-restoring-gold-set-400-ml\/"},"modified":"2026-04-23T05:58:08","modified_gmt":"2026-04-23T05:58:08","slug":"c-organic-mimi-gold-set-atjaun-samp-bojatiem-matiem-400-ml","status":"publish","type":"product","link":"https:\/\/e.kosmolat.eu\/lt\/produktas\/c-organic-mimi-gold-set-atjaun-samp-bojatiem-matiem-400-ml\/","title":{"rendered":"C ORGANIC MIMI Gold Set Atkuriamasis \u0161amp\u016bnas pa\u017eeistiems plaukams, 400 ml"},"content":{"rendered":"<p>\u0160amp\u016bnas pasi\u017eymi \u0161velnia formule, kuri \u0161velniai valo plaukus ir galvos od\u0105. Jis maitina, dr\u0117kina ir mink\u0161tina pa\u017eeistus plaukus.<\/p>\n<p>Rezultatas \u2013 lyg\u016bs, \u017evilgantys ir sveiki plaukai.<\/p>\n<p>\u2022 Keratinas atkuria ir stiprina pa\u017eeist\u0173 ir nusilpusi\u0173 plauk\u0173 strukt\u016br\u0105, gr\u0105\u017eindamas jiems elastingum\u0105 ir blizges\u012f.<br \/>\nKokos\u0173 aliejus ir medviln\u0117s ekstraktas apsaugo nuo plauk\u0173 slinkimo ir skatina plauk\u0173 augim\u0105, tod\u0117l plaukai tampa glotn\u016bs, \u0161ilkiniai, giliai sudr\u0117kinti, pamaitinti ir mink\u0161ti.<\/p>\n<p>Naudojimas: U\u017etepkite \u0161amp\u016bno ant dr\u0117gn\u0173 plauk\u0173, \u012ftrinkite ir nuplaukite \u0161iltu vandeniu. Jei reikia, pakartokite. Tik i\u0161oriniam naudojimui.<\/p>\n","protected":false},"excerpt":{"rendered":"<p>\u0160amp\u016bnas pasi\u017eymi \u0161velnia formule, kuri \u0161velniai valo plaukus ir galvos od\u0105. Jis maitina, dr\u0117kina ir mink\u0161tina pa\u017eeistus plaukus. Rezultatas \u2013 lyg\u016bs, \u017evilgantys ir sveiki plaukai. \u2022 Keratinas atkuria ir stiprina pa\u017eeist\u0173 ir nusilpusi\u0173 plauk\u0173 strukt\u016br\u0105, gr\u0105\u017eindamas jiems elastingum\u0105 ir blizges\u012f. Kokos\u0173 aliejus ir medviln\u0117s ekstraktas apsaugo nuo plauk\u0173 slinkimo ir skatina plauk\u0173 augim\u0105, tod\u0117l plaukai [&#8230;]\n","protected":false},"featured_media":78506,"template":"","meta":[],"product_cat":[1251],"product_tag":[],"class_list":{"0":"post-77722","1":"product","2":"type-product","3":"status-publish","4":"has-post-thumbnail","6":"product_brand-ecolab_cs-lt","7":"product_cat-sampunai","9":"first","10":"instock","11":"taxable","12":"shipping-taxable","13":"product-type-simple"},"_links":{"self":[{"href":"https:\/\/e.kosmolat.eu\/lt\/wp-json\/wp\/v2\/product\/77722","targetHints":{"allow":["GET"]}}],"collection":[{"href":"https:\/\/e.kosmolat.eu\/lt\/wp-json\/wp\/v2\/product"}],"about":[{"href":"https:\/\/e.kosmolat.eu\/lt\/wp-json\/wp\/v2\/types\/product"}],"wp:featuredmedia":[{"embeddable":true,"href":"https:\/\/e.kosmolat.eu\/lt\/wp-json\/wp\/v2\/media\/78506"}],"wp:attachment":[{"href":"https:\/\/e.kosmolat.eu\/lt\/wp-json\/wp\/v2\/media?parent=77722"}],"wp:term":[{"taxonomy":"product_cat","embeddable":true,"href":"https:\/\/e.kosmolat.eu\/lt\/wp-json\/wp\/v2\/product_cat?post=77722"},{"taxonomy":"product_tag","embeddable":true,"href":"https:\/\/e.kosmolat.eu\/lt\/wp-json\/wp\/v2\/product_tag?post=77722"}],"curies":[{"name":"wp","href":"https:\/\/api.w.org\/{rel}","templated":true}]}}