{"id":77718,"date":"2025-08-21T08:36:30","date_gmt":"2025-08-21T08:36:30","guid":{"rendered":"https:\/\/e.kosmolat.eu\/product\/ua%d0%bc%d0%bf%d1%83%d0%bdu-%d1%82%d0%bc-shik-%d0%b2-%d0%bf%d0%beec%d0%bc%d0%b5s%d0%bd%d0%be%d0%b9-i%d1%83%d1%82ue%d0%ba%d0%b5-%d0%bca%d1%81%d1%81a-%d0%bd%d0%b5%d1%82%d1%82%d0%be-04-%d0%ban-o\/"},"modified":"2026-04-23T05:48:25","modified_gmt":"2026-04-23T05:48:25","slug":"shik-sampuns-skuju-400-g","status":"publish","type":"product","link":"https:\/\/e.kosmolat.eu\/lt\/produktas\/shik-sampuns-skuju-400-g\/","title":{"rendered":"SHIK \u0160amp\u016bnas Spygliuo\u010diai, 400 g"},"content":{"rendered":"<p>\u0160amp\u016bnas sujungia pu\u0161\u0173 ekstrakto gali\u0105 ir moring\u0173 mikroprotein\u0173 energij\u0105, kad b\u016bt\u0173 u\u017etikrinta visapusi\u0161ka plauk\u0173 prie\u017ei\u016bra.<\/p>\n<p>Sud\u0117tyje yra komponent\u0173, kurie prisideda prie:<br \/>\n\u2022 apsaugos nuo laisv\u0173j\u0173 radikal\u0173 ir UV spinduli\u0173 daromos \u017ealos;<br \/>\n\u2022 plauk\u0173 stiprinimo;<br \/>\n\u2022 apsaugos nuo tar\u0161os.<\/p>\n<p>Naudojimas: tepkite ant dr\u0117gn\u0173 plauk\u0173, \u012ftrinkite, nuplaukite vandeniu. Jei reikia, pakartokite. Geriausiems rezultatams pasiekti rekomenduojama \u0161amp\u016bn\u0105 naudoti du kartus: pirm\u0105 kart\u0105 \u2013 ne\u0161varumams pa\u0161alinti, antr\u0105 kart\u0105 \u2013 gilesniam valymui ir aktyvi\u0173j\u0173 komponent\u0173 poveikiui.<\/p>\n<p>Rezultatas: \u0161var\u016bs ir gaiv\u016bs plaukai su maloniu pu\u0161\u0173 aromatu.<br \/>\nAtsargumo priemon\u0117s: Tik i\u0161oriniam naudojimui. Patekus \u012f akis, gausiai praplaukite vandeniu.<\/p>\n<p>Laikymo s\u0105lygos: laikyti +5 \u00b0C\u2013+25 \u00b0C temperat\u016broje, atokiau nuo saul\u0117s spinduli\u0173 ir \u0161ildymo prietais\u0173.<\/p>\n<p>Geriausias: 36 m\u0117nesiai nuo pagaminimo datos.<\/p>\n","protected":false},"excerpt":{"rendered":"<p>\u0160amp\u016bnas sujungia pu\u0161\u0173 ekstrakto gali\u0105 ir moring\u0173 mikroprotein\u0173 energij\u0105, kad b\u016bt\u0173 u\u017etikrinta visapusi\u0161ka plauk\u0173 prie\u017ei\u016bra. Sud\u0117tyje yra komponent\u0173, kurie prisideda prie: \u2022 apsaugos nuo laisv\u0173j\u0173 radikal\u0173 ir UV spinduli\u0173 daromos \u017ealos; \u2022 plauk\u0173 stiprinimo; \u2022 apsaugos nuo tar\u0161os. Naudojimas: tepkite ant dr\u0117gn\u0173 plauk\u0173, \u012ftrinkite, nuplaukite vandeniu. Jei reikia, pakartokite. Geriausiems rezultatams pasiekti rekomenduojama \u0161amp\u016bn\u0105 naudoti [&#8230;]\n","protected":false},"featured_media":96338,"template":"","meta":[],"product_cat":[1251],"product_tag":[],"class_list":{"0":"post-77718","1":"product","2":"type-product","3":"status-publish","4":"has-post-thumbnail","6":"product_brand-slobozanskij-milovar_ua-lt","7":"product_cat-sampunai","9":"first","10":"instock","11":"taxable","12":"shipping-taxable","13":"product-type-simple"},"_links":{"self":[{"href":"https:\/\/e.kosmolat.eu\/lt\/wp-json\/wp\/v2\/product\/77718","targetHints":{"allow":["GET"]}}],"collection":[{"href":"https:\/\/e.kosmolat.eu\/lt\/wp-json\/wp\/v2\/product"}],"about":[{"href":"https:\/\/e.kosmolat.eu\/lt\/wp-json\/wp\/v2\/types\/product"}],"wp:featuredmedia":[{"embeddable":true,"href":"https:\/\/e.kosmolat.eu\/lt\/wp-json\/wp\/v2\/media\/96338"}],"wp:attachment":[{"href":"https:\/\/e.kosmolat.eu\/lt\/wp-json\/wp\/v2\/media?parent=77718"}],"wp:term":[{"taxonomy":"product_cat","embeddable":true,"href":"https:\/\/e.kosmolat.eu\/lt\/wp-json\/wp\/v2\/product_cat?post=77718"},{"taxonomy":"product_tag","embeddable":true,"href":"https:\/\/e.kosmolat.eu\/lt\/wp-json\/wp\/v2\/product_tag?post=77718"}],"curies":[{"name":"wp","href":"https:\/\/api.w.org\/{rel}","templated":true}]}}