{"id":77705,"date":"2025-08-20T07:20:34","date_gmt":"2025-08-20T07:20:34","guid":{"rendered":"https:\/\/e.kosmolat.eu\/product\/organic-mimi-conditioner-strengthening-long-strong-300-ml\/"},"modified":"2026-04-16T10:43:37","modified_gmt":"2026-04-16T10:43:37","slug":"c-organic-mimi-long-strong-stiprin-matu-kondic-trausl-matiem-300-ml","status":"publish","type":"product","link":"https:\/\/e.kosmolat.eu\/lt\/produktas\/c-organic-mimi-long-strong-stiprin-matu-kondic-trausl-matiem-300-ml\/","title":{"rendered":"C ORGANIC MIMI Long Strong stiprinamasis kondicionierius l\u016b\u017ein\u0117jantiems plaukams, 300 ml"},"content":{"rendered":"<p>Kondicionierius palengvina i\u0161\u0161ukavim\u0105, apsaugo nuo susiv\u0117limo ir pa\u0161alina statin\u012f kr\u016bv\u012f. Jis stiprina plauk\u0173 strukt\u016br\u0105, skatina j\u0173 augim\u0105 ir padidina elastingum\u0105.<\/p>\n<p>Rezultatas: plaukai tampa stipr\u016bs, o pa\u017eeisti, l\u016b\u017ein\u0117jantys plaukai atkuriami.<\/p>\n<p>\u2022 Argininas stiprina ir atkuria plauk\u0173 strukt\u016br\u0105, apsaugo nuo plauk\u0173 slinkimo ir atkuria stiprum\u0105 bei atsparum\u0105.<br \/>\n\u2022 Makadamij\u0173 aliejus ir alavijo sultys skatina plauk\u0173 augim\u0105, daro juos glotnius ir mink\u0161tus, dr\u0117kina ir maitina, didina elastingum\u0105 ir suteikia plaukams blizgesio bei spindesio.<\/p>\n<p>Naudojimas: u\u017etepkite kondicionieriaus ant \u0161vari\u0173, dr\u0117gn\u0173 plauk\u0173, palikite 1\u20132 minut\u0117ms, tada nuplaukite \u0161iltu vandeniu. Tik i\u0161oriniam naudojimui.<\/p>\n","protected":false},"excerpt":{"rendered":"<p>Kondicionierius palengvina i\u0161\u0161ukavim\u0105, apsaugo nuo susiv\u0117limo ir pa\u0161alina statin\u012f kr\u016bv\u012f. Jis stiprina plauk\u0173 strukt\u016br\u0105, skatina j\u0173 augim\u0105 ir padidina elastingum\u0105. Rezultatas: plaukai tampa stipr\u016bs, o pa\u017eeisti, l\u016b\u017ein\u0117jantys plaukai atkuriami. \u2022 Argininas stiprina ir atkuria plauk\u0173 strukt\u016br\u0105, apsaugo nuo plauk\u0173 slinkimo ir atkuria stiprum\u0105 bei atsparum\u0105. \u2022 Makadamij\u0173 aliejus ir alavijo sultys skatina plauk\u0173 augim\u0105, daro [&#8230;]\n","protected":false},"featured_media":95698,"template":"","meta":[],"product_cat":[1640],"product_tag":[],"class_list":{"0":"post-77705","1":"product","2":"type-product","3":"status-publish","4":"has-post-thumbnail","6":"product_brand-ecolab_cs-lt","7":"product_cat-balzamai","9":"first","10":"outofstock","11":"taxable","12":"shipping-taxable","13":"product-type-simple"},"_links":{"self":[{"href":"https:\/\/e.kosmolat.eu\/lt\/wp-json\/wp\/v2\/product\/77705","targetHints":{"allow":["GET"]}}],"collection":[{"href":"https:\/\/e.kosmolat.eu\/lt\/wp-json\/wp\/v2\/product"}],"about":[{"href":"https:\/\/e.kosmolat.eu\/lt\/wp-json\/wp\/v2\/types\/product"}],"wp:featuredmedia":[{"embeddable":true,"href":"https:\/\/e.kosmolat.eu\/lt\/wp-json\/wp\/v2\/media\/95698"}],"wp:attachment":[{"href":"https:\/\/e.kosmolat.eu\/lt\/wp-json\/wp\/v2\/media?parent=77705"}],"wp:term":[{"taxonomy":"product_cat","embeddable":true,"href":"https:\/\/e.kosmolat.eu\/lt\/wp-json\/wp\/v2\/product_cat?post=77705"},{"taxonomy":"product_tag","embeddable":true,"href":"https:\/\/e.kosmolat.eu\/lt\/wp-json\/wp\/v2\/product_tag?post=77705"}],"curies":[{"name":"wp","href":"https:\/\/api.w.org\/{rel}","templated":true}]}}