{"id":77697,"date":"2025-08-20T04:03:07","date_gmt":"2025-08-20T04:03:07","guid":{"rendered":"https:\/\/e.kosmolat.eu\/product\/mill-london-velas-mikstinatajs-480-ml\/"},"modified":"2026-04-15T10:50:07","modified_gmt":"2026-04-15T10:50:07","slug":"mill-london-velas-mikstinatajs-480-ml","status":"publish","type":"product","link":"https:\/\/e.kosmolat.eu\/lt\/produktas\/mill-london-velas-mikstinatajs-480-ml\/","title":{"rendered":"MILL LONDON Audini\u0173 mink\u0161tiklis, 480 ml"},"content":{"rendered":"<p>D\u0117l inovatyvios mikrokapsuli\u0173 technologijos audini\u0173 mink\u0161tiklis ne tik suteikia j\u016bs\u0173 drabu\u017eiams ypating\u0105 kvap\u0105, bet ir u\u017etikrina ilgalaik\u012f gaivum\u0105, mink\u0161tum\u0105 ir \u0161velnum\u0105, tuo pa\u010diu apsaugodamas audinius nuo statinio kr\u016bvio. Unikali kvap\u0173 kompozicija su kedr\u0173, pa\u010diuli\u0173 ir pavasario g\u0117li\u0173 natomis apgaubia erdv\u0119 subtilia elegancijos ir lengvumo aura.<\/p>\n<p>Produktas ilgai i\u0161laiko savo poveik\u012f. Geriausiems rezultatams pasiekti naudokite su kiekvienu skalbimu.<\/p>\n<p>Naudojimas:<br \/>\nSkalbiant skalbimo ma\u0161ina: \u012f mink\u0161tiklio skyrel\u012f \u012fpilkite apie 19 ml produkto.<br \/>\nSkalbiant rankomis: prie\u0161 paskutin\u012f skalavim\u0105 \u012f vanden\u012f \u012fpilkite apie 19 ml produkto.<\/p>\n<p>Dermatologi\u0161kai patikrinta.<\/p>\n<p>Geriausias: 3 metai nuo pagaminimo datos.<\/p>\n","protected":false},"excerpt":{"rendered":"<p>D\u0117l inovatyvios mikrokapsuli\u0173 technologijos audini\u0173 mink\u0161tiklis ne tik suteikia j\u016bs\u0173 drabu\u017eiams ypating\u0105 kvap\u0105, bet ir u\u017etikrina ilgalaik\u012f gaivum\u0105, mink\u0161tum\u0105 ir \u0161velnum\u0105, tuo pa\u010diu apsaugodamas audinius nuo statinio kr\u016bvio. Unikali kvap\u0173 kompozicija su kedr\u0173, pa\u010diuli\u0173 ir pavasario g\u0117li\u0173 natomis apgaubia erdv\u0119 subtilia elegancijos ir lengvumo aura. Produktas ilgai i\u0161laiko savo poveik\u012f. Geriausiems rezultatams pasiekti naudokite su [&#8230;]\n","protected":false},"featured_media":96162,"template":"","meta":[],"product_cat":[1712],"product_tag":[],"class_list":{"0":"post-77697","1":"product","2":"type-product","3":"status-publish","4":"has-post-thumbnail","6":"product_brand-madonis_pl-lt","7":"product_cat-audiniu-minkstikliai","9":"first","10":"instock","11":"taxable","12":"shipping-taxable","13":"product-type-simple"},"_links":{"self":[{"href":"https:\/\/e.kosmolat.eu\/lt\/wp-json\/wp\/v2\/product\/77697","targetHints":{"allow":["GET"]}}],"collection":[{"href":"https:\/\/e.kosmolat.eu\/lt\/wp-json\/wp\/v2\/product"}],"about":[{"href":"https:\/\/e.kosmolat.eu\/lt\/wp-json\/wp\/v2\/types\/product"}],"wp:featuredmedia":[{"embeddable":true,"href":"https:\/\/e.kosmolat.eu\/lt\/wp-json\/wp\/v2\/media\/96162"}],"wp:attachment":[{"href":"https:\/\/e.kosmolat.eu\/lt\/wp-json\/wp\/v2\/media?parent=77697"}],"wp:term":[{"taxonomy":"product_cat","embeddable":true,"href":"https:\/\/e.kosmolat.eu\/lt\/wp-json\/wp\/v2\/product_cat?post=77697"},{"taxonomy":"product_tag","embeddable":true,"href":"https:\/\/e.kosmolat.eu\/lt\/wp-json\/wp\/v2\/product_tag?post=77697"}],"curies":[{"name":"wp","href":"https:\/\/api.w.org\/{rel}","templated":true}]}}