{"id":77689,"date":"2025-08-20T04:02:35","date_gmt":"2025-08-20T04:02:35","guid":{"rendered":"https:\/\/e.kosmolat.eu\/product\/mill-paris-velas-mikstinatajs-480-ml\/"},"modified":"2026-04-16T13:46:03","modified_gmt":"2026-04-16T13:46:03","slug":"mill-paris-velas-mikstinatajs-480-ml","status":"publish","type":"product","link":"https:\/\/e.kosmolat.eu\/lt\/produktas\/mill-paris-velas-mikstinatajs-480-ml\/","title":{"rendered":"MILL PARIS Audini\u0173 mink\u0161tiklis, 480 ml"},"content":{"rendered":"<p>D\u0117l inovatyvios mikrokapsuli\u0173 technologijos audini\u0173 mink\u0161tiklis ne tik suteikia j\u016bs\u0173 drabu\u017eiams ypating\u0105 aromat\u0105, bet ir u\u017etikrina ilgalaik\u012f gaivum\u0105, mink\u0161tum\u0105 ir \u0161velnum\u0105, tuo pa\u010diu apsaugodamas audinius nuo statinio kr\u016bvio. Unikali aromat\u0173 kompozicija su ry\u0161kiomis ananas\u0173 ir kokos\u0173 aliejaus natomis panardins jus \u012f saul\u0117t\u0173 vasaros dien\u0173 atmosfer\u0105. Saul\u0117tomis vasaros dienomis ir suteiks tropinio gaivumo poj\u016bt\u012f. Produktas ilgai i\u0161laiko savo poveik\u012f. Geriausiems rezultatams pasiekti naudokite kiekvieno skalbimo metu.<\/p>\n<p>Naudojimas:<br \/>\nSkalbiant skalbimo ma\u0161ina: \u012f mink\u0161tiklio skyrel\u012f \u012fpilkite apie 19 ml produkto.<br \/>\nSkalbiant rankomis: prie\u0161 paskutin\u012f skalavim\u0105 \u012f vanden\u012f \u012fpilkite apie 19 ml produkto.<br \/>\nDermatologi\u0161kai patikrinta.<\/p>\n<p>Geriausias: 3 metai nuo pagaminimo datos.<\/p>\n<p>Sud\u0117tis: ma\u017eiau kaip, 5 %  katijonini\u0173 aktyvi\u0173j\u0173 pavir\u0161inio med\u017eiagos. Kvapai\/ Benzyl Salicylate, Coumarin, Hexamethylindanopyran, Hexyl Cinnamal, Tetramethyl Acetyloctahydronaphthalenes. Konservantai: Methylchloroisothiazolinone\/ Methylisothiazolinone.<\/p>\n<p>EUH208 Sud\u0117tyje yra: 5-chlor-2-metil-2H-izotiazol-3- ono ir 2-metil-2H-izotiazol-3-ono reakcijos mas\u0117 (3:1), 4-(4-hidroksi-4-metilpentil)ciklo-heks-3-en-1-karbaldehidas, 2-(4-tret-butilbenzil)propionaldehidas, benzilsalicilatas, limonenas, linalolis, hexyl cinnamal. Gali sukelti alergin\u0119 reakcij\u0105.<br \/>\nP102 Laikyti vaikams neprieinamoje vietoje<br \/>\nP264 Po naudojimo kruop\u0161\u010diai nuplaukite rankas<br \/>\nP305+P351+P338 PATEKUS \u012e AKIS: Kelias minutes atsargiai plauti vandeniu. I\u0161imti kontaktinius l\u0119\u0161ius, jeigu jie yra ir jeigu lengvai galima tai padaryti. Toliau plauti akis.<br \/>\nP337+P313 Jei aki\u0173 dirginimas nepraeina: kreiptis \u012f gydytoj\u0105<br \/>\nP332+P313 Jeigu sudirginama oda: kreiptis \u012f gydytoj\u0105<\/p>\n","protected":false},"excerpt":{"rendered":"<p>D\u0117l inovatyvios mikrokapsuli\u0173 technologijos audini\u0173 mink\u0161tiklis ne tik suteikia j\u016bs\u0173 drabu\u017eiams ypating\u0105 aromat\u0105, bet ir u\u017etikrina ilgalaik\u012f gaivum\u0105, mink\u0161tum\u0105 ir \u0161velnum\u0105, tuo pa\u010diu apsaugodamas audinius nuo statinio kr\u016bvio. Unikali aromat\u0173 kompozicija su ry\u0161kiomis ananas\u0173 ir kokos\u0173 aliejaus natomis panardins jus \u012f saul\u0117t\u0173 vasaros dien\u0173 atmosfer\u0105. Saul\u0117tomis vasaros dienomis ir suteiks tropinio gaivumo poj\u016bt\u012f. Produktas ilgai [&#8230;]\n","protected":false},"featured_media":96154,"template":"","meta":[],"product_cat":[1712],"product_tag":[],"class_list":{"0":"post-77689","1":"product","2":"type-product","3":"status-publish","4":"has-post-thumbnail","6":"product_brand-madonis_pl-lt","7":"product_cat-audiniu-minkstikliai","9":"first","10":"instock","11":"taxable","12":"shipping-taxable","13":"product-type-simple"},"_links":{"self":[{"href":"https:\/\/e.kosmolat.eu\/lt\/wp-json\/wp\/v2\/product\/77689","targetHints":{"allow":["GET"]}}],"collection":[{"href":"https:\/\/e.kosmolat.eu\/lt\/wp-json\/wp\/v2\/product"}],"about":[{"href":"https:\/\/e.kosmolat.eu\/lt\/wp-json\/wp\/v2\/types\/product"}],"wp:featuredmedia":[{"embeddable":true,"href":"https:\/\/e.kosmolat.eu\/lt\/wp-json\/wp\/v2\/media\/96154"}],"wp:attachment":[{"href":"https:\/\/e.kosmolat.eu\/lt\/wp-json\/wp\/v2\/media?parent=77689"}],"wp:term":[{"taxonomy":"product_cat","embeddable":true,"href":"https:\/\/e.kosmolat.eu\/lt\/wp-json\/wp\/v2\/product_cat?post=77689"},{"taxonomy":"product_tag","embeddable":true,"href":"https:\/\/e.kosmolat.eu\/lt\/wp-json\/wp\/v2\/product_tag?post=77689"}],"curies":[{"name":"wp","href":"https:\/\/api.w.org\/{rel}","templated":true}]}}